{"id":49017,"date":"2018-09-28T11:09:45","date_gmt":"2018-09-28T09:09:45","guid":{"rendered":"https:\/\/www.masteritaly.com\/codice-etico\/"},"modified":"2025-10-08T12:33:25","modified_gmt":"2025-10-08T10:33:25","slug":"codigo-etico","status":"publish","type":"page","link":"https:\/\/www.masteritaly.com\/es\/codigo-etico\/","title":{"rendered":"C\u00f3digo \u00c9tico"},"content":{"rendered":"<p><strong>Modelo de Organizaci\u00f3n, Gesti\u00f3n y Control (ex Decreto Legislativo italiano n.\u00ba 231 de 8 de junio de 2001 )<\/strong><\/p>\n<p>El Decreto Legislativo italiano n.\u00ba 231 de 8 de junio de 2001 \u00abReglamentaci\u00f3n de la responsabilidad administrativa de las personas jur\u00eddicas, de las sociedades y de las asociaciones incluso carentes de personalidad jur\u00eddica, seg\u00fan el art. 11 de la ley n.\u00ba 300 de 29 de septiembre de 2000\u00bb (BOE n.\u00ba140 de 19-6-2001), ha introducido por primera vez en nuestro ordenamiento la<strong> \u00abresponsabilidad de las entidades por infracciones administrativas que constituyen delito<\/strong>\u00bb (que se a\u00f1ade a la de la persona f\u00edsica que materialmente ha cometido la infracci\u00f3n). Seg\u00fan los requisitos del Decreto \u00ab231\u00bb, las entidades podr\u00edan ser sancionadas con una pena pecuniaria y\/o de prohibici\u00f3n, en relaci\u00f3n a determinados presuntos delitos cometidos en su inter\u00e9s o en beneficio de las sociedades por: a) personas que desempe\u00f1an funciones de representaci\u00f3n, de administraci\u00f3n o de direcci\u00f3n de la entidad o de una unidad organizativa dotada de autonom\u00eda financiera y funcional as\u00ed como por personas que ejercen, tambi\u00e9n de hecho, la gesti\u00f3n y el control de la misma; b) por personas sometidas a la direcci\u00f3n o a la supervisi\u00f3n de uno de los sujetos objeto de la letra a).<\/p>\n<p>En cumplimiento de lo previsto en el D.Lgs. n.\u00ba 231\/2001, los administradores del Grupo Master han deliberado la adopci\u00f3n de un\u00a0<b>\u00a0<\/b>\u00a0(a continuaci\u00f3n denominado \u00abModelo\u00bb) adecuado para impedir la perpetraci\u00f3n de los delitos previstos por la normativa mencionada. El Modelo de las Sociedades del Grupo se ha establecido, adem\u00e1s de bas\u00e1ndose en el D.Lgs. n.\u00ba 231\/2001, tambi\u00e9n en funci\u00f3n de las evoluciones jur\u00eddicas y de las Directrices establecidas por las Asociaciones Sectoriales.<\/p>\n<p><strong>EL ORGANISMO DE VIGILANCIA<\/strong><\/p>\n<p>El D.Lgs. n.\u00ba 231\/2001, en el art. 6, p\u00e1rrafo 1, let. b) contempla, entre los requisitos indispensables para la exenci\u00f3n de responsabilidad a ra\u00edz de perpetraci\u00f3n de los delitos, la creaci\u00f3n de un <strong>Organismo de Vigilancia<\/strong> dotado de poderes aut\u00f3nomos de iniciativa y control, con la tarea de velar por el funcionamiento y el cumplimiento del Modelo y encargarse de su actualizaci\u00f3n.<\/p>\n<p>Por lo tanto, las Sociedades del Grupo, en el marco de la adecuaci\u00f3n del propio sistema de organizaci\u00f3n y control a las disposiciones del D.Lgs. n.\u00ba 231\/2001, han procedido a crear un <strong>Organismo de Vigilancia<\/strong>, encargado de velar por la adecuaci\u00f3n y funcionamiento del Modelo.<\/p>\n<p><strong>EL C\u00d3DIGO \u00c9TICO<\/strong><\/p>\n<p>El <strong>C\u00f3digo \u00c9tico<\/strong> es un Anexo fundamental del Modelo.<\/p>\n<p>En el desempe\u00f1o de sus funciones, todos aquellos que act\u00faan, trabajan y colaboran, a cualquier nivel, con las Sociedades del Grupo (empleados, asesores, proveedores y terceros en general) se enfrentan a situaciones que requieren la adopci\u00f3n de comportamientos consistentes bajo diversos perfiles, entre los cuales, los m\u00e1s importantes son el \u00e9tico y el legal.<\/p>\n<p>Todos tienen el deber de mantener y hacer mantener a sus colaboradores y a sus interlocutores un comportamiento conforme a los principios generales de absoluta honestidad, lealtad, buena fe, equilibrio, rectitud y diligencia, as\u00ed como a las obligaciones espec\u00edficas a ra\u00edz de la deontolog\u00eda y, en todo caso, de aquellos principios considerados ineludibles en virtud del contexto y de las finalidades de su propia funci\u00f3n.<\/p>\n<p><strong>El C\u00f3digo \u00c9tico tiene como finalidad la de proporcionar directrices generales de car\u00e1cter \u00e9tico, conductual, a las que atenerse al llevar a cabo las propias actividades, as\u00ed como de contribuir a impedir la perpetraci\u00f3n de los delitos contemplados en el D.Lgs. n.\u00ba 231\/2001.<\/strong><\/p>\n<p><a class=\"button\" href=\"https:\/\/www.masteritaly.com\/wp-content\/uploads\/2025\/10\/CODICE-ETICO_ENG.pdf\">Descarga el c\u00f3digo \u00e9tico<\/a><\/p>\n","protected":false},"excerpt":{"rendered":"<p>Modelo de Organizaci\u00f3n, Gesti\u00f3n y Control (ex Decreto Legislativo italiano n.\u00ba 231 de 8 de junio de 2001 ) El Decreto Legislativo italiano n.\u00ba 231 de 8 de junio de 2001 \u00abReglamentaci\u00f3n de la responsabilidad administrativa de las personas jur\u00eddicas, de las sociedades y de las asociaciones incluso carentes de personalidad jur\u00eddica, seg\u00fan el art. [\u2026]<\/p>\n","protected":false},"author":1,"featured_media":0,"parent":0,"menu_order":0,"comment_status":"closed","ping_status":"closed","template":"","meta":{"_acf_changed":false,"footnotes":""},"class_list":["post-49017","page","type-page","status-publish","hentry"],"acf":[],"aioseo_notices":[],"publishpress_future_action":{"enabled":false,"date":"2026-04-26 16:08:17","action":"change-status","newStatus":"draft","terms":[],"taxonomy":"translation_priority","extraData":[]},"publishpress_future_workflow_manual_trigger":{"enabledWorkflows":[]},"_links":{"self":[{"href":"https:\/\/www.masteritaly.com\/es\/wp-json\/wp\/v2\/pages\/49017","targetHints":{"allow":["GET"]}}],"collection":[{"href":"https:\/\/www.masteritaly.com\/es\/wp-json\/wp\/v2\/pages"}],"about":[{"href":"https:\/\/www.masteritaly.com\/es\/wp-json\/wp\/v2\/types\/page"}],"author":[{"embeddable":true,"href":"https:\/\/www.masteritaly.com\/es\/wp-json\/wp\/v2\/users\/1"}],"replies":[{"embeddable":true,"href":"https:\/\/www.masteritaly.com\/es\/wp-json\/wp\/v2\/comments?post=49017"}],"version-history":[{"count":5,"href":"https:\/\/www.masteritaly.com\/es\/wp-json\/wp\/v2\/pages\/49017\/revisions"}],"predecessor-version":[{"id":232851,"href":"https:\/\/www.masteritaly.com\/es\/wp-json\/wp\/v2\/pages\/49017\/revisions\/232851"}],"wp:attachment":[{"href":"https:\/\/www.masteritaly.com\/es\/wp-json\/wp\/v2\/media?parent=49017"}],"curies":[{"name":"wp","href":"https:\/\/api.w.org\/{rel}","templated":true}]}}