{"id":49062,"date":"2018-10-16T09:58:29","date_gmt":"2018-10-16T07:58:29","guid":{"rendered":"https:\/\/www.masteritaly.com\/linea-italia\/"},"modified":"2021-05-12T13:35:09","modified_gmt":"2021-05-12T11:35:09","slug":"programma-minimal-design","status":"publish","type":"page","link":"https:\/\/www.masteritaly.com\/es\/programma-minimal-design\/","title":{"rendered":"Programa Minimal Design"},"content":{"rendered":"<h3>El Programa MINIMAL DESIGN es la gama completa y modular de manillas y martelinas con dise\u00f1o minimalista.<\/h3>\n<p> <\/p>\n<h3>UN PRODUCTO DE OSCAR:<\/h3>\n<p><strong>Minimal Design<\/strong> fue el ganador del Oscar de la ventana de 2019, reconocimiento de los lectores del sitio web <a href=\"https:\/\/www.guidafinestra.it\/vota-anche-tu-per-oscar-del-serramento\/\">guidafinestra.it<\/a>, el portal en l\u00ednea de <strong>Nuova Finestra, la revista italiana m\u00e1s autorizada y extendida en el sector de ventanas y puertas<\/strong>. El Programa de Dise\u00f1o M\u00ednimo del M\u00e1ster ha obtenido la mayor cantidad de preferencias con respecto a otros 10 productos candidatos en la secci\u00f3n de accesorios para ventanas que se han evaluado en tres aspectos fundamentales: <strong>dise\u00f1o, rendimiento y tecnolog\u00eda.<\/strong><\/p>\n<p> <\/p>\n<p style=\"text-align: center;\"><a class=\"button\" href=\"https:\/\/www.masteritaly.com\/catalogo\/shop\/minimal-design\/\">IR AL CATALOGO\u00a0<\/a><\/p>\n<p> <\/p>\n<p><img loading=\"lazy\" decoding=\"async\" class=\"wp-image-61996 alignleft\" src=\"https:\/\/www.masteritaly.com\/wp-content\/uploads\/2019\/12\/ManiglieMinimal-1-300x223.png\" alt=\"ManiglieMinimal-1-300x223\" width=\"661\" height=\"491\" srcset=\"https:\/\/www.masteritaly.com\/wp-content\/uploads\/2019\/12\/ManiglieMinimal-1-300x223.png 300w, https:\/\/www.masteritaly.com\/wp-content\/uploads\/2019\/12\/ManiglieMinimal-1.png 681w\" sizes=\"auto, (max-width: 661px) 100vw, 661px\" \/><strong>SISTEMA MODULAR<\/strong><\/p>\n<p>Todos los mangos de la L\u00ednea Minimal Design son <strong>intercambiables<\/strong> entre si, lo cual consiente variar f\u00e1cilmente el estilo de los cerramientos, pasando desde el m\u00e1s cl\u00e1sico al m\u00e1s moderno y adaptarse sin dificultad a cualquier ambiente constructivo.<\/p>\n<p><strong>FACILIDAD DE MONTAJE<\/strong><\/p>\n<p>Las manillas del Programa Minimal Design, se <strong>instalan f\u00e1cilmente<\/strong> con la utilizaci\u00f3n de una <strong>\u00fanica herramienta para montaje y desmontaje<\/strong> y son igualmente compatibles con los sistemas de movimentaci\u00f3n Shark y Bing de MASTER.<\/p>\n<p><strong>DISE\u00d1O MODERNO<\/strong><\/p>\n<p>La posibilidad de escoger entre las diversas versiones disponibles y estos <strong>4 nuevos dise\u00f1os<\/strong>, permiten adaptarse f\u00e1cilmente a cualquier ambiente y conservando id\u00e9ntica est\u00e9tica en todos sus cerramientos.<\/p>\n<p> <\/p>\n<p> <\/p>\n<p> <\/p>\n<p><img loading=\"lazy\" decoding=\"async\" class=\"wp-image-61915 alignleft\" src=\"https:\/\/www.masteritaly.com\/wp-content\/uploads\/2019\/12\/post-minimal-design-box-300x173.jpg\" alt=\"post-minimal-design-box-300x173\" width=\"652\" height=\"376\" srcset=\"https:\/\/www.masteritaly.com\/wp-content\/uploads\/2019\/12\/post-minimal-design-box-300x173.jpg 300w, https:\/\/www.masteritaly.com\/wp-content\/uploads\/2019\/12\/post-minimal-design-box-768x443.jpg 768w, https:\/\/www.masteritaly.com\/wp-content\/uploads\/2019\/12\/post-minimal-design-box-1024x591.jpg 1024w, https:\/\/www.masteritaly.com\/wp-content\/uploads\/2019\/12\/post-minimal-design-box.jpg 1963w\" sizes=\"auto, (max-width: 652px) 100vw, 652px\" \/><\/p>\n<p><strong>PROGRAMMA COMPLETO<\/strong><\/p>\n<p>Il Programma Minimal Design prevede:<\/p>\n<p>El programa Minimal Design, est\u00e1 provisto de:<\/p>\n<ul>\n<li>una versi\u00f3n de s\u00f3lo mango con sistema de movimentaci\u00f3n patentado y enganche directo al perfil;<\/li>\n<li>una versi\u00f3n de s\u00f3lo mango de aplicaci\u00f3n universal<\/li>\n<li>una versi\u00f3n con caja de maniobra reducida y fijaci\u00f3n de 43 mm para cuadradillo universal de 7.<\/li>\n<\/ul>\n<p> <\/p>\n<p><a class=\"button\" href=\"https:\/\/www.masteritaly.com\/wp-content\/uploads\/2018\/10\/Linea_Italia_minimal.pdf\" target=\"_blank\" rel=\"noopener\">Descarga la brochure<\/a><\/p>\n<p><a class=\"button\" href=\"https:\/\/www.masteritaly.com\/wp-content\/uploads\/2018\/10\/CatalogoEspositori_Maggio.pdf\" target=\"_blank\" rel=\"noopener\">Cat\u00e1logo de expositores\u00a0<\/a><\/p>\n<p> <\/p>\n","protected":false},"excerpt":{"rendered":"<p>El Programa MINIMAL DESIGN es la gama completa y modular de manillas y martelinas con dise\u00f1o minimalista. UN PRODUCTO DE OSCAR: Minimal Design fue el ganador del Oscar de la ventana de 2019, reconocimiento de los lectores del sitio web guidafinestra.it, el portal en l\u00ednea de Nuova Finestra, la revista italiana m\u00e1s autorizada y extendida [\u2026]<\/p>\n","protected":false},"author":1,"featured_media":0,"parent":0,"menu_order":0,"comment_status":"closed","ping_status":"closed","template":"template-landing-page.php","meta":{"_acf_changed":false,"footnotes":""},"class_list":["post-49062","page","type-page","status-publish","hentry"],"acf":[],"aioseo_notices":[],"publishpress_future_action":{"enabled":false,"date":"2026-04-13 10:47:46","action":"change-status","newStatus":"draft","terms":[],"taxonomy":"translation_priority","extraData":[]},"publishpress_future_workflow_manual_trigger":{"enabledWorkflows":[]},"_links":{"self":[{"href":"https:\/\/www.masteritaly.com\/es\/wp-json\/wp\/v2\/pages\/49062","targetHints":{"allow":["GET"]}}],"collection":[{"href":"https:\/\/www.masteritaly.com\/es\/wp-json\/wp\/v2\/pages"}],"about":[{"href":"https:\/\/www.masteritaly.com\/es\/wp-json\/wp\/v2\/types\/page"}],"author":[{"embeddable":true,"href":"https:\/\/www.masteritaly.com\/es\/wp-json\/wp\/v2\/users\/1"}],"replies":[{"embeddable":true,"href":"https:\/\/www.masteritaly.com\/es\/wp-json\/wp\/v2\/comments?post=49062"}],"version-history":[{"count":25,"href":"https:\/\/www.masteritaly.com\/es\/wp-json\/wp\/v2\/pages\/49062\/revisions"}],"predecessor-version":[{"id":77803,"href":"https:\/\/www.masteritaly.com\/es\/wp-json\/wp\/v2\/pages\/49062\/revisions\/77803"}],"wp:attachment":[{"href":"https:\/\/www.masteritaly.com\/es\/wp-json\/wp\/v2\/media?parent=49062"}],"curies":[{"name":"wp","href":"https:\/\/api.w.org\/{rel}","templated":true}]}}