{"id":49075,"date":"2018-09-18T10:56:09","date_gmt":"2018-09-18T08:56:09","guid":{"rendered":"https:\/\/www.masteritaly.com\/informativa-privacy\/"},"modified":"2019-09-13T13:01:48","modified_gmt":"2019-09-13T11:01:48","slug":"privacy-policy","status":"publish","type":"page","link":"https:\/\/www.masteritaly.com\/es\/privacy-policy\/","title":{"rendered":"Privacy Policy"},"content":{"rendered":"<h1>Pol\u00edtica de Privacidad<\/h1>\n<p>en virtud del art. 13 del Reglamento (UE) 2016\/679<\/p>\n<p> <\/p>\n<p>Estimado cliente y proveedor,<\/p>\n<p>En cumplimiento de lo previsto en el art. 13 del Reglamento Europeo (UE) 2016\/679 (Reglamento general sobre la protecci\u00f3n de las personas f\u00edsicas con respecto al tratamiento de los datos personales, a continuaci\u00f3n \u00abReglamento\u00bb), as\u00ed como en el D. Lgs. 196\/2003 modificado por el D.Lgs. 101\/2018, le comunicamos que los datos personales que nos ha facilitado o que hemos adquirido durante su registro, ser\u00e1n tratados de acuerdo con la normativa vigente y con los principios de equidad, seg\u00fan las condiciones de licitud previstas en el art. 6 del Reglamento, transparencia y protecci\u00f3n de la confidencialidad previstas en el antedicho.<\/p>\n<h4><strong>1\u00a0<\/strong><strong>Titular del tratamiento de los datos personales<\/strong><\/h4>\n<p>El titular del tratamiento de los datos (en adelante \u00abTitular\u00bb), en virtud de los arts. 4 y 26 del Reglamento, es Master Italy S.r.l., con domicilio legal en S.P. 37 Conversano \u2013 Castiglione Km 0,570 \u2013 70014 Conversano (BA) \u2013 Italy \u2013 C.P. 112 (en adelante \u00abMaster Italy\u00bb), que, en el marco de sus prerrogativas, podr\u00e1 recurrir a la colaboraci\u00f3n de responsables del tratamiento y\/o sujetos designados expresamente nombrados, ex art. 2-decimoquaterdecies del D. Lgs. 196\/2003.<\/p>\n<h4><strong>2\u00a0<\/strong><strong>Finalidad del tratamiento de los datos personales<\/strong><\/h4>\n<p>Los datos facilitados al Titular, no incluidos en las categor\u00edas especiales de datos personales ex art. 9 del Reglamento, ser\u00e1n tratados por Master Italy para las siguientes finalidades:<\/p>\n<p>2.a) <em>tr\u00e1mites administrativo-contables relacionados con la actividad econ\u00f3mica de Master Italy<\/em>, o para necesidades precontractuales, por ejemplo, ofertas, tramitaci\u00f3n de pedidos, etc., cumplimiento de obligaciones legales, comunitarias y contractuales, control de riesgos (en particular, fraudes, insolvencias, fiabilidad, etc.), gesti\u00f3n de contenciosos, gesti\u00f3n de instrumentos de pago electr\u00f3nico, gesti\u00f3n de almac\u00e9n y transporte mediante mensajeros externos;<\/p>\n<p>Con referencia a las finalidades de tratamiento enumeradas en el punto 3.a) de la presente nota informativa, el eventual rechazo por parte del interesado a proporcionar los datos solicitados, determinar\u00e1 la imposibilidad de instaurar las relaciones contractuales.<\/p>\n<p>2.b) <em>creaci\u00f3n de perfiles:<\/em> Master Italy a trav\u00e9s del sitio web, la informaci\u00f3n recogida mediante cookies y otras tecnolog\u00edas de trazabilidad presentes en el sitio web y la APP de Master Italy, recoge informaci\u00f3n relativa a sus preferencias, costumbres, estilo de vida, informaci\u00f3n sobre su interacci\u00f3n con Master Italy, as\u00ed como el detalle de las compras realizadas para utilizarlos para la creaci\u00f3n de perfiles de grupo e individuales (llamada <em>\u00abcreaci\u00f3n de perfiles\u00bb<\/em>) y el env\u00edo de comunicaciones y ofertas promocionales personalizadas de productos y\/o servicios.<\/p>\n<p>2.c) <em>marketing operativo y estrat\u00e9gico:<\/em> mantenerles informados mediante el env\u00edo de material promocional incluso personalizado a trav\u00e9s de los boletines informativos peri\u00f3dicos (comunicaciones t\u00e9cnicas, comunicaciones comerciales y promocionales relativas a la actividad desempe\u00f1ada por Master, eventos, acontecimientos, actualizaciones sobre formaci\u00f3n, etc.), mediante investigaciones de mercado, retargeting, Telemarketing, Web Marketing, etc. realizadas por el Titular en su propio inter\u00e9s y en el de las empresas vinculadas al grupo de Master y\/o en inter\u00e9s de sociedades terceras, y tambi\u00e9n directamente a trav\u00e9s de sociedades encargadas por el Titular como responsables del tratamiento, para servicios, ofertas e iniciativas de Master Italy o para hacerle participar en investigaciones de mercado a fin de conocer mejor sus preferencias y poder mejorar nuestra oferta;<\/p>\n<p>2.d) <em>Promover<\/em> las<em> promociones comerciales<\/em> <em>de los socios<\/em>: comunicar sus datos a nuestros socios comerciales que se pondr\u00e1n en contacto con Usted para presentarle sus ofertas, promociones, actualizaciones sobre productos y servicios.<\/p>\n<p>2.e) <em>Medici\u00f3n de la satisfacci\u00f3n del cliente:<\/em> encuestas de su nivel de satisfacci\u00f3n con el fin de mejorar nuestros productos\/servicios.<\/p>\n<h4>3 Modos de recogida de sus datos personales<\/h4>\n<p>Los datos podr\u00e1n ser facilitados por usted cuando se registre cumplimentando el formulario presente en esta p\u00e1gina y\/o en los puntos de venta a trav\u00e9s de formularios impresos y\/o electr\u00f3nicos, ser adquiridos durante visitas a nuestros <em>dealers<\/em> y revendedores, suministrados en ocasi\u00f3n de eventos, ferias y acontecimientos en los que participe el Titular o sean organizados por el Grupo Master, por miembros de la red de venta y posventa de Master Italy o por los socios comerciales de Master Italy o bien facilitados en el curso de su interacci\u00f3n con los sitios web, las aplicaciones de internet y de m\u00f3vil de Master Italy.<\/p>\n<h4>4 Bases jur\u00eddicas de los tratamientos<\/h4>\n<p>En virtud del art. 6, p\u00e1rrafo 1, letra b del Reglamento, la base jur\u00eddica del tratamiento cuya finalidad se indica en 3.a), es el cumplimiento de la relaci\u00f3n contractual instaurada con Usted, a ra\u00edz de la cumplimentaci\u00f3n del formulario online y\/o de la documentaci\u00f3n impresa.<\/p>\n<p>La base jur\u00eddica del tratamiento objeto de los puntos 3.b), 3.c), 3.d), 3.e) es su eventual consentimiento ex art. 6, p\u00e1rrafo 1, letra a, del Reglamento. Podr\u00e1 revocar libremente su consentimiento escribiendo a <a href=\"mailto:privacy@masteritaly.com\">privacy@masteritaly.com<\/a>.<\/p>\n<p>Cabe precisar que, en caso de revocaci\u00f3n del consentimiento, Usted ya no recibir\u00e1 ning\u00fan tipo de comunicaci\u00f3n, con ninguna modalidad. Si lo desea, puede revocar su consentimiento \u00fanicamente para la recepci\u00f3n de comunicaciones mediante instrumentos electr\u00f3nicos (ej. e-mail, SMS, instant messaging), y seguir recibiendo las comunicaciones t\u00e9cnicas y\/o comerciales \u00fanicamente a trav\u00e9s de correo impreso o por tel\u00e9fono con operador, si estos modos est\u00e1n contemplados.<\/p>\n<p>Cabe precisar adem\u00e1s que la aportaci\u00f3n de sus datos personales para las antedichas finalidades de marketing y de creaci\u00f3n de perfiles es opcional y su eventual rechazo no influir\u00e1 en la posibilidad de comprar los productos del grupo Master y de recibir las informaciones, los materiales y los servicios necesarios, incluidos los de servicios posventa.<\/p>\n<h4>5 Modos del tratamiento<\/h4>\n<p>El tratamiento de los datos ser\u00e1 efectuado por el personal y los colaboradores de Master Italy o por las empresas expresamente designadas como responsables del tratamiento (por ejemplo, para las finalidades de creaci\u00f3n de perfiles) con la ayuda de instrumentos inform\u00e1ticos, telem\u00e1ticos y\/o impresos, seg\u00fan l\u00f3gicas estrechamente vinculadas con las finalidades anteriormente indicadas y, en cualquier caso, adoptando los procedimientos y medidas adecuados para proteger su seguridad y confidencialidad.<\/p>\n<h4>6 Plazo de conservaci\u00f3n de los datos<\/h4>\n<p>Master Italy conservar\u00e1 sus datos personales durante el tiempo estrictamente necesario para cumplir las finalidades para las cuales se recogen y para el cumplimiento de las pertinentes obligaciones legales y de reglamento.<\/p>\n<p>Sus datos ser\u00e1n tratados mientras est\u00e9 registrado y\/o durante el tiempo estrictamente necesario para cumplir las finalidades para las cuales se recogen y para el cumplimiento de las pertinentes obligaciones legales y de reglamento. Los datos relativos al detalle de sus compras ser\u00e1n tratados para finalidades de creaci\u00f3n de perfiles y marketing por un per\u00edodo m\u00e1ximo respectivamente de 12 o 24 meses desde el registro de los antedichos. Para las actividades necesarias para la ejecuci\u00f3n de un contrato, los datos se conservar\u00e1n para finalidades administrativo-contables durante diez a\u00f1os a partir de la conclusi\u00f3n del mismo. La conservaci\u00f3n por per\u00edodos m\u00e1s largos ocurre si la autoriza la ley y en caso de defensa de derechos en \u00e1mbito judicial.<\/p>\n<h4><strong>7\u00a0\u00a0<\/strong><strong>\u00c1mbito de transferencia y divulgaci\u00f3n de los datos personales<\/strong><\/h4>\n<p>En cumplimiento de las finalidades citadas en el punto 3 y sin perjuicio de la eventual comunicaci\u00f3n a terceros por obligaciones legales, la empresa podr\u00e1 transferir los datos a pa\u00edses pertenecientes a la Comunidad Europea, a los sujetos que figuran a continuaci\u00f3n:<\/p>\n<ul>\n<li>empresas vinculadas a nuestro Grupo;<\/li>\n<li>nuestro personal, debidamente encomendado e informado;<\/li>\n<li>nuestra red de venta;<\/li>\n<li>nuestro \u00abServicio al cliente\u00bb;<\/li>\n<li>bancos y entidades de cr\u00e9dito;<\/li>\n<li>asesores y profesionales (gesti\u00f3n p\u00e1gina web, archivos inform\u00e1ticos, etc.)<\/li>\n<li>revisores de cuentas;<\/li>\n<li>sociedades y\/o personas f\u00edsicas que nos prestan servicios CED y su mantenimiento;<\/li>\n<li>sociedades que nos prestan los servicios de creaci\u00f3n de perfiles (por ej. Salesforce.com), convenientemente nombradas responsables del tratamiento;<\/li>\n<li>transportistas y mensajeros;<\/li>\n<li>oficinas judiciales, en el marco de investigaciones penales u otros sujetos cuya facultad para acceder a los datos sea reconocida por la ley;<\/li>\n<li>sociedades, entidades y\/o personas f\u00edsicas que realizan actividades relacionadas, instrumentales y\/o de apoyo a las nuestras, o necesarias y\/o funcionales para la ejecuci\u00f3n de los contratos o de los servicios solicitados.<\/li>\n<\/ul>\n<p>Cuando se contemple la transferencia de datos extra-UE o a organizaciones internacionales, el Titular se compromete a aclarar al interesado si existe o no una decisi\u00f3n de adecuaci\u00f3n de la Comisi\u00f3n de la UE, es decir si la Comisi\u00f3n ha decidido que el tercer pa\u00eds, un territorio o uno o varios sectores espec\u00edficos en el interior del pa\u00eds tercero, o la organizaci\u00f3n internacional en cuesti\u00f3n, garantizan un nivel de protecci\u00f3n adecuado. En este caso, la transferencia no requiere autorizaciones espec\u00edficas. En ausencia de lo anterior, deber\u00e1 especificar las garant\u00edas necesarias u oportunas y la indicaci\u00f3n de los medios para obtener una copia de dichos datos o del lugar en donde se han puesto a disposici\u00f3n.<\/p>\n<h4><strong>8\u00a0<\/strong><strong>Derechos de los interesados<\/strong><\/h4>\n<p>Mediante comunicaci\u00f3n dirigida a la direcci\u00f3n e-mail <a href=\"mailto:privacy@masteritaly.com\">privacy@masteritaly.com<\/a>, el interesado tiene el derecho, en cualquier momento, a ejercer los derechos contemplados en el art. 15 y siguientes del Reglamento.<\/p>\n<p>Queda firme su derecho de revocar en cualquier momento el consentimiento al tratamiento eventualmente proporcionado y de oponerse al tratamiento de sus datos, en particular para fines de marketing o de an\u00e1lisis de sus preferencias.<\/p>\n<p>Si lo desea, puede asimismo revocar su consentimiento \u00fanicamente para la recepci\u00f3n de comunicaciones mediante instrumentos inform\u00e1ticos (ej. e-mail, SMS, instant messaging), y seguir recibiendo las comunicaciones t\u00e9cnicas-informativas y\/o comerciales \u00fanicamente a trav\u00e9s de correo impreso o por tel\u00e9fono con operador, si estos modos est\u00e1n contemplados.<\/p>\n<p>Los interesados que consideren que el tratamiento de sus datos personales efectuado a trav\u00e9s de este servicio se realiza violando lo previsto en el Reglamento, tienen el derecho de interponer reclamaci\u00f3n al \u00d3rgano de Tutela de los Datos Personales, como previsto en el art. 77 del Reglamento mismo, o de recurrir a las oportunas sedes judiciales ex art. 79 del Reglamento.<\/p>\n<h4>9 Datos de contacto del OPD.<\/h4>\n<p>El Oficial de Protecci\u00f3n de Datos, designado por el Grupo M\u00e1ster cumpliendo con el art. 37 par. 2 del Reglamento, puede contactarse en la direcci\u00f3n de correo electr\u00f3nico privacy@masteritaly.com.<\/p>\n<h4>10 Ejercicio de los derechos<\/h4>\n<p>Usted puede utilizar las direcciones indicadas anteriormente para acceder a la lista actualizada de nuestros responsables del tratamiento, de los sujetos a los que se han comunicados los datos y para ejercer los derechos previstos en el art de los art\u00edculos 15 a 22 del Reglamento. El interesado deber\u00e1 dirigir su solicitud escrita a la atenci\u00f3n de, en uno de los siguientes modos:<\/p>\n<ul>\n<li>Mediante correo electr\u00f3nico a la direcci\u00f3n:\u00a0<a href=\"mailto:privacy@masteritaly.com\">privacy@masteritaly.com<\/a><\/li>\n<li>Mediante fax al n\u00famero siguiente: +39.080.4959030<\/li>\n<li>Mediante carta certificada a la siguiente direcci\u00f3n: SP 37 Conversano-Castiglione Km 0,700 \u2013 70014 Conversano (Bari) \u2013 Italy<\/li>\n<\/ul>\n<h4>10 Cancelaci\u00f3n del servicio de bolet\u00edn informativo<\/h4>\n<p>Si usted no desea seguir recibiendo nuestro bolet\u00edn informativo, puede enviar una comunicaci\u00f3n a la direcci\u00f3n e-mail\u00a0 <span class=\"s1\"><a href=\"mailto:%20sitoweb@masteritaly.com\">marketing@masteritaly.com<\/a><\/span> \u00a0 specificando en el asunto <em>\u00abCancelaci\u00f3n suscripci\u00f3n al bolet\u00edn informativo\u00bb<\/em>.<\/p>\n<h2>Nota Informativa sobre el uso de las cookies<\/h2>\n<p><a class=\"button\" href=\"https:\/\/www.masteritaly.com\/informativa-cookies\/\">leer la nota informativa<\/a><\/p>\n","protected":false},"excerpt":{"rendered":"<p>Pol\u00edtica de Privacidad en virtud del art. 13 del Reglamento (UE) 2016\/679 Estimado cliente y proveedor, En cumplimiento de lo previsto en el art. 13 del Reglamento Europeo (UE) 2016\/679 (Reglamento general sobre la protecci\u00f3n de las personas f\u00edsicas con respecto al tratamiento de los datos personales, a continuaci\u00f3n \u00abReglamento\u00bb), as\u00ed como en el D. [\u2026]<\/p>\n","protected":false},"author":1,"featured_media":0,"parent":0,"menu_order":0,"comment_status":"closed","ping_status":"closed","template":"","meta":{"_acf_changed":false,"footnotes":""},"class_list":["post-49075","page","type-page","status-publish","hentry"],"acf":[],"aioseo_notices":[],"publishpress_future_action":{"enabled":false,"date":"2026-04-17 18:20:46","action":"change-status","newStatus":"draft","terms":[],"taxonomy":"translation_priority","extraData":[]},"publishpress_future_workflow_manual_trigger":{"enabledWorkflows":[]},"_links":{"self":[{"href":"https:\/\/www.masteritaly.com\/es\/wp-json\/wp\/v2\/pages\/49075","targetHints":{"allow":["GET"]}}],"collection":[{"href":"https:\/\/www.masteritaly.com\/es\/wp-json\/wp\/v2\/pages"}],"about":[{"href":"https:\/\/www.masteritaly.com\/es\/wp-json\/wp\/v2\/types\/page"}],"author":[{"embeddable":true,"href":"https:\/\/www.masteritaly.com\/es\/wp-json\/wp\/v2\/users\/1"}],"replies":[{"embeddable":true,"href":"https:\/\/www.masteritaly.com\/es\/wp-json\/wp\/v2\/comments?post=49075"}],"version-history":[{"count":7,"href":"https:\/\/www.masteritaly.com\/es\/wp-json\/wp\/v2\/pages\/49075\/revisions"}],"predecessor-version":[{"id":59490,"href":"https:\/\/www.masteritaly.com\/es\/wp-json\/wp\/v2\/pages\/49075\/revisions\/59490"}],"wp:attachment":[{"href":"https:\/\/www.masteritaly.com\/es\/wp-json\/wp\/v2\/media?parent=49075"}],"curies":[{"name":"wp","href":"https:\/\/api.w.org\/{rel}","templated":true}]}}