{"id":49080,"date":"2018-10-16T11:23:53","date_gmt":"2018-10-16T09:23:53","guid":{"rendered":"https:\/\/www.masteritaly.com\/programma-ween\/"},"modified":"2022-04-11T15:12:49","modified_gmt":"2022-04-11T13:12:49","slug":"programa-ween","status":"publish","type":"page","link":"https:\/\/www.masteritaly.com\/es\/programa-ween\/","title":{"rendered":"Programa Ween"},"content":{"rendered":"<p>La introducci\u00f3n de una\u00a0<strong>gama modular y completa, el incremento de la capacidad,\u00a0la simplicidad y la intuici\u00f3n de montaje, su pronunciado car\u00e1cter \u201cgreen\u201d<\/strong>,hacen de Ween la respuesta a las principales exigencias que hoy en d\u00eda requieren los mercados de las puertas y ventanas y del dise\u00f1o, teniendo que confrontarse siempre m\u00e1s con la demanda de superficies de vidrio muy amplias y de elevadas performancias energ\u00e9ticas.<\/p>\n<p><strong>El nombre Ween, re\u00fane dos palabras, Windows y Green en un solo concepto de producto,<\/strong> porque Master prosigue su copromiso verde, firmando el acuerdo voluntario con el <strong>Ministerio de la Transici\u00f3n Ecol\u00f3gica<\/strong>\u00a0donde se compromete, como primera empresa del sector de accesorios para puertas y ventanas, a definir una metodolog\u00eda de c\u00e1lculo de las emisiones de CO2 para poder idear y aprestar acciones de mejora y de reducci\u00f3n en la producci\u00f3n de sus componentes.<\/p>\n<p><strong>Intuici\u00f3n, acabado de gama y \u00e9tica<\/strong>\u00a0son pues los ingredientes principales que subrayan el gran dise\u00f1o y pasi\u00f3n que est\u00e1n detr\u00e1s de este producto.<\/p>\n<p> <\/p>\n<h3>Por qu\u00e9 escoger Ween<\/h3>\n<hr \/>\n<p><strong>Simple e intuitiva<\/strong><\/p>\n<ol>\n<li>Montaje asistido con plantillas de referencia;<\/li>\n<li>Kit de cierre suplementario aplicable en la Obra sin desarmar la hoja;<\/li>\n<li>Montaje y regulaciones actuables con solo dos utensilios;<\/li>\n<li>Bisagra inferior con tres regulaciones independientes: altura +\/- 2 mm; fuga +\/-1 mm presi\u00f3n \u2013 0,5 mm;<\/li>\n<li>Brazo con regulaci\u00f3n en presi\u00f3n (accesible con cerramiento en posici\u00f3n batiente\/basculante);<\/li>\n<li>Regulaci\u00f3n en presi\u00f3n (+\/- 2,5 mm) por medio de topes regulables.<\/li>\n<\/ol>\n<p><strong>Compacta y resistente<\/strong><\/p>\n<ol>\n<li>Capacidad 160 kg aplicando un solo tornillo suplementario en la bisagra superior;<\/li>\n<li>Capacidad 100 kg sin la aplicaci\u00f3n del tornillo suplementario;<\/li>\n<li>Tres puntos de cierre est\u00e1ndar en el lado falleba;<\/li>\n<li>Certificaci\u00f3n en conformidad con la normativa UNI EN 13126-8:2006;<\/li>\n<li>Sost\u00e9n con rodillo de lat\u00f3n de serie.<\/li>\n<\/ol>\n<p><strong>Gama completa y modular<\/strong><\/p>\n<ol>\n<li>Utilizable con falleba y piquetilla, en las versiones con y sin llave;<\/li>\n<li>Disponible en las versiones maniobra l\u00f3gica y tradicional, con anti-falsa maniobra superior: en la falleba y en el dispositivo monodireccional;<\/li>\n<li>Bajo n\u00famero de art\u00edculos para satisfacer una amplia gama de exigencias de realizaci\u00f3n;<\/li>\n<li>Kit de cierre suplementario \u00fanico por lado bisagras y travesa\u00f1o horizontal;<\/li>\n<li>Posibilidad de aplicaci\u00f3n del brazo suplementario por L>1200 mm;<\/li>\n<li>Posibilidad de adaptaci\u00f3n en umbrales rebajados para el abatimiento de las barreras arquitect\u00f3nicas;<\/li>\n<li>Los accesorios para la hoja al lado permiten las mismas regulaciones que el Kit A\/R;<\/li>\n<li>Bisagras sim\u00e9tricas;<\/li>\n<li>Adaptable a todas las versiones de c\u00e1maras europeas de sobreposici\u00f3n en el mercado.<\/li>\n<\/ol>\n<p><strong>\u00c9tica y green<\/strong><\/p>\n<ol>\n<li>Est\u00e1 sometida a la monitorizaci\u00f3n del impacto ambiental a lo largo de todo su ciclo de vida (LCA);<\/li>\n<li>Participa en el acuerdo con el Ministerio de la Transici\u00f3n Ecol\u00f3gica para reducir la huella ambiental.<\/li>\n<\/ol>\n<p><a class=\"button\" href=\"https:\/\/www.masteritaly.com\/wp-content\/uploads\/2022\/03\/PROGRAMMA-WEEN-2022_rev_25_03.pdf\" target=\"_blank\" rel=\"noopener\">Descargar el folleto<\/a><\/p>\n<p><a class=\"button\" href=\"https:\/\/www.masteritaly.com\/catalogo\/es\/shop\/ween\/\">IR AL CATALOGO<\/a><\/p>\n<p> <\/p>\n<hr \/>\n<h4>WEEN HIDE 110: El nuevo programa con bisagras abatibles y apertura a 110\u00b0<\/h4>\n<p>WEEN HIDE 110 ha sido dise\u00f1ado para sostener hasta 120 kg con apertura a 110\u00b0 y es posible llegar hasta 150 kg con el sost\u00e9n adecuado. F\u00e1cil y r\u00e1pido de ensamblar gracias al sistema de montaje r\u00e1bido y a la bisagra multi-link que permite la regulaci\u00f3n 3D.<\/p>\n<p><a class=\"button\" href=\"https:\/\/www.masteritaly.com\/wp-content\/uploads\/2018\/10\/Ween_Hide_110.pdf\" target=\"_blank\" rel=\"noopener\">Descargar el folleto<\/a><\/p>\n<p><a class=\"button\" href=\"https:\/\/www.masteritaly.com\/catalogo\/es\/shop\/ween-hide-110\/\">IR AL CATALOGO<\/a><\/p>\n<hr \/>\n<h4>WEEN HIDE 180: El nuevo programa con bisagras abatibles y apertura a 180\u00b0<\/h4>\n<p>WEEN HIDE 180 ha sido dise\u00f1ado para sostener hasta 130 kg con apertura a 180\u00b0 y es posible llegar hasta 170 kg con \u00e1ngulo de apertura a 90\u00b0. F\u00e1cil y r\u00e1pido de ensamblar gracias al sistema de montaje r\u00e1pido y a la bisagra multi-link que permite la regulaci\u00f3n 3D.<\/p>\n<p><a class=\"button\" href=\"https:\/\/www.masteritaly.com\/wp-content\/uploads\/2022\/04\/WH180_NEW_WEB.pdf\" target=\"_blank\" rel=\"noopener\">Descargar el folleto<\/a><\/p>\n<p><a class=\"button\" href=\"https:\/\/www.masteritaly.com\/catalogo\/es\/shop\/ween-hide-180\/\">IR AL CATALOGO<\/a><\/p>\n","protected":false},"excerpt":{"rendered":"<p>La introducci\u00f3n de una\u00a0gama modular y completa, el incremento de la capacidad,\u00a0la simplicidad y la intuici\u00f3n de montaje, su pronunciado car\u00e1cter \u201cgreen\u201d,hacen de Ween la respuesta a las principales exigencias que hoy en d\u00eda requieren los mercados de las puertas y ventanas y del dise\u00f1o, teniendo que confrontarse siempre m\u00e1s con la demanda de superficies [\u2026]<\/p>\n","protected":false},"author":1,"featured_media":0,"parent":0,"menu_order":0,"comment_status":"closed","ping_status":"closed","template":"template-landing-page.php","meta":{"_acf_changed":false,"footnotes":""},"class_list":["post-49080","page","type-page","status-publish","hentry"],"acf":[],"aioseo_notices":[],"publishpress_future_action":{"enabled":false,"date":"2026-04-19 20:45:37","action":"change-status","newStatus":"draft","terms":[],"taxonomy":"translation_priority","extraData":[]},"publishpress_future_workflow_manual_trigger":{"enabledWorkflows":[]},"_links":{"self":[{"href":"https:\/\/www.masteritaly.com\/es\/wp-json\/wp\/v2\/pages\/49080","targetHints":{"allow":["GET"]}}],"collection":[{"href":"https:\/\/www.masteritaly.com\/es\/wp-json\/wp\/v2\/pages"}],"about":[{"href":"https:\/\/www.masteritaly.com\/es\/wp-json\/wp\/v2\/types\/page"}],"author":[{"embeddable":true,"href":"https:\/\/www.masteritaly.com\/es\/wp-json\/wp\/v2\/users\/1"}],"replies":[{"embeddable":true,"href":"https:\/\/www.masteritaly.com\/es\/wp-json\/wp\/v2\/comments?post=49080"}],"version-history":[{"count":12,"href":"https:\/\/www.masteritaly.com\/es\/wp-json\/wp\/v2\/pages\/49080\/revisions"}],"predecessor-version":[{"id":51575,"href":"https:\/\/www.masteritaly.com\/es\/wp-json\/wp\/v2\/pages\/49080\/revisions\/51575"}],"wp:attachment":[{"href":"https:\/\/www.masteritaly.com\/es\/wp-json\/wp\/v2\/media?parent=49080"}],"curies":[{"name":"wp","href":"https:\/\/api.w.org\/{rel}","templated":true}]}}