{"id":49103,"date":"2018-10-15T17:12:31","date_gmt":"2018-10-15T15:12:31","guid":{"rendered":"https:\/\/www.masteritaly.com\/tuttavista\/"},"modified":"2021-05-12T13:35:15","modified_gmt":"2021-05-12T11:35:15","slug":"tuttavista","status":"publish","type":"page","link":"https:\/\/www.masteritaly.com\/es\/tuttavista\/","title":{"rendered":"Tuttavista"},"content":{"rendered":"<p>Grandes luces y visibilidad total son las caracter\u00edsticas del nuevo TUTTAVISTA, el programa para sistemas de corredera.<\/p>\n<p>Los accesorios del programa TUTTAVISTA han sido dise\u00f1ados para mover sistemas de corredera minimales, donde el vidrio es el protagonista del espacio entre el interior y el exterior. El bastidor perimetral puede estar completamente escondido en la mamposter\u00eda, la hoja se reduce a un simple marco del vidrio con un espesor a la vista de solo 10 mm.<\/p>\n<p>TUTTAVISTA abre espacios hasta 4 metros de altura satisfaciendo todas las normas corrientes y los m\u00e1s elevados est\u00e1ndares constructivos, adem\u00e1s es posible combinar el sistema con un actuador que permite la apertura motorizada de la puerta.<\/p>\n<p>TUTTAVISTA abre espacios hasta 4 metros de altura satisfaciendo todas las normas corrientes y los m\u00e1s elevados est\u00e1ndares constructivos, adem\u00e1s es posible combinar el sistema con un actuador que permite la apertura motorizada de la puerta.<\/p>\n<p>La durabilidad del aluminio garantiza la estabilidad en el tiempo y la casi absoluta ausencia de mantenimiento.<\/p>\n<p> <\/p>\n<h4>TIPOS DE APERTURA<\/h4>\n<p><img loading=\"lazy\" decoding=\"async\" class=\"alignnone wp-image-47483\" src=\"https:\/\/www.masteritaly.com\/wp-content\/uploads\/2018\/12\/aperture-tuttavista_en.jpg\" alt=\"aperture-tuttavista_en\" width=\"937\" height=\"187\"  \/><\/p>\n<p> <\/p>\n<p><a class=\"button\" href=\"https:\/\/www.masteritaly.com\/wp-content\/uploads\/2018\/10\/Master-TUTTAVISTA-ITA-ENG_def.pdf\" target=\"_blank\" rel=\"noopener\">descargar el folleto<\/a><\/p>\n","protected":false},"excerpt":{"rendered":"<p>Grandes luces y visibilidad total son las caracter\u00edsticas del nuevo TUTTAVISTA, el programa para sistemas de corredera. Los accesorios del programa TUTTAVISTA han sido dise\u00f1ados para mover sistemas de corredera minimales, donde el vidrio es el protagonista del espacio entre el interior y el exterior. El bastidor perimetral puede estar completamente escondido en la mamposter\u00eda, [\u2026]<\/p>\n","protected":false},"author":1,"featured_media":0,"parent":0,"menu_order":0,"comment_status":"closed","ping_status":"closed","template":"template-landing-page.php","meta":{"_acf_changed":false,"footnotes":""},"class_list":["post-49103","page","type-page","status-publish","hentry"],"acf":[],"aioseo_notices":[],"publishpress_future_action":{"enabled":false,"date":"2026-04-21 14:18:23","action":"change-status","newStatus":"draft","terms":[],"taxonomy":"translation_priority","extraData":[]},"publishpress_future_workflow_manual_trigger":{"enabledWorkflows":[]},"_links":{"self":[{"href":"https:\/\/www.masteritaly.com\/es\/wp-json\/wp\/v2\/pages\/49103","targetHints":{"allow":["GET"]}}],"collection":[{"href":"https:\/\/www.masteritaly.com\/es\/wp-json\/wp\/v2\/pages"}],"about":[{"href":"https:\/\/www.masteritaly.com\/es\/wp-json\/wp\/v2\/types\/page"}],"author":[{"embeddable":true,"href":"https:\/\/www.masteritaly.com\/es\/wp-json\/wp\/v2\/users\/1"}],"replies":[{"embeddable":true,"href":"https:\/\/www.masteritaly.com\/es\/wp-json\/wp\/v2\/comments?post=49103"}],"version-history":[{"count":4,"href":"https:\/\/www.masteritaly.com\/es\/wp-json\/wp\/v2\/pages\/49103\/revisions"}],"predecessor-version":[{"id":77807,"href":"https:\/\/www.masteritaly.com\/es\/wp-json\/wp\/v2\/pages\/49103\/revisions\/77807"}],"wp:attachment":[{"href":"https:\/\/www.masteritaly.com\/es\/wp-json\/wp\/v2\/media?parent=49103"}],"curies":[{"name":"wp","href":"https:\/\/api.w.org\/{rel}","templated":true}]}}