{"id":49106,"date":"2018-10-15T18:03:53","date_gmt":"2018-10-15T16:03:53","guid":{"rendered":"https:\/\/www.masteritaly.com\/wicloud\/"},"modified":"2021-05-06T13:41:33","modified_gmt":"2021-05-06T11:41:33","slug":"wicloud","status":"publish","type":"page","link":"https:\/\/www.masteritaly.com\/es\/wicloud\/","title":{"rendered":"WiCloud"},"content":{"rendered":"<p>La ventana del futuro ser\u00e1 aqu\u00e9lla en condiciones de combinar elevadas caracter\u00edsticas de prestaci\u00f3n y de seguridad, a un nivel de automaci\u00f3n y de design que nos haga pensar cada vez m\u00e1s en una ventana inteligente y accesible.<\/p>\n<p>Master presenta \u201cWiCloud \u2013 Window Interactive Control\u201d el dispositivo patentado, inteligente e invisible para la automaci\u00f3n de la ventana. Adem\u00e1s puede integrarse con todos los dispositivos modernos de home automation disponibles en el mercado.<\/p>\n<p> <\/p>\n<h3><strong>WICLOUD LINE<\/strong><\/h3>\n<hr \/>\n<p><strong>Para la apertura motorizada abatible o proyectante, se acciona con bot\u00f3n.<\/strong><\/p>\n<p>Versi\u00f3n b\u00e1sica con mecanismo patentado y universal de enganche \/desenganche. Permite la apertura motorizada abatible o proyectante y se acciona con bot\u00f3n.<\/p>\n<p><strong>Para la apertura motorizada abatible o proyectante con mando a distancia<\/strong><\/p>\n<p>Versi\u00f3n con mando a distancia, ofrece la posibilidad de realizar apertura motorizada abatible o proyectante y de accionar diferentes ventanas o grupos<br \/>\nde ventanas con el mismo mando a distancia.<\/p>\n<p><strong>Kit con el motor WiCloud y la electocerradura\u00ec mec\u00e1nica WiLock.<\/strong><\/p>\n<p>El kit incluye el Actuador que se combina con la cerradura electromec\u00e1nica para mover los puntos de cierre. A seg\u00fan del tama\u00f1o de la ventana se puede instalar<br \/>\nen el perfil superior (abatible) o inferior (proyectante) si no hay espacio suficiente en la secci\u00f3n lateral. Por lo contrario se monta en el perfil lateral.<\/p>\n<p><strong>El kit oscilo batiente que se puede accionar a distancia con el mando a\u00a0<\/strong><strong>distancia o mediante la integraci\u00f3n con dispositivos de dom\u00f3tica con\u00a0<\/strong><strong>diferentes tipos de mandos (sms o control de tiempo).\u00f9<\/strong><\/p>\n<p>WiCloud A\/R combina todas las caracter\u00edsticas de funcionamiento<br \/>\ny de seguridad del oscilo \u201cDuepuntozero\u201d conlas nuevas posibilidades que ofrece<br \/>\nla tecnolog\u00eda. En el sistema se pueden instalar todos los puntos<br \/>\ne cierre del oscilo obteniendo as\u00ed un alto rendimiento en las pruebas<br \/>\nde permeabilidad (aire, agua, viento) para el marcado CE.<br \/>\nApertura con mando a distancia o con bot\u00f3n.<\/p>\n<p> <\/p>\n<h3><strong>INVISIBLE \u2013 UNIVERSAL \u2013 SEGURO \u2013 EXCELENTE RENDIMENTO \u2013 PROGRAMMABLE<\/strong><\/h3>\n<p>WiCloud y la electrocerradura mec\u00e1nica WiLock se colocan en la secci\u00f3n del<br \/>\nmarco, pu\u00e9s se necesitan ventanas con una secci\u00f3n tubular de tama\u00f1o m\u00ednimo de 29 mm. WiCloud se puede instalar f\u00e1cilmente sin la ayuda de un experto en sistemas de dom\u00f3tica.<\/p>\n<p>El sistema es pr\u00e1cticamente universal, ya que tiene un mecanismo patentado de<br \/>\nenganche \/ desenganche, adaptable para ventanas de madera.<\/p>\n<p>Todas las versiones est\u00e1n equipadas con un mecanismo de desenganche r\u00e1pido que permite la apertura de emergencia de la ventana<\/p>\n<p>WiLock, la electro-cerradura mec\u00e1nica (incluidas en las versiones Lock y Oscilo) se utiliza para mover el herraje en todo el per\u00edmetro del marco y permite de<br \/>\naccionar los puntos de cierre.<\/p>\n<p>Usted puede programar el mecanismo para la apertura de ciclos y la hora de cierre a fin de permitir la circulaci\u00f3n del aire.<\/p>\n<p> <\/p>\n<p><a class=\"button\" href=\"https:\/\/www.masteritaly.com\/wp-content\/uploads\/2018\/10\/WiCloudWEB-1.pdf\" target=\"_blank\" rel=\"noopener\">descargar el folleto<\/a><\/p>\n<p><a class=\"button\" href=\"https:\/\/www.masteritaly.com\/catalogo\/es\/shop\/wicloud\/\">IR AL CATALOGO<\/a><\/p>\n","protected":false},"excerpt":{"rendered":"<p>La ventana del futuro ser\u00e1 aqu\u00e9lla en condiciones de combinar elevadas caracter\u00edsticas de prestaci\u00f3n y de seguridad, a un nivel de automaci\u00f3n y de design que nos haga pensar cada vez m\u00e1s en una ventana inteligente y accesible. Master presenta \u201cWiCloud \u2013 Window Interactive Control\u201d el dispositivo patentado, inteligente e invisible para la automaci\u00f3n de [\u2026]<\/p>\n","protected":false},"author":1,"featured_media":0,"parent":0,"menu_order":0,"comment_status":"closed","ping_status":"closed","template":"template-landing-page.php","meta":{"_acf_changed":false,"footnotes":""},"class_list":["post-49106","page","type-page","status-publish","hentry"],"acf":[],"aioseo_notices":[],"publishpress_future_action":{"enabled":false,"date":"2026-05-09 19:03:27","action":"change-status","newStatus":"draft","terms":[],"taxonomy":"translation_priority","extraData":[]},"publishpress_future_workflow_manual_trigger":{"enabledWorkflows":[]},"_links":{"self":[{"href":"https:\/\/www.masteritaly.com\/es\/wp-json\/wp\/v2\/pages\/49106","targetHints":{"allow":["GET"]}}],"collection":[{"href":"https:\/\/www.masteritaly.com\/es\/wp-json\/wp\/v2\/pages"}],"about":[{"href":"https:\/\/www.masteritaly.com\/es\/wp-json\/wp\/v2\/types\/page"}],"author":[{"embeddable":true,"href":"https:\/\/www.masteritaly.com\/es\/wp-json\/wp\/v2\/users\/1"}],"replies":[{"embeddable":true,"href":"https:\/\/www.masteritaly.com\/es\/wp-json\/wp\/v2\/comments?post=49106"}],"version-history":[{"count":7,"href":"https:\/\/www.masteritaly.com\/es\/wp-json\/wp\/v2\/pages\/49106\/revisions"}],"predecessor-version":[{"id":77581,"href":"https:\/\/www.masteritaly.com\/es\/wp-json\/wp\/v2\/pages\/49106\/revisions\/77581"}],"wp:attachment":[{"href":"https:\/\/www.masteritaly.com\/es\/wp-json\/wp\/v2\/media?parent=49106"}],"curies":[{"name":"wp","href":"https:\/\/api.w.org\/{rel}","templated":true}]}}