{"id":58389,"date":"2019-08-08T16:08:30","date_gmt":"2019-08-08T14:08:30","guid":{"rendered":"https:\/\/www.masteritaly.com\/?page_id=58389"},"modified":"2021-05-06T13:34:31","modified_gmt":"2021-05-06T11:34:31","slug":"punzonadora-manual-para-cortar-barras-de-conexion-de-poliamida","status":"publish","type":"page","link":"https:\/\/www.masteritaly.com\/es\/punzonadora-manual-para-cortar-barras-de-conexion-de-poliamida\/","title":{"rendered":"Punzonadora manual para cortar barras de conexi\u00f3n de poliamida"},"content":{"rendered":"<p>La nueva punzonadora manual para cortar barras de poliamida permite que todas las operaciones necesarias para preparar las barras para los sistemas oscilo batiente Master se realicen de forma sencilla e intuitiva. De hecho, la innovadora varilla m\u00e9trica de 6 posiciones permite cortar las varillas A \/ R de manera simplificada insertando solo la posici\u00f3n hoja \/ altura hoja \/ posici\u00f3n mango.<\/p>\n<p>La m\u00e1quina funciona indistintamente en la barra CE o R40 y es compatible con todos los sistemas Master de inclinaci\u00f3n y giro gracias a las subastas m\u00e9tricas dedicadas para:<\/p>\n<ul>\n<li>Programa WEEN CE (Art. 2015.2);<\/li>\n<li>Programa WEEN R40 (Art. 2015.3);<\/li>\n<li>Anta ribalta 2.0 (Art. . 2015.4).<\/li>\n<\/ul>\n<h4><\/h4>\n<h4>Caracter\u00edsticas:<\/h4>\n<p> <\/p>\n<ul>\n<li>Varilla m\u00e9trica de 6 posiciones<\/li>\n<li>Portarrollos compatible con la barra CE o R40 Master (2010.1\/2010.2)<\/li>\n<li>Posibilidad de cortar barras de conexi\u00f3n para O\/B con maneta e O\/B con bisagras ocultas (con moldes especiales)<\/li>\n<li>Unidad punzonadora universal para todas las soluciones.<\/li>\n<li>Varillas m\u00e9tricas dedicadas para: Programa WEEN CE (Art. 2015.2), Programa WEEN R40 (Art. 2015.3), Anta ribalta 2.0 (Art. . 2015.4).<\/li>\n<\/ul>\n<p> <\/p>\n<h4>Tipos de operaciones:<\/h4>\n<ul>\n<li>S\u00f3lo orificio<\/li>\n<li>Corte y orificio<\/li>\n<li>Triple orificios Corte (para RC2)<\/li>\n<\/ul>\n<p> <\/p>\n<p><a class=\"button\" href=\"https:\/\/www.masteritaly.com\/wp-content\/uploads\/2019\/08\/Punzonatrice_BROCHURE_DEF.pdf\" target=\"_blank\" rel=\"noopener\">Descarga la brochure<\/a><\/p>\n<p><a class=\"button\" href=\"https:\/\/www.masteritaly.com\/catalogo\/es\/shop\/?search=punzonatrice\">IR AL CATALOGO<\/a><\/p>\n<p> <\/p>\n<hr \/>\n<p> <\/p>\n","protected":false},"excerpt":{"rendered":"<p>La nueva punzonadora manual para cortar barras de poliamida permite que todas las operaciones necesarias para preparar las barras para los sistemas oscilo batiente Master se realicen de forma sencilla e intuitiva. De hecho, la innovadora varilla m\u00e9trica de 6 posiciones permite cortar las varillas A \/ R de manera simplificada insertando solo la posici\u00f3n [\u2026]<\/p>\n","protected":false},"author":4,"featured_media":0,"parent":0,"menu_order":0,"comment_status":"closed","ping_status":"closed","template":"template-landing-page.php","meta":{"_acf_changed":false,"footnotes":""},"class_list":["post-58389","page","type-page","status-publish","hentry"],"acf":[],"aioseo_notices":[],"publishpress_future_action":{"enabled":false,"date":"2026-04-10 22:56:53","action":"change-status","newStatus":"draft","terms":[],"taxonomy":"translation_priority","extraData":[]},"publishpress_future_workflow_manual_trigger":{"enabledWorkflows":[]},"_links":{"self":[{"href":"https:\/\/www.masteritaly.com\/es\/wp-json\/wp\/v2\/pages\/58389","targetHints":{"allow":["GET"]}}],"collection":[{"href":"https:\/\/www.masteritaly.com\/es\/wp-json\/wp\/v2\/pages"}],"about":[{"href":"https:\/\/www.masteritaly.com\/es\/wp-json\/wp\/v2\/types\/page"}],"author":[{"embeddable":true,"href":"https:\/\/www.masteritaly.com\/es\/wp-json\/wp\/v2\/users\/4"}],"replies":[{"embeddable":true,"href":"https:\/\/www.masteritaly.com\/es\/wp-json\/wp\/v2\/comments?post=58389"}],"version-history":[{"count":19,"href":"https:\/\/www.masteritaly.com\/es\/wp-json\/wp\/v2\/pages\/58389\/revisions"}],"predecessor-version":[{"id":77572,"href":"https:\/\/www.masteritaly.com\/es\/wp-json\/wp\/v2\/pages\/58389\/revisions\/77572"}],"wp:attachment":[{"href":"https:\/\/www.masteritaly.com\/es\/wp-json\/wp\/v2\/media?parent=58389"}],"curies":[{"name":"wp","href":"https:\/\/api.w.org\/{rel}","templated":true}]}}