{"id":64696,"date":"2020-04-07T11:25:29","date_gmt":"2020-04-07T09:25:29","guid":{"rendered":"https:\/\/www.masteritaly.com\/?page_id=64696"},"modified":"2021-05-12T13:34:59","modified_gmt":"2021-05-12T11:34:59","slug":"lejosperounidos","status":"publish","type":"page","link":"https:\/\/www.masteritaly.com\/es\/lejosperounidos\/","title":{"rendered":"LEJOS PERO UNIDOS"},"content":{"rendered":"<h3><strong>PROTOCOLO SAFE IN MASTER<\/strong><\/h3>\n<p> <\/p>\n<p>Hemos reabierto nuestras oficinas y f\u00e1bricas en total conformidad con todas las medidas de prevenci\u00f3n y seguridad. Para garantizar el cumplimiento de todas l<strong>as medidas de prevenci\u00f3n y seguridad para las personas,<\/strong> hemos emitido un protocolo de seguridad destinado a garantizar la reanudaci\u00f3n del trabajo con el m\u00e1ximo respeto por la seguridad de las personas internas <strong>(empleados)<\/strong> y externas <strong>(clientes, proveedores y consultores)<\/strong> para subrayar uno de los objetivos principales de esta empresa, es decir la protecci\u00f3n de la salud y la seguridad de las personas.<\/p>\n<p><a class=\"button\" href=\"https:\/\/www.masteritaly.com\/wp-content\/uploads\/2020\/04\/SAFE-IN-MASTER_ENG-1.pdf\">\u00a0DESCARGA EL RESUMEN\u00a0<\/a><\/p>\n<p> <\/p>\n<p> <\/p>\n<p><img loading=\"lazy\" decoding=\"async\" class=\"alignnone wp-image-65278 size-large\" src=\"https:\/\/www.masteritaly.com\/wp-content\/uploads\/2020\/04\/SAFE-IN-MASTER3-1024x295.jpg\" alt=\"SAFE-IN-MASTER3-1024x295\" width=\"1024\" height=\"295\" srcset=\"https:\/\/www.masteritaly.com\/wp-content\/uploads\/2020\/04\/SAFE-IN-MASTER3-1024x295.jpg 1024w, https:\/\/www.masteritaly.com\/wp-content\/uploads\/2020\/04\/SAFE-IN-MASTER3-300x87.jpg 300w, https:\/\/www.masteritaly.com\/wp-content\/uploads\/2020\/04\/SAFE-IN-MASTER3-768x222.jpg 768w, https:\/\/www.masteritaly.com\/wp-content\/uploads\/2020\/04\/SAFE-IN-MASTER3.jpg 1920w\" sizes=\"auto, (max-width: 1024px) 100vw, 1024px\" \/><\/p>\n<p> <\/p>\n<p><strong>#LEJOSPEROUNIDOS<\/strong><\/p>\n<p>Hoy estamos aprendiendo un nuevo significato de la palabra <strong><em>\u201cdistancia\u201d,<\/em><\/strong> nunca m\u00e1s referida s\u00f3lo a un espacio fisico, sino a una condici\u00f3n interpersonal: <strong>el distanciamento social<\/strong>.<\/p>\n<p>Experimentamos cotidianamente <strong>la imposibilidad del contacto f\u00edsico,<\/strong> sobre todo con las personas m\u00e1s estimadas. Quiz\u00e1s <strong>pens\u00e1bamos haber anulado las distancias<\/strong> gracias al progreso del mundo digital, pero nos\u00a0 damos cuenta del <strong>valor de un abrazo, de una palmada en la espalda o de un simple apret\u00f3n\u00a0 de mano<\/strong>s.<\/p>\n<p>Entre todo ello surge la paradoja: <strong>la pandemia nos obliga a estar\u00a0 DISTANTES, pero\u00a0 nos UNE a todos \u00a0en el mismo destino. <\/strong><\/p>\n<p><strong>Cualquiera que sea nuestro rol\u00a0 o donde quiera que nos encontremos<\/strong>, estamos llamados a demostrar\u00a0 nuestro <strong>sentido de pertenencia a una<\/strong> <strong>comunidad en la cual operamos<\/strong>, para qu\u00e9 cada uno\u00a0 de nosotros con nuestras\u00a0 propias acciones\u00a0 se haga responsable de la suerte de los dem\u00e1s.<\/p>\n<p><strong>lejos pero unidos<\/strong>, <strong>juntos renaceremos m\u00e1s fuertes.<\/strong><\/p>\n","protected":false},"excerpt":{"rendered":"<p>PROTOCOLO SAFE IN MASTER Hemos reabierto nuestras oficinas y f\u00e1bricas en total conformidad con todas las medidas de prevenci\u00f3n y seguridad. Para garantizar el cumplimiento de todas las medidas de prevenci\u00f3n y seguridad para las personas, hemos emitido un protocolo de seguridad destinado a garantizar la reanudaci\u00f3n del trabajo con el m\u00e1ximo respeto por la [\u2026]<\/p>\n","protected":false},"author":4,"featured_media":0,"parent":0,"menu_order":0,"comment_status":"closed","ping_status":"closed","template":"template-landing-page.php","meta":{"_acf_changed":false,"footnotes":""},"class_list":["post-64696","page","type-page","status-publish","hentry"],"acf":[],"aioseo_notices":[],"publishpress_future_action":{"enabled":false,"date":"2026-04-26 02:30:38","action":"change-status","newStatus":"draft","terms":[],"taxonomy":"translation_priority","extraData":[]},"publishpress_future_workflow_manual_trigger":{"enabledWorkflows":[]},"_links":{"self":[{"href":"https:\/\/www.masteritaly.com\/es\/wp-json\/wp\/v2\/pages\/64696","targetHints":{"allow":["GET"]}}],"collection":[{"href":"https:\/\/www.masteritaly.com\/es\/wp-json\/wp\/v2\/pages"}],"about":[{"href":"https:\/\/www.masteritaly.com\/es\/wp-json\/wp\/v2\/types\/page"}],"author":[{"embeddable":true,"href":"https:\/\/www.masteritaly.com\/es\/wp-json\/wp\/v2\/users\/4"}],"replies":[{"embeddable":true,"href":"https:\/\/www.masteritaly.com\/es\/wp-json\/wp\/v2\/comments?post=64696"}],"version-history":[{"count":11,"href":"https:\/\/www.masteritaly.com\/es\/wp-json\/wp\/v2\/pages\/64696\/revisions"}],"predecessor-version":[{"id":77795,"href":"https:\/\/www.masteritaly.com\/es\/wp-json\/wp\/v2\/pages\/64696\/revisions\/77795"}],"wp:attachment":[{"href":"https:\/\/www.masteritaly.com\/es\/wp-json\/wp\/v2\/media?parent=64696"}],"curies":[{"name":"wp","href":"https:\/\/api.w.org\/{rel}","templated":true}]}}