{"id":68009,"date":"2020-07-27T17:39:32","date_gmt":"2020-07-27T15:39:32","guid":{"rendered":"https:\/\/www.masteritaly.com\/?page_id=68009"},"modified":"2021-05-12T13:34:47","modified_gmt":"2021-05-12T11:34:47","slug":"mastershieldtratamiento-antibacteriano","status":"publish","type":"page","link":"https:\/\/www.masteritaly.com\/es\/mastershieldtratamiento-antibacteriano\/","title":{"rendered":"MASTERShield\u00aetratamiento antibacteriano"},"content":{"rendered":"<h2><img loading=\"lazy\" decoding=\"async\" class=\"alignnone wp-image-68048 \" src=\"https:\/\/www.masteritaly.com\/wp-content\/uploads\/2020\/07\/Annotazione-2020-07-24-104917.jpg\" alt=\"Annotazione-2020-07-24-104917\" width=\"608\" height=\"84\" srcset=\"https:\/\/www.masteritaly.com\/wp-content\/uploads\/2020\/07\/Annotazione-2020-07-24-104917.jpg 760w, https:\/\/www.masteritaly.com\/wp-content\/uploads\/2020\/07\/Annotazione-2020-07-24-104917-300x41.jpg 300w\" sizes=\"auto, (max-width: 608px) 100vw, 608px\" \/><\/h2>\n<h2><\/h2>\n<h3><strong>La importancia de la higiene de las manos, l\u00edneas gu\u00eda del ISS<\/strong><br \/>\n(Instituto Superior de Sanidad).<\/h3>\n<p>Las manos son un recept\u00e1culo de g\u00e9rmenes; un peque\u00f1o porcentaje est\u00e1 representado por microorganismos no pat\u00f3genos, que normalmente residen en la piel sin crear da\u00f1os. A estos \u00faltimos, se les pueden a\u00f1adir los virus y bacterias que circulan en el aire o con los que estamos en contacto al tocar diferentes superficies.<\/p>\n<h2><\/h2>\n<p> <\/p>\n<h2><strong>Ahora m\u00e1s que nunca es una cuesti\u00f3n de responsabilidad<\/strong><\/h2>\n<p> <\/p>\n<div class=\"post-entry\">El grupo Master es <strong>l\u00edder en la producci\u00f3n y comercializaci\u00f3n de accesorios para carpinter\u00edas<\/strong>, por este motivo en nuestras <strong>l\u00edneas de manillas, piochas y cremonesas<\/strong> hemos creado una soluci\u00f3n capaz de ofrecer una protecci\u00f3n activa en la zona donde es absolutamente m\u00e1s necesaria: sobre las superficies que est\u00e1n m\u00e1s a contacto con nuestras manos.<br \/>\nEl<strong> tratamiento MASTERShield\u00ae<\/strong> es resistente e impide de manera duradera la proliferaci\u00f3n de microbios y, est\u00e1 especialmente indicado en hospitales, escuelas, complejos industriales o estructuras recreativas, as\u00ed como en todos aquellos lugares de alta concurrencia. Los microorganismos se encuentran presentes en todas partes, y muchas veces constituyen un serio problema para la construcci\u00f3n y el mantenimiento de algunas infraestructuras, especialmente aquellas que est\u00e1n destinadas para un uso p\u00fablico y\/o sanitario.<br \/>\nEl <strong>tratamiento MASTERShield\u00ae contribuye de modo activo al mantenimiento de las normativas higi\u00e9nicas\u00a0<\/strong>gracias a su acci\u00f3n antimicr\u00f3bica, adem\u00e1s los productos tratados con <strong>MASTERShield\u00ae<\/strong> no requieren un mantenimiento especial y est\u00e1n indicados para un uso frecuente y amplio.<\/div>\n<div><\/div>\n<p><img loading=\"lazy\" decoding=\"async\" class=\"wp-image-68054 alignnone\" src=\"https:\/\/www.masteritaly.com\/wp-content\/uploads\/2020\/07\/maniglie-con-trattamento-antibatterico.jpg\" alt=\"maniglie-con-trattamento-antibatterico\" width=\"704\" height=\"324\" srcset=\"https:\/\/www.masteritaly.com\/wp-content\/uploads\/2020\/07\/maniglie-con-trattamento-antibatterico.jpg 940w, https:\/\/www.masteritaly.com\/wp-content\/uploads\/2020\/07\/maniglie-con-trattamento-antibatterico-300x138.jpg 300w, https:\/\/www.masteritaly.com\/wp-content\/uploads\/2020\/07\/maniglie-con-trattamento-antibatterico-768x354.jpg 768w\" sizes=\"auto, (max-width: 704px) 100vw, 704px\" \/><\/p>\n<p> <\/p>\n<h2><strong>\u00bfC\u00f3mo funciona?<\/strong><\/h2>\n<h2><\/h2>\n<p>Una superficie que a simple vista parece limpia no es garant\u00eda de una buena calidad tanto desde el punto de<br \/>\nvista qu\u00edmico como microbiol\u00f3gico; Adem\u00e1s la eficacia de la limpieza disminuye con el paso del tiempo, por lo<br \/>\nque se requiere una mayor protecci\u00f3n. En general, las superficies est\u00e1n sometidas a la creaci\u00f3n de una biopel\u00edcula (estructura viscosa de origen org\u00e1nico compuesta por bacterias, sales naturales y algas) que ofrece protecci\u00f3n a los microorganismos. Los microorganismos, entre los cu\u00e1les las bacterias, hongos, micetes y virus, contribuyen al deterioro de las superficies.<\/p>\n<p><strong>El tratamiento MasterShield\u00ae utiliza una tecnolog\u00eda particular para la producci\u00f3n de pintura en polvo que da a los revestimientos una resistencia superior contra la proliferaci\u00f3n de los microorganismos.<\/strong><\/p>\n<p>Esta tecnolog\u00eda ofrece una protecci\u00f3n activa que se basa en la emisi\u00f3n de iones de plata, que gracias al proceso de oxidaci\u00f3n, garantizan con el paso del tiempo un efecto antibact\u00e9rico constante impidiendo a los microorganismos tanto crecer como multiplicarse.<\/p>\n<p> <\/p>\n<p style=\"text-align: center;\"><a class=\"button\" href=\"https:\/\/www.masteritaly.com\/wp-content\/uploads\/2020\/07\/MASTER-SHIELD_SPA.pdf\">\u00a0Descubre M\u00e1s <\/a><\/p>\n<h2><\/h2>\n<h2><\/h2>\n<h2><\/h2>\n<h2><strong>Las pruebas de laboratorio<\/strong><\/h2>\n<p>Bas\u00e1ndose en las pruebas realizadas en el Centro de An\u00e1lisis de Monza, el tratamiento mantiene las mismas propiedades del primer d\u00eda despu\u00e9s de un a\u00f1o de su aplicaci\u00f3n, sin que la protecci\u00f3n se haya corro\u00eddo por<br \/>\nlas acciones de limpieza o por el uso de sustancias interferentes.<\/p>\n<p>Las superficies con <strong>tratamiento MasterShield\u00ae:<\/strong><\/p>\n<p>\u2022 Mantienen muy bajo el nivel de g\u00e9rmenes presentes sobre la superficie de la pel\u00edcula que se aplica en los soportes<br \/>\n\u2022 Conservan una \u00f3ptima higiene.<br \/>\n\u2022 Resisten con facilidad a los procesos normales de limpieza higi\u00e9nica actual.<\/p>\n<p> <\/p>\n<p><img loading=\"lazy\" decoding=\"async\" class=\"alignnone wp-image-68084 \" src=\"https:\/\/www.masteritaly.com\/wp-content\/uploads\/2020\/07\/MASTERSHIELD-TEST-di-Laboratorio-1.jpg\" alt=\"MASTERSHIELD-TEST-di-Laboratorio-1\" width=\"729\" height=\"532\" srcset=\"https:\/\/www.masteritaly.com\/wp-content\/uploads\/2020\/07\/MASTERSHIELD-TEST-di-Laboratorio-1.jpg 922w, https:\/\/www.masteritaly.com\/wp-content\/uploads\/2020\/07\/MASTERSHIELD-TEST-di-Laboratorio-1-300x219.jpg 300w, https:\/\/www.masteritaly.com\/wp-content\/uploads\/2020\/07\/MASTERSHIELD-TEST-di-Laboratorio-1-768x561.jpg 768w\" sizes=\"auto, (max-width: 729px) 100vw, 729px\" \/><\/p>\n<h2><\/h2>\n<h2><strong>Corrosion resistance parameters by type of finish<\/strong><\/h2>\n<p> <\/p>\n<p>El <strong>tratamiento MASTERShield\u00ae<\/strong> aplicado a los diversos acabados <strong>mejora significativamente su resistencia<\/strong> a la corrosi\u00f3n, gracias al aumento en la protecci\u00f3n del sustrato, lo que <strong>lleva los par\u00e1metros de resistencia a la CLASE 4 en todos los colores.<\/strong><\/p>\n<p><img loading=\"lazy\" decoding=\"async\" class=\"wp-image-68233 alignnone\" src=\"https:\/\/www.masteritaly.com\/wp-content\/uploads\/2020\/07\/Par\u00e1metros-de-resistencia-a-la-corrosi\u00f3n.jpg\" alt=\"Par\u00e1metros-de-resistencia-a-la-corrosi\u00f3n\" width=\"753\" height=\"521\" srcset=\"https:\/\/www.masteritaly.com\/wp-content\/uploads\/2020\/07\/Par\u00e1metros-de-resistencia-a-la-corrosi\u00f3n.jpg 773w, https:\/\/www.masteritaly.com\/wp-content\/uploads\/2020\/07\/Par\u00e1metros-de-resistencia-a-la-corrosi\u00f3n-300x208.jpg 300w, https:\/\/www.masteritaly.com\/wp-content\/uploads\/2020\/07\/Par\u00e1metros-de-resistencia-a-la-corrosi\u00f3n-768x532.jpg 768w\" sizes=\"auto, (max-width: 753px) 100vw, 753px\" \/><\/p>\n<p> <\/p>\n<p> <\/p>\n<p style=\"text-align: center;\"><a class=\"button\" href=\"https:\/\/www.masteritaly.com\/wp-content\/uploads\/2020\/07\/MASTER-SHIELD_SPA.pdf\">DESCARGA LA BROCHURE\u00a0<\/a><\/p>\n<p> <\/p>\n<p> <\/p>\n<p> <\/p>\n<p> <\/p>\n","protected":false},"excerpt":{"rendered":"<p>La importancia de la higiene de las manos, l\u00edneas gu\u00eda del ISS (Instituto Superior de Sanidad). Las manos son un recept\u00e1culo de g\u00e9rmenes; un peque\u00f1o porcentaje est\u00e1 representado por microorganismos no pat\u00f3genos, que normalmente residen en la piel sin crear da\u00f1os. A estos \u00faltimos, se les pueden a\u00f1adir los virus y bacterias que circulan en [\u2026]<\/p>\n","protected":false},"author":4,"featured_media":0,"parent":0,"menu_order":0,"comment_status":"closed","ping_status":"closed","template":"template-landing-page.php","meta":{"_acf_changed":false,"footnotes":""},"class_list":["post-68009","page","type-page","status-publish","hentry"],"acf":[],"aioseo_notices":[],"publishpress_future_action":{"enabled":false,"date":"2026-05-19 18:59:54","action":"change-status","newStatus":"draft","terms":[],"taxonomy":"translation_priority","extraData":[]},"publishpress_future_workflow_manual_trigger":{"enabledWorkflows":[]},"_links":{"self":[{"href":"https:\/\/www.masteritaly.com\/es\/wp-json\/wp\/v2\/pages\/68009","targetHints":{"allow":["GET"]}}],"collection":[{"href":"https:\/\/www.masteritaly.com\/es\/wp-json\/wp\/v2\/pages"}],"about":[{"href":"https:\/\/www.masteritaly.com\/es\/wp-json\/wp\/v2\/types\/page"}],"author":[{"embeddable":true,"href":"https:\/\/www.masteritaly.com\/es\/wp-json\/wp\/v2\/users\/4"}],"replies":[{"embeddable":true,"href":"https:\/\/www.masteritaly.com\/es\/wp-json\/wp\/v2\/comments?post=68009"}],"version-history":[{"count":15,"href":"https:\/\/www.masteritaly.com\/es\/wp-json\/wp\/v2\/pages\/68009\/revisions"}],"predecessor-version":[{"id":77785,"href":"https:\/\/www.masteritaly.com\/es\/wp-json\/wp\/v2\/pages\/68009\/revisions\/77785"}],"wp:attachment":[{"href":"https:\/\/www.masteritaly.com\/es\/wp-json\/wp\/v2\/media?parent=68009"}],"curies":[{"name":"wp","href":"https:\/\/api.w.org\/{rel}","templated":true}]}}