{"id":74146,"date":"2021-01-28T15:26:47","date_gmt":"2021-01-28T14:26:47","guid":{"rendered":"https:\/\/www.masteritaly.com\/?page_id=74146"},"modified":"2021-12-03T15:22:08","modified_gmt":"2021-12-03T14:22:08","slug":"easy-pivot-2","status":"publish","type":"page","link":"https:\/\/www.masteritaly.com\/es\/easy-pivot-2\/","title":{"rendered":"EASY PIVOT old"},"content":{"rendered":"<h1 style=\"text-align: left;\"><strong>EASY PIVOT<\/strong><\/h1>\n<h1 style=\"text-align: left;\">EL SISTEMA COMPLETO PARA ABERTURAS PIVOTANTES<\/h1>\n<p> <\/p>\n<p>Las <strong>ventanas basculantes<\/strong> representan una respuesta pr\u00e1ctica y vers\u00e1til cuando se desean realizar cerramientos que ocupen poco espacio y garanticen una buena luminosidad y un recambio de aire eficaz. Se trata de una soluci\u00f3n arquitect\u00f3nica cada vez m\u00e1s utilizada en todo el mundo, por lo que hoy <strong>Master Italy<\/strong> presenta<strong> Easy Pivot.<\/strong><br \/>\nSe trata de un sistema completo compuesto por: bisagras, kit de fijaci\u00f3n, cierres perimetrales y cierres complementarios.<\/p>\n<p> <\/p>\n<p> <\/p>\n<h1 style=\"text-align: center;\"><strong>\u00bfPor qu\u00e9 elegir EASY PIVOT?<\/strong><\/h1>\n<p> <\/p>\n<p>Easy Pivot est\u00e1 compuesto por un par de bisagras de aluminio extruido con un dise\u00f1o moderno y esencial con una amplia gama de acabados disponibles. Es el sistema pivotante con el eje de rotaci\u00f3n casi en l\u00ednea con el centro de gravedad de la ventana.<\/p>\n<p>Easy pivot es un sistema extremadamente vers\u00e1til gracias a las bisagras universales para perfiles CE y sistemas R, a la posibilidad de aplicaci\u00f3n vertical y horizontal y a los kits de fijaci\u00f3n que permiten<br \/>\nadaptar el producto a la mayor\u00eda de sistemas del mercado. Adem\u00e1s los kits de cierre perimetral garantizan el mantenimiento de la rendimiento en t\u00e9rminos de resistencia al viento y transmitancia t\u00e9rmica.<\/p>\n<p>Easy Pivot est\u00e1 equipado con un sistema de bloqueo de 3 posiciones 25\u00b0\/ 45\u00b0\/ 170\u00b0 (en la versi\u00f3n horizontal) para garantizar la m\u00e1xima seguridad y comodidad de maniobra incluso en operaciones de limpieza y mantenimiento.<\/p>\n<p>Easy Pivot permite crear marcos con una capacidad de hasta 80 kg en aplicaci\u00f3n vertical y hasta 120 kg en aplicaci\u00f3n horizontal. Con los kits de bloqueo adicionales es posible crear configuraciones de hasta 1,80 m de altura (vertical) y hasta 2,5 m de ancho (horizontal).<\/p>\n<p> <\/p>\n<h1 style=\"text-align: center;\"><img loading=\"lazy\" decoding=\"async\" class=\"aligncenter wp-image-74666 \" src=\"https:\/\/www.masteritaly.com\/wp-content\/uploads\/2021\/02\/BANNER_1920x1808-1024x576.jpg\" alt=\"BANNER_1920x1808-1024x576\" width=\"1329\" height=\"747\" srcset=\"https:\/\/www.masteritaly.com\/wp-content\/uploads\/2021\/02\/BANNER_1920x1808-1024x576.jpg 1024w, https:\/\/www.masteritaly.com\/wp-content\/uploads\/2021\/02\/BANNER_1920x1808-300x169.jpg 300w, https:\/\/www.masteritaly.com\/wp-content\/uploads\/2021\/02\/BANNER_1920x1808-768x432.jpg 768w, https:\/\/www.masteritaly.com\/wp-content\/uploads\/2021\/02\/BANNER_1920x1808.jpg 1920w\" sizes=\"auto, (max-width: 1329px) 100vw, 1329px\" \/><\/h1>\n<h2><\/h2>\n<p> <\/p>\n<h3><strong>CARATTERISTICHE TECNICHE<\/strong><\/h3>\n<p> <\/p>\n<ol>\n<li>1- Par de bisagras universales con sistema de bloqueo de 3 posiciones 25 \u00b0 \/ 45 \u00b0 \/ 170 \u00b0 y fricci\u00f3n ajustable<\/li>\n<li>2-\u00a0Kit de fijaci\u00f3n para adaptabilidad en sistemas de c\u00e1mara europea (con arandelas) con pista R40. Regulaci\u00f3n de altura +\/- 1,5 mm<\/li>\n<li>3- Kit punti di chiusura perimetrali per garantire prestazioni e sicurezza<\/li>\n<li>4- Kit de cierre adicional para configuraciones: hasta 1,80 m de altura y capacidad hasta 80 kg en aplicaci\u00f3n vertical y hasta 2,5 m de ancho y 120 kg de capacidad en aplicaci\u00f3n horizontal<\/li>\n<\/ol>\n<p> <\/p>\n<p><img loading=\"lazy\" decoding=\"async\" class=\"aligncenter wp-image-74768 size-large\" src=\"https:\/\/www.masteritaly.com\/wp-content\/uploads\/2021\/02\/COMPONENTI_EP-1024x724.jpg\" alt=\"COMPONENTI_EP-1024x724\" width=\"1024\" height=\"724\" \/><\/p>\n<p> <\/p>\n<p> <\/p>\n<p style=\"text-align: center;\">Descarga nuestra Brochure y descubre<br \/>\n<strong>EL SISTEMA COMPLETO PARA ABERTURAS PIVOTANTES\u00a0<\/strong><\/p>\n<p style=\"text-align: center;\"><img loading=\"lazy\" decoding=\"async\" class=\"aligncenter wp-image-74700\" src=\"https:\/\/www.masteritaly.com\/wp-content\/uploads\/2021\/02\/brochure-BILICO.jpg\" alt=\"brochure-BILICO\" width=\"171\" height=\"245\" srcset=\"https:\/\/www.masteritaly.com\/wp-content\/uploads\/2021\/02\/brochure-BILICO.jpg 451w, https:\/\/www.masteritaly.com\/wp-content\/uploads\/2021\/02\/brochure-BILICO-210x300.jpg 210w\" sizes=\"auto, (max-width: 171px) 100vw, 171px\" \/><\/p>\n<p> <\/p>\n<p style=\"text-align: center;\">\u00a0 \u00a0 \u00a0<a class=\"button\" href=\"https:\/\/www.masteritaly.com\/wp-content\/uploads\/2021\/02\/EP_BROCHURE_WEB.pdf\">DESCARGA LA BROCHURE\u00a0<\/a><\/p>\n<h5><\/h5>\n<p> <\/p>\n","protected":false},"excerpt":{"rendered":"<p>EASY PIVOT EL SISTEMA COMPLETO PARA ABERTURAS PIVOTANTES Las ventanas basculantes representan una respuesta pr\u00e1ctica y vers\u00e1til cuando se desean realizar cerramientos que ocupen poco espacio y garanticen una buena luminosidad y un recambio de aire eficaz. Se trata de una soluci\u00f3n arquitect\u00f3nica cada vez m\u00e1s utilizada en todo el mundo, por lo que hoy [\u2026]<\/p>\n","protected":false},"author":4,"featured_media":0,"parent":0,"menu_order":0,"comment_status":"closed","ping_status":"closed","template":"template-landing-page.php","meta":{"_acf_changed":false,"footnotes":""},"class_list":["post-74146","page","type-page","status-publish","hentry"],"acf":[],"aioseo_notices":[],"publishpress_future_action":{"enabled":false,"date":"2026-04-22 01:10:45","action":"change-status","newStatus":"draft","terms":[],"taxonomy":"translation_priority","extraData":[]},"publishpress_future_workflow_manual_trigger":{"enabledWorkflows":[]},"_links":{"self":[{"href":"https:\/\/www.masteritaly.com\/es\/wp-json\/wp\/v2\/pages\/74146","targetHints":{"allow":["GET"]}}],"collection":[{"href":"https:\/\/www.masteritaly.com\/es\/wp-json\/wp\/v2\/pages"}],"about":[{"href":"https:\/\/www.masteritaly.com\/es\/wp-json\/wp\/v2\/types\/page"}],"author":[{"embeddable":true,"href":"https:\/\/www.masteritaly.com\/es\/wp-json\/wp\/v2\/users\/4"}],"replies":[{"embeddable":true,"href":"https:\/\/www.masteritaly.com\/es\/wp-json\/wp\/v2\/comments?post=74146"}],"version-history":[{"count":27,"href":"https:\/\/www.masteritaly.com\/es\/wp-json\/wp\/v2\/pages\/74146\/revisions"}],"predecessor-version":[{"id":74877,"href":"https:\/\/www.masteritaly.com\/es\/wp-json\/wp\/v2\/pages\/74146\/revisions\/74877"}],"wp:attachment":[{"href":"https:\/\/www.masteritaly.com\/es\/wp-json\/wp\/v2\/media?parent=74146"}],"curies":[{"name":"wp","href":"https:\/\/api.w.org\/{rel}","templated":true}]}}