{"id":148950,"date":"2024-12-11T17:39:37","date_gmt":"2024-12-11T16:39:37","guid":{"rendered":"https:\/\/www.masteritaly.com\/?page_id=148950"},"modified":"2025-11-04T12:24:21","modified_gmt":"2025-11-04T11:24:21","slug":"environnement","status":"publish","type":"page","link":"https:\/\/www.masteritaly.com\/fr\/environnement\/","title":{"rendered":"ENVIRONNEMENT"},"content":{"rendered":"<h1><strong>FOR A SUSTANAIBLE WORLD<\/strong><\/h1>\n<p>Tra le varie iniziative in termini di <strong>sostenibilit\u00e0 ambientale<\/strong> che abbiamo promosso, sicuramente ricopre un ruolo chiave la partecipazione al programma per la <strong>valutazione dell\u2019impronta ambientale promosso dal Ministero dell\u2019Ambiente e della Sicurezza Energetica<\/strong>. Master continua l\u2019impegno nella sua politica green firmando l\u2019accordo volontario con il Ministero della Sicurezza Energetica in cui si impegna, come prima azienda del settore degli accessori per serramenti, a definire una metodologia di calcolo delle emissioni di CO2 per poter ideare e approntare azioni di miglioramento e di riduzione nella sua filiera produttiva.<\/p>\n<p> <\/p>\n<h3><img loading=\"lazy\" decoding=\"async\" class=\"aligncenter wp-image-125539\" src=\"https:\/\/www.masteritaly.com\/wp-content\/uploads\/2023\/10\/ministero-dellambiente.jpg\" alt=\"\" width=\"410\" height=\"268\" srcset=\"https:\/\/www.masteritaly.com\/wp-content\/uploads\/2023\/10\/ministero-dellambiente.jpg 1378w, https:\/\/www.masteritaly.com\/wp-content\/uploads\/2023\/10\/ministero-dellambiente-300x196.jpg 300w, https:\/\/www.masteritaly.com\/wp-content\/uploads\/2023\/10\/ministero-dellambiente-768x502.jpg 768w, https:\/\/www.masteritaly.com\/wp-content\/uploads\/2023\/10\/ministero-dellambiente-1024x670.jpg 1024w\" sizes=\"auto, (max-width: 410px) 100vw, 410px\" \/><\/h3>\n<h3>Il Progetto:<\/h3>\n<p>La Master Italy srl, in funzione dell\u2019<a href=\"https:\/\/www.mase.gov.it\/pagina\/programma-la-valutazione-dell-impronta-ambientale\">Accordo volontario firmato con il Ministero dell\u2019Ambiente e della Sicurezza Energetica<\/a>\u00a0ha condotto l\u2019analisi e la contabilizzazione della carbon footprint dalla realizzazione di accessori per serramenti. L\u2019obiettivo dell\u2019analisi \u00e8 quello di sottoporre ad una valutazione quantitativa l\u2019ammontare delle risorse necessarie e delle emissioni prodotte per realizzare i diversi componenti delle linee realizzate dalla Master Italy srl nel sito di Conversano (BA).<\/p>\n<p>Il progetto, inizialmente intrapreso solo per il calcolo della GWP100 (Global Warming Potential a 100 anni, in italiano potenziale di riscaldamento globale) di ogni singolo componente, da quest\u2019anno \u00e8 stato esteso anche ad altre categorie di impatto al fine di ottenere la certifica EPD (Environmental Product Declaration) secondo The International EPD\u00ae System del Program Operator EPD International AB.<\/p>\n<p><em>I report EPD sono organizzati per linee di prodotto*:<\/em><\/p>\n<ul>\n<li><b>Maniglia:\u00a0<\/b><a href=\"https:\/\/www.masteritaly.com\/wp-content\/uploads\/2023\/10\/EPD_6008.pdf\">6008<\/a>,\u00a0<a href=\"https:\/\/www.masteritaly.com\/wp-content\/uploads\/2023\/10\/EPD_3072.pdf\">3072<\/a>,\u00a0<a href=\"https:\/\/www.masteritaly.com\/wp-content\/uploads\/2023\/10\/EPD_3065.pdf\">3065<\/a>,\u00a0<a href=\"https:\/\/www.masteritaly.com\/wp-content\/uploads\/2023\/10\/EPD_3080.20.pdf\">3080.20<\/a><\/li>\n<li><b>Finestra:\u00a0<\/b><a href=\"https:\/\/www.masteritaly.com\/wp-content\/uploads\/2023\/10\/EPD_3320F.1.pdf\">3320F.1<\/a>,\u00a0<a href=\"https:\/\/www.masteritaly.com\/wp-content\/uploads\/2023\/10\/EPD_3420.24.pdf\">3420.24<\/a>,\u00a0<a href=\"https:\/\/www.masteritaly.com\/wp-content\/uploads\/2023\/10\/EPD_3304.11.pdf\">3304.11D<\/a>,\u00a0<a href=\"https:\/\/www.masteritaly.com\/wp-content\/uploads\/2023\/10\/EPD_3400.22.pdf\">3400.22<\/a>,\u00a0<a href=\"https:\/\/www.masteritaly.com\/wp-content\/uploads\/2023\/10\/EPD_4515.1.pdf\">4515.1<\/a>,\u00a0<a href=\"https:\/\/www.masteritaly.com\/wp-content\/uploads\/2023\/10\/EPD_1252.101.pdf\">1252.101<\/a>,\u00a0<a href=\"https:\/\/www.masteritaly.com\/wp-content\/uploads\/2023\/10\/EPD_9616.3.pdf\">9616.3<\/a><\/li>\n<li><strong>Facciata:\u00a0<\/strong><a href=\"https:\/\/www.masteritaly.com\/wp-content\/uploads\/2023\/10\/EPD_1206.28.pdf\">1206.28<\/a>,\u00a0<a href=\"https:\/\/www.masteritaly.com\/wp-content\/uploads\/2023\/10\/EPD_3633.pdf\">3633<\/a>,\u00a0<a href=\"https:\/\/www.masteritaly.com\/wp-content\/uploads\/2023\/10\/EPD_1205.3.pdf\">1205.3<\/a>,\u00a0<a href=\"https:\/\/www.masteritaly.com\/wp-content\/uploads\/2023\/10\/EPD_1252.19.pdf\">1252.19<\/a><\/li>\n<li><b>Porta:\u00a0<\/b><a href=\"https:\/\/www.masteritaly.com\/wp-content\/uploads\/2023\/10\/EPD_8014.11.pdf\">8014.11<\/a>,\u00a0<a href=\"https:\/\/www.masteritaly.com\/wp-content\/uploads\/2023\/10\/EPD_8010.18.pdf\">8010.18<\/a>,\u00a0<a href=\"https:\/\/www.masteritaly.com\/wp-content\/uploads\/2023\/10\/EPD_8010.15.pdf\">8010.15<\/a>,\u00a0<a href=\"https:\/\/www.masteritaly.com\/wp-content\/uploads\/2023\/10\/EPD_8072.6.pdf\">8072.6<\/a>,\u00a0<a href=\"https:\/\/www.masteritaly.com\/wp-content\/uploads\/2023\/10\/EPD_8060.6.pdf\">8060.6,\u00a0<\/a><a href=\"https:\/\/www.masteritaly.com\/wp-content\/uploads\/2023\/10\/EPD_4551.pdf\">4551.1<\/a><\/li>\n<li><strong>Squadretta:\u00a0<\/strong>\u00a0<a href=\"https:\/\/www.masteritaly.com\/wp-content\/uploads\/2023\/10\/EPD_0101.pdf\">0101,<\/a><a href=\"https:\/\/www.masteritaly.com\/wp-content\/uploads\/2023\/10\/EPD_0335.pdf\">0335<\/a><\/li>\n<li><strong>Scorrevole:\u00a0<\/strong><a href=\"https:\/\/www.masteritaly.com\/wp-content\/uploads\/2023\/10\/EPD_6675.15.pdf\">6675.15<\/a>,\u00a0<a href=\"https:\/\/www.masteritaly.com\/wp-content\/uploads\/2023\/10\/EPD_6452.1.pdf\">6452.1<\/a>,\u00a0<a href=\"https:\/\/www.masteritaly.com\/wp-content\/uploads\/2023\/10\/EPD_6394.pdf\">6394<\/a><\/li>\n<li><strong>Automazione:\u00a0<\/strong><a href=\"https:\/\/www.masteritaly.com\/wp-content\/uploads\/2023\/10\/EPD_1123.3.pdf\">1123.3<\/a>,\u00a0<a href=\"https:\/\/www.masteritaly.com\/wp-content\/uploads\/2023\/10\/EPD_1124.pdf\">1124.1<\/a>,\u00a0<a href=\"https:\/\/www.masteritaly.com\/wp-content\/uploads\/2023\/10\/EPD_1125.pdf\">1125.1<\/a><\/li>\n<\/ul>\n<p><em>*I codici visualizzati sono rappresentativi di ogni famiglia di prodotto (es. EPD 6008 comprende tutti i codici della famiglia cremonesi).<\/em><\/p>\n<p>Il fine dell\u2019adozione di questa certificazione di prodotto e del calcolo della GWP100 \u00e8 quello di adottare politiche e strategie di riduzione ed eventuale compensazione delle emissioni aderendo al mercato dei crediti di carbonio internazionali, in linea con l\u2019impegno preso con\u00a0 Accordo volontario firmato con il Ministero dell\u2019Ambiente e della Sicurezza Energetica.<br \/>\nGli interventi previsti a valle dello studio sono stati finalizzati a ridurre la componente energetica attraverso investimenti in nuovi macchinari, nuovi impianti fotovoltaici, adozione di politiche di saving ed ottimizzazione processi.<\/p>\n<h3>La Metodologia<\/h3>\n<p>Gli studi sono stati condotti in accordo ai requisiti degli\u00a0<strong>Standard UN EN ISO 14040:2006, UNI EN ISO 14044:2018 e <\/strong>UNI EN ISO 14025:2006. L\u2019unit\u00e0 funzionale dello studio, coerentemente con l\u2019obiettivo, \u00e8 ogni singolo codice prodotto in modo distinto (sono riportati inoltre i dati per kg di prodotto). Per quanto riguarda i confini temporali, i dati sono considerati su scala annuale e riferiti all\u2019anno 2022.<br \/>\nI confini geografici sono globali, mentre il luogo di produzione riguarda il sito di Conversano (BA) Italy (analisi from cradle to grave).<br \/>\nIl software scelto per lo sviluppo di questa analisi LCA \u00e8 il SimaPro 9.5.<br \/>\nPer i processi che riguardano le fasi di lavorazione interne si sono utilizzati dati specifici d\u2019impianto mentre per i processi a monte sono stati somministrati questionari ai fornitori. Si utilizzano dati di processo estratti dalla banca dati Ecoinvent 3.9.<br \/>\nIl metodo di valutazione degli impatti segue le indicazioni EN 15804:2012+A2:2019\/AC:2021, ed in particolare il GWP GHG segue il metodo IPCC 2021 dell\u2019Intergovernmental Panel on Climate Change, con un timeframe di 100 anni.<\/p>\n<p>La vita utile per gli accessori per serramenti \u00e8 30 anni, mentre per la linea delle automazioni \u00e8 10 anni.<\/p>\n<p>La nostra aspirazione \u00e8 quella di strutturare un modello di <strong>sviluppo sostenibile<\/strong> sempre pi\u00f9 in grado di distribuire il valore generato, con un\u2019attenzione particolare al benessere delle persone, alla <strong>sostenibilit\u00e0 ambientale<\/strong> e alla prosperit\u00e0 del nostro territorio. Crediamo, infatti, che le imprese leader si debbano giudicare non solo per la qualit\u00e0 intrinseca dei prodotti e servizi offerti, ma anche in virt\u00f9 del <strong>senso di responsabilit\u00e0<\/strong> e delle relazioni con il <strong>territorio<\/strong> e con l\u2019<strong>ambiente<\/strong>.<\/p>\n<p>La decisione di <a href=\"https:\/\/www.masteritaly.com\/fr\/news\/le-parcours-vert-du-groupe-master-continue-nouvel-emballage-ecologique-avec-code-qr\/\"><strong>eliminare i manuali di istruzione<\/strong><\/a> all\u2019interno delle scatole di molti prodotti (il passaggio dalla versione cartacea alla versione digitale sta avvenendo attraverso l\u2019uso di codici QR), la riduzione degli stampati e l\u2019utilizzo di <strong>carte FSC<\/strong> (realizzate da fonti responsabili),\u00a0il conseguimento della<a href=\"https:\/\/www.masteritaly.com\/wp-content\/uploads\/2018\/10\/ISO-14001_2015-Ambiente.pdf\"> <strong>certificazione ambientale 14001,<\/strong><\/a> sono tutte scelte responsabili che rispondono alla necessit\u00e0 di ridurre l\u2019impatto ambientale dell\u2019azienda.<\/p>\n","protected":false},"excerpt":{"rendered":"<p>FOR A SUSTANAIBLE WORLD Tra le varie iniziative in termini di sostenibilit\u00e0 ambientale che abbiamo promosso, sicuramente ricopre un ruolo chiave la partecipazione al programma per la valutazione dell\u2019impronta ambientale promosso dal Ministero dell\u2019Ambiente e della Sicurezza Energetica. Master continua l\u2019impegno nella sua politica green firmando l\u2019accordo volontario con il Ministero della Sicurezza Energetica in [\u2026]<\/p>\n","protected":false},"author":1,"featured_media":0,"parent":0,"menu_order":0,"comment_status":"closed","ping_status":"closed","template":"page-ambiente-new.php","meta":{"_acf_changed":false,"footnotes":""},"class_list":["post-148950","page","type-page","status-publish","hentry"],"acf":[],"aioseo_notices":[],"publishpress_future_action":{"enabled":false,"date":"2026-04-16 07:13:15","action":"change-status","newStatus":"draft","terms":[],"taxonomy":"translation_priority","extraData":[]},"publishpress_future_workflow_manual_trigger":{"enabledWorkflows":[]},"_links":{"self":[{"href":"https:\/\/www.masteritaly.com\/fr\/wp-json\/wp\/v2\/pages\/148950","targetHints":{"allow":["GET"]}}],"collection":[{"href":"https:\/\/www.masteritaly.com\/fr\/wp-json\/wp\/v2\/pages"}],"about":[{"href":"https:\/\/www.masteritaly.com\/fr\/wp-json\/wp\/v2\/types\/page"}],"author":[{"embeddable":true,"href":"https:\/\/www.masteritaly.com\/fr\/wp-json\/wp\/v2\/users\/1"}],"replies":[{"embeddable":true,"href":"https:\/\/www.masteritaly.com\/fr\/wp-json\/wp\/v2\/comments?post=148950"}],"version-history":[{"count":17,"href":"https:\/\/www.masteritaly.com\/fr\/wp-json\/wp\/v2\/pages\/148950\/revisions"}],"predecessor-version":[{"id":239243,"href":"https:\/\/www.masteritaly.com\/fr\/wp-json\/wp\/v2\/pages\/148950\/revisions\/239243"}],"wp:attachment":[{"href":"https:\/\/www.masteritaly.com\/fr\/wp-json\/wp\/v2\/media?parent=148950"}],"curies":[{"name":"wp","href":"https:\/\/api.w.org\/{rel}","templated":true}]}}