{"id":49074,"date":"2018-09-18T10:56:09","date_gmt":"2018-09-18T08:56:09","guid":{"rendered":"https:\/\/www.masteritaly.com\/informativa-privacy\/"},"modified":"2019-04-03T16:42:01","modified_gmt":"2019-04-03T14:42:01","slug":"informativa-privacy","status":"publish","type":"page","link":"https:\/\/www.masteritaly.com\/fr\/informativa-privacy\/","title":{"rendered":"Privacy Policy"},"content":{"rendered":"<h1>Information sur la Protection des donn\u00e9es personnelles<\/h1>\n<p>conform\u00e9ment \u00e0 l\u2019art. 13 du R\u00e8glement (UE) 2016\/679<\/p>\n<p> <\/p>\n<p>Cher client et cher fournisseur,<\/p>\n<p>r\u00e9glementation en vigueur et des principes de correction, sur la base des conditions de permissibilit\u00e9 pr\u00e9vues par l\u2019art. 6 du R\u00e8glement, de la transparence et de la protection de la confidentialit\u00e9 que cet article pr\u00e9voit.<\/p>\n<h4>1 Propri\u00e9taire du traitement des donn\u00e9es personnelles<\/h4>\n<p>Le propri\u00e9taire du traitement des donn\u00e9es (ci-apr\u00e8s \u00ab\u00a0Propri\u00e9taire\u00a0\u00bb), au sens des art. 4 et 26 et du R\u00e8glement, est Master Italy S.r.l., dont le si\u00e8ge social est sis \u00e0 S.P. 37 Conversano \u2013 Castiglione Km 0,570 \u2013 70014 Conversano (BA) \u2013 Italie \u2013 C.P. 112 (ci-apr\u00e8s \u00ab\u00a0Master Italy\u00a0\u00bb), et, dans le cadre de ses pr\u00e9rogatives, il pourra faire appel \u00e0 la collaboration de Responsables pour le traitement et\/ou de sujets d\u00e9sign\u00e9s, express\u00e9ment nomm\u00e9s, conform\u00e9ment \u00e0 l\u2019art. 2-quaterdecies du D. Lgs 196\/2003.<\/p>\n<h4>2 Finalit\u00e9 du traitement des donn\u00e9es personnelles<\/h4>\n<p>Les donn\u00e9es fournies au Propri\u00e9taire qui ne s\u2019inscrivent pas dans les cat\u00e9gories de donn\u00e9es personnelles selon l\u2019art. 9 du R\u00e8glement, seront trait\u00e9es par Master Italy aux fins suivantes\u00a0:<\/p>\n<p><em>2.a) d\u00e9marches administratives et comptables, li\u00e9es \u00e0 l\u2019activit\u00e9 \u00e9conomique de Master Italy,<\/em> par exemple, les exigences pr\u00e9-contractuelles, les offres, la r\u00e9daction des commandes, etc., respect des obligations l\u00e9gales, communautaires et contractuelles, contr\u00f4le des risques (notamment les fraudes, les insolvabilit\u00e9s, la fiabilit\u00e9, etc.), gestion des contentieux, gestion des instruments de paiement num\u00e9rique, gestion des stocks et des transports via des services de livraison externes\u00a0;<\/p>\n<p>Concernant les finalit\u00e9s du traitement \u00e9num\u00e9r\u00e9s au point 3.a) de la pr\u00e9sente note d\u2019information, le refus \u00e9ventuel de la personne concern\u00e9e de fournir les donn\u00e9es demand\u00e9es, rendra impossible l\u2019instauration de rapports contractuels.<\/p>\n<p>2.b) <em>profilage\u00a0<\/em>: \u00c0 travers son Site web, et les informations collect\u00e9es gr\u00e2ce aux cookies et \u00e0 d\u2019autres instruments de tra\u00e7age pr\u00e9sents sur le Site et sur l\u2019App, Master Italy, collecte des informations relatives \u00e0 vos habitudes, \u00e0 votre style de vie, des informations sur vos interactions avec Master Italy, ainsi que le d\u00e9tail des achats effectu\u00e9s afin de les utiliser pour la cr\u00e9ation de profils de groupe et de profils individuels (appel\u00e9e \u00ab\u00a0<em>profilage<\/em>\u00ab\u00a0) et l\u2019envoi de communications et d\u2019offres promotionnelles personnalis\u00e9es de produits et\/ou de services.<\/p>\n<p><em>2.c) marketing op\u00e9rationnel et strat\u00e9gique\u00a0:<\/em> soyez inform\u00e9 gr\u00e2ce \u00e0 l\u2019envoi de mat\u00e9riel promotionnel, parfois personnalis\u00e9, \u00e0 travers les newsletters p\u00e9riodiques (communications techniques, communications commerciales et promotionnelles relatives aux activit\u00e9s r\u00e9alis\u00e9es par Master, \u00e9v\u00e9nements, manifestations, formations de mise \u00e0 jour, etc.), des enqu\u00eates de march\u00e9, des op\u00e9rations de reciblage publicitaire, de t\u00e9l\u00e9marketing, de webmarketing, etc., r\u00e9alis\u00e9es par le Propri\u00e9taire dans son int\u00e9r\u00eat et dans l\u2019int\u00e9r\u00eat des soci\u00e9t\u00e9s li\u00e9es au Groupe Master, et\/ou dans l\u2019int\u00e9r\u00eat de soci\u00e9t\u00e9s tierces\u00a0; ces activit\u00e9s peuvent aussi \u00eatre directement r\u00e9alis\u00e9es par des soci\u00e9t\u00e9s charg\u00e9es par le Propri\u00e9taire d\u2019\u00eatre responsable du traitement, des services, des offres et des initiatives de Master Italy. Vous pourrez aussi participer \u00e0 des enqu\u00eates de march\u00e9 afin que nous connaissions mieux vos pr\u00e9f\u00e9rences et que nous puissions am\u00e9liorer notre offre\u00a0;<\/p>\n<p><em>2.d) Partage des promotions commerciales des Partenaires\u00a0:<\/em> communiquez vos donn\u00e9es \u00e0 nos partenaires commerciaux qui vous contacterons pour vous faire conna\u00eetre leurs offres, leurs promotions, leurs mises \u00e0 jour sur les produits et les services.<\/p>\n<p><em>2.e) Mesure de la satisfaction du client\u00a0:<\/em> mesures de votre degr\u00e9 de satisfaction afin d\u2019am\u00e9liorer nos produits\/services.<\/p>\n<p> <\/p>\n<h4>3 Modalit\u00e9s de collecte de vos donn\u00e9es personnelles<\/h4>\n<p>Vous avez pu nous communiquer vos donn\u00e9es au moment de l\u2019enregistrement apr\u00e8s avoir remplir le formulaire pr\u00e9sent dans cette page, et\/ou dans les points de vente \u00e0 travers les formulaires papier et\/ou \u00e9lectroniques lorsque vous avez rendu visite \u00e0 nos revendeurs, ou \u00e0 l\u2019occasion de manifestations, de salons et de foires auxquels a particip\u00e9 le Propri\u00e9taire ou organis\u00e9s par le Groupe Master, par des membres du r\u00e9seau de vente et d\u2019assistance de Master Italy, ou par les partenaires commerciaux de Master Italy, ou enfin lorsque vous avez interagi avec les sites, les applications internet et mobiles de Master Italy.<\/p>\n<h4>4 Bases juridiques des traitements<\/h4>\n<p>Selon l\u2019art. 6, alin\u00e9a 1, lett. b du R\u00e8glement, la base juridique du traitement concernant les finalit\u00e9s du point 3.a), est le respect de la relation contractuelle que vous avez stipul\u00e9e en remplissant le formulaire en ligne et\/ou les documents papier.<\/p>\n<p>La base juridique concernant les finalit\u00e9s des points 3.b), 3.c), 3.d), 3.e) est votre autorisation \u00e9ventuelle selon l\u2019art. 6, alin\u00e9a 1, lett. a, du R\u00e8glement. Vous pouvez librement r\u00e9voquer votre autorisation, en \u00e9crivant \u00e0\u00a0<a href=\"mailto:privacy@masteritaly.com\">privacy@masteritaly.com<\/a>.<\/p>\n<p>Nous pr\u00e9cisons qu\u2019en cas de r\u00e9vocation de l\u2019autorisation, vous ne recevrez plus aucun type de communications, d\u2019aucune sorte que ce soit. Par contre, si vous le souhaitez, vous pouvez annuler votre autorisation uniquement pour les communications par voie \u00e9lectronique (courriels, sms, messagerie instantan\u00e9e), en continuant de recevoir les communications techniques et\/ou commerciales par courrier postal ou par t\u00e9l\u00e9phone.<\/p>\n<p>Nous clarifions enfin que la fourniture de vos donn\u00e9es personnelles aux fins de marketing et de profilage cit\u00e9es plus haut, est facultative et qu\u2019un refus \u00e9ventuel n\u2019aura aucune cons\u00e9quence sur la possibilit\u00e9 d\u2019acheter les produits du Groupe Master ou de recevoir les informations, les mat\u00e9riels et les services demand\u00e9s, y compris les services apr\u00e8s-vente.<\/p>\n<h4>5\u00a0 Modalit\u00e9s du traitement<\/h4>\n<p>Les donn\u00e9es seront trait\u00e9es par du personnel et des collaborateurs de Master Italy ou par des entreprises express\u00e9ment nomm\u00e9es Responsables du traitement (par exemple, \u00e0 des fins de profilage) avec le support d\u2019outils informatiques, t\u00e9l\u00e9matiques et\/ou papier, selon des logiques \u00e9troitement li\u00e9es aux fins indiqu\u00e9es ci-dessus, et en adoptant dans tous les cas des proc\u00e9dures et des mesures pour pr\u00e9server la s\u00e9curit\u00e9 et la confidentialit\u00e9.<\/p>\n<h4>6\u00a0 Temps de conservation des donn\u00e9es<\/h4>\n<p>Vos donn\u00e9es personnelles sont conserv\u00e9es par Master Italy pendant le temps strictement n\u00e9cessaire \u00e0 l\u2019atteinte des objectifs pour lesquels elles ont \u00e9t\u00e9 collect\u00e9es et conform\u00e9ment aux obligations l\u00e9gales et r\u00e9glementaires applicables.<\/p>\n<p>Vos donn\u00e9es seront trait\u00e9es tant que vous \u00eates enregistr\u00e9s et\/ou pendant le temps strictement n\u00e9cessaire \u00e0 l\u2019atteinte des objectifs pour lesquels elles ont \u00e9t\u00e9 collect\u00e9es et conform\u00e9ment aux obligations l\u00e9gales et r\u00e9glementaires applicables. Les donn\u00e9es relatives au d\u00e9tail de vos achats seront trait\u00e9es \u00e0 des fins de profilage et de marketing pendant une p\u00e9riode maximum de 12 ou 24 mois respectivement, \u00e0 compter de l\u2019enregistrement de ces achats. Pour les activit\u00e9s n\u00e9cessaires \u00e0 l\u2019ex\u00e9cution d\u2019un contrat, les donn\u00e9es sont conserv\u00e9es \u00e0 des fins administratives et comptables pendant dix \u00e0 compter de la conclusion de ce contrat. La conservation pour des p\u00e9riodes plus longues peut avoir lieu si la loi l\u2019autorise et pour la d\u00e9fense de ses droits en cas de proc\u00e9dure judiciaire.<\/p>\n<h4>7\u00a0 Cadre des transferts et de la diffusion des donn\u00e9es personnelles<\/h4>\n<p>Dans le respect des finalit\u00e9s indiqu\u00e9es au point 3 et en consid\u00e9rant que toute communication \u00e0 des tiers se fait dans le respect de la loi, nous pourrons transf\u00e9rer les donn\u00e9es vers des pays de la Communaut\u00e9 europ\u00e9enne, aux sujets indiqu\u00e9s ci-apr\u00e8s\u00a0:<\/p>\n<ul>\n<li>soci\u00e9t\u00e9s li\u00e9es \u00e0 notre Groupe\u00a0;<\/li>\n<li>notre personnel, sp\u00e9cifiquement charg\u00e9 et inform\u00e9\u00a0;<\/li>\n<li>notre r\u00e9seau de vente\u00a0;<\/li>\n<li>notre \u00ab\u00a0Service clients\u00a0\u00bb\u00a0;<\/li>\n<li>banques et instituts de cr\u00e9dit\u00a0;<\/li>\n<li>consultants et professionnels (gestion du site web, archives informatiques, etc.)<\/li>\n<li>auditeurs comptables<\/li>\n<li>soci\u00e9t\u00e9s et\/ou personnes physiques qui nous fournissent les services CED et leur maintenance\u00a0;<\/li>\n<li>soci\u00e9t\u00e9s qui nous fournissent les services de profilage (par exemple Salesforce.com), nomm\u00e9es sp\u00e9cifiquement Responsables du traitement\u00a0;<\/li>\n<li>Livreurs, transporteurs et courriers\u00a0;<\/li>\n<li>services judiciaires, dans le cadre d\u2019enqu\u00eates p\u00e9nales ou autres sujets dont la facult\u00e9 d\u2019acc\u00e9der aux donn\u00e9es est reconnue et encadr\u00e9e par la loi\u00a0;<\/li>\n<li>soci\u00e9t\u00e9s, organismes et\/ou personnes physiques qui r\u00e9alisent des activit\u00e9s li\u00e9es, instrumentales et\/ou de support \u00e0 nos activit\u00e9s, ou des activit\u00e9s n\u00e9cessaires et\/ou fonctionnelles \u00e0 l\u2019ex\u00e9cution des contrats ou des services demand\u00e9s.<\/li>\n<\/ul>\n<p>En cas de n\u00e9cessit\u00e9 de transfert des donn\u00e9es hors de l\u2019UE ou \u00e0 des organisations internationales, le Propri\u00e9taire s\u2019engage \u00e0 pr\u00e9ciser \u00e0 la personne concern\u00e9e s\u2019il existe une d\u00e9cision de transposition de la Commission UE, c\u2019est-\u00e0-dire si la Commission a \u00e9tabli que le pays tiers, un territoire ou bien un ou plusieurs secteurs sp\u00e9cifiques dans un pays tiers, ou encore l\u2019organisation internationale en question, garantissent un niveau de protection ad\u00e9quat. Dans ce cas, le transfert ne requiert pas d\u2019autorisations sp\u00e9cifique. Mais si ce n\u2019est pas le cas, le transfert doit faire r\u00e9f\u00e9rence aux garanties appropri\u00e9es ou n\u00e9cessaires et il faut indiquer les moyens entrepris pour obtenir une copie de ces donn\u00e9es ou le lieu o\u00f9 elles sont devenues disponibles.<\/p>\n<h4>8 Droits de la personne concern\u00e9e<\/h4>\n<p>Par communication \u00e0 envoyer l\u2019adresse \u00e9lectronique\u00a0<a href=\"mailto:privacy@masteritaly.com\">privacy@masteritaly.com<\/a>\u00a0la personne concern\u00e9e a le droit, \u00e0 tout moment, d\u2019exercer les droits pr\u00e9vus par l\u2019art. 15 et suivants du R\u00e8glement.<\/p>\n<p>Votre droit de r\u00e9voquer \u00e0 tout moment l\u2019autorisation au traitement que vous avez donn\u00e9es et \u00e0 vous opposer au traitement fait de vos donn\u00e9es, notamment \u00e0 des fins de marketing et d\u2019analyse de vos pr\u00e9f\u00e9rences, est inamovible.<\/p>\n<p>Mais si vous le souhaitez, vous pouvez annuler votre autorisation uniquement pour les communications par voie \u00e9lectronique (courriels, sms, messagerie instantan\u00e9e), en continuant de recevoir les communications techniques, informatives et\/ou commerciales par courrier postal ou par t\u00e9l\u00e9phone.<\/p>\n<p>Les personnes concern\u00e9es qui estiment que le traitement des donn\u00e9es personnelles les concernant, r\u00e9alis\u00e9 \u00e0 travers ce service, viole le R\u00e8glement, ont le droit de pr\u00e9senter une r\u00e9clamation au Contr\u00f4leur, comme pr\u00e9vu par l\u2019art. 77 du R\u00e8glement, ou de recourir aux voies l\u00e9gales conform\u00e9ment \u00e0 l\u2019art. 79 du R\u00e8glement.<\/p>\n<p><strong>9\u00a0 \u00a0 \u00a0Donn\u00e9s de contact du DPO<\/strong><\/p>\n<p>Le Data Protection Officer, d\u00e9sign\u00e9 par le Group Master\u00a0conform\u00e9ment \u00e0 l\u2019art. 37 par. 2 du R\u00e8glement, peut \u00eatre contact\u00e9 \u00e0 l\u2019adresse mail\u00a0<a href=\"mailto:privacy@masteritaly.com\">privacy@masteritaly.com<\/a><\/p>\n<h4>10\u00a0 \u00a0 \u00a0Exercice des droits<\/h4>\n<p>Vous pouvez utiliser les coordonn\u00e9es indiqu\u00e9es ci-dessus pour acc\u00e9der \u00e0 la liste actualis\u00e9e de nos Responsables du traitement, des sujets auxquels les donn\u00e9es ont \u00e9t\u00e9 communiqu\u00e9es, et pour exercer les droits pr\u00e9vus aux art. 15 \u00e0 22 du R\u00e8glement. La personne concern\u00e9e devra adresser sa demande \u00e9crite de l\u2019une des mani\u00e8res suivantes\u00a0:<\/p>\n<ul>\n<li>Par courrier \u00e9lectronique \u00e0 l\u2019adresse sp\u00e9cifique\u00a0:\u00a0<a href=\"mailto:privacy@masteritaly.com\">privacy@masteritaly.com<\/a><\/li>\n<li>Par t\u00e9l\u00e9fax, au num\u00e9ro suivant\u00a0: +39.080.4959030<\/li>\n<li>Par lettre recommand\u00e9e, \u00e0 l\u2019adresse suivante\u00a0: SP 37 Conversano-Castiglione Km 0,700 \u2013 70014 Conversano (Bari) \u2013 Italie<\/li>\n<\/ul>\n<h4>11 Suppression du service newsletter<\/h4>\n<p>Si vous ne voulez plus recevoir notre newsletter, vous pouvez \u00e9crire \u00e0 l\u2019adresse \u00e9lectronique\u00a0<a href=\"mailto:%20sitoweb@masteritaly.com\">\u00a0marketing@masteritaly.com<\/a>\u00a0 en pr\u00e9cisant dans l\u2019objet <em>\u00ab\u00a0Annuler l\u2019inscription \u00e0 la newsletter\u00a0\u00bb<\/em>.<\/p>\n<p> <\/p>\n<h2>Information sur l\u2019utilisation des cookies<\/h2>\n<p><a class=\"button\" href=\"https:\/\/www.masteritaly.com\/informativa-cookies\/\">Lire l\u2019information<\/a><\/p>\n","protected":false},"excerpt":{"rendered":"<p>Information sur la Protection des donn\u00e9es personnelles conform\u00e9ment \u00e0 l\u2019art. 13 du R\u00e8glement (UE) 2016\/679 Cher client et cher fournisseur, r\u00e9glementation en vigueur et des principes de correction, sur la base des conditions de permissibilit\u00e9 pr\u00e9vues par l\u2019art. 6 du R\u00e8glement, de la transparence et de la protection de la confidentialit\u00e9 que cet article pr\u00e9voit. [\u2026]<\/p>\n","protected":false},"author":1,"featured_media":0,"parent":0,"menu_order":0,"comment_status":"closed","ping_status":"closed","template":"","meta":{"_acf_changed":false,"footnotes":""},"class_list":["post-49074","page","type-page","status-publish","hentry"],"acf":[],"aioseo_notices":[],"publishpress_future_action":{"enabled":false,"date":"2026-04-26 04:30:30","action":"change-status","newStatus":"draft","terms":[],"taxonomy":"translation_priority","extraData":[]},"publishpress_future_workflow_manual_trigger":{"enabledWorkflows":[]},"_links":{"self":[{"href":"https:\/\/www.masteritaly.com\/fr\/wp-json\/wp\/v2\/pages\/49074","targetHints":{"allow":["GET"]}}],"collection":[{"href":"https:\/\/www.masteritaly.com\/fr\/wp-json\/wp\/v2\/pages"}],"about":[{"href":"https:\/\/www.masteritaly.com\/fr\/wp-json\/wp\/v2\/types\/page"}],"author":[{"embeddable":true,"href":"https:\/\/www.masteritaly.com\/fr\/wp-json\/wp\/v2\/users\/1"}],"replies":[{"embeddable":true,"href":"https:\/\/www.masteritaly.com\/fr\/wp-json\/wp\/v2\/comments?post=49074"}],"version-history":[{"count":5,"href":"https:\/\/www.masteritaly.com\/fr\/wp-json\/wp\/v2\/pages\/49074\/revisions"}],"predecessor-version":[{"id":51195,"href":"https:\/\/www.masteritaly.com\/fr\/wp-json\/wp\/v2\/pages\/49074\/revisions\/51195"}],"wp:attachment":[{"href":"https:\/\/www.masteritaly.com\/fr\/wp-json\/wp\/v2\/media?parent=49074"}],"curies":[{"name":"wp","href":"https:\/\/api.w.org\/{rel}","templated":true}]}}