{"id":49079,"date":"2018-10-16T11:23:53","date_gmt":"2018-10-16T09:23:53","guid":{"rendered":"https:\/\/www.masteritaly.com\/programma-ween\/"},"modified":"2022-04-11T15:12:44","modified_gmt":"2022-04-11T13:12:44","slug":"programme-ween","status":"publish","type":"page","link":"https:\/\/www.masteritaly.com\/fr\/programme-ween\/","title":{"rendered":"Programme Ween"},"content":{"rendered":"<p>L\u2019introduction d\u2019une <strong>gamme modulaire et compl\u00e8te, l\u2019augmentation de la capacit\u00e9, la simplicit\u00e9 et l\u2019assemblage intuitif, son caract\u00e8re<\/strong> \u00ab\u00a0vert\u00a0\u00bb prononc\u00e9 font de Ween la r\u00e9ponse aux principaux besoins exig\u00e9s aujourd\u2019hui dans le secteur de la menuiserie et de la conception qui est de plus en plus confront\u00e9 \u00e0 la demande de tr\u00e8s grandes surfaces vitr\u00e9es et de performances \u00e9nerg\u00e9tiques \u00e9lev\u00e9es.<\/p>\n<p><strong>Le nom Ween est la combinaison de deux mots : Windows et Green. C\u2019est un concept de produit unique<\/strong>. En effet, Master poursuit son engagement \u00e9cologique en signant l\u2019accord volontaire conclu avec le<strong> <b>Minist\u00e8re italien de la Transition Ecologique<\/b><\/strong>\u00a0o\u00f9 il s\u2019engage, en tant que premi\u00e8re entreprise du secteur des accessoires ferrures pour menuiserie, \u00e0 d\u00e9finir une m\u00e9thodologie de calcul des \u00e9missions de CO2 afin de pouvoir concevoir et mettre en \u0153uvre des actions d\u2019am\u00e9lioration et de r\u00e9duction de la production de ses composants.<\/p>\n<p><strong>Intuitivit\u00e9, caract\u00e8re complet de la gamme et \u00e9thique :<\/strong> voici les principaux ingr\u00e9dients qui soulignent le grand design et la passion cach\u00e9s derri\u00e8re ce produit.<\/p>\n<h3>Pourquoi choisir Ween<\/h3>\n<hr \/>\n<p><strong>Simple et intuitif<\/strong><\/p>\n<ol>\n<li>Assemblage assist\u00e9 avec des mod\u00e8les de r\u00e9f\u00e9rence ;<\/li>\n<li>Kit de fermeture suppl\u00e9mentaire applicable sur place sans d\u00e9monter la porte ;<\/li>\n<li>Assemblage et ajustements r\u00e9alisables \u00e0 l\u2019aide de deux outils seulement ;<\/li>\n<li>Charni\u00e8re inf\u00e9rieure avec trois ajustements ind\u00e9pendants :hauteur +\/- 2mm ; \u00e9chappement +\/- 1mm pression \u2013 0.5mm ;<\/li>\n<li>Bras avec r\u00e9glage sous pression (accessible avec ferrure en position de battant\/abattant) ;<\/li>\n<li>R\u00e9glage sous pression (+\/- 2,5 mm) au moyen de but\u00e9es r\u00e9glables.<\/li>\n<\/ol>\n<p><strong>Compact et durable<\/strong><\/p>\n<ol>\n<li>Capacit\u00e9 de 160 kg en appliquant une seule vis suppl\u00e9mentaire sur la charni\u00e8re sup\u00e9rieure ;<\/li>\n<li>Capacit\u00e9 de 100 kg sans application d\u2019une vis suppl\u00e9mentaire ;<\/li>\n<li>Trois points de verrouillage standard sur le c\u00f4t\u00e9 cr\u00e9mone ;<\/li>\n<li>Certification conforme \u00e0 la norme UNI EN 13126-8: 2006 ;<\/li>\n<li>Support de porte avec rouleau en laiton standard.<\/li>\n<\/ol>\n<p><strong>Gamme compl\u00e8te et modulaire<\/strong><\/p>\n<ol>\n<li>Peut \u00eatre utilis\u00e9 avec une cr\u00e9mone et une b\u00e9quille, dans les versions avec et sans cl\u00e9 ;<\/li>\n<li>Disponible dans les versions de man\u0153uvre logique et traditionnelle, avec man\u0153uvre anti-fausse sup\u00e9rieure :<\/li>\n<li>Faible nombre d\u2019articles r\u00e9pondant \u00e0 un large \u00e9ventail d\u2019exigences r\u00e9alisables ; sur la cr\u00e9mone et sur le dispositif unidirectionnel ;<\/li>\n<li>Kit de fermeture suppl\u00e9mentaire unique pour le c\u00f4t\u00e9 charni\u00e8re et la traverse horizontale ;<\/li>\n<li>Applicabilit\u00e9 d\u2019un bras suppl\u00e9mentaire pour L > 1200 mm ;<\/li>\n<li>Adaptabilit\u00e9 sur des seuils rabaiss\u00e9s pour la suppression des barri\u00e8res architecturales ;<\/li>\n<li>Les accessoires de la porte lat\u00e9rale permettent les m\u00eames r\u00e9glages du kit A\/R ;<\/li>\n<li>Charni\u00e8res sym\u00e9triques ;<\/li>\n<li>Adaptable \u00e0 toutes les versions de pi\u00e8ces europ\u00e9ennes pr\u00e9sentes sur le march\u00e9.<\/li>\n<\/ol>\n<p><strong>Ethique et vert<\/strong><\/p>\n<ol>\n<li>Fait l\u2019objet d\u2019un suivi de l\u2019impact environnemental tout au long de son cycle de vie (ACV) ;<\/li>\n<li>Participe \u00e0 l\u2019accord avec le\u00a0Minist\u00e8re italien de la Transition Ecologique\u00a0 en vue de r\u00e9duire l\u2019empreinte environnementale ;<\/li>\n<\/ol>\n<p> <\/p>\n<p><a class=\"button\" href=\"https:\/\/www.masteritaly.com\/wp-content\/uploads\/2022\/03\/PROGRAMMA-WEEN-2022_rev_25_03.pdf\" target=\"_blank\" rel=\"noopener\">T\u00e9l\u00e9charger la Brochure<\/a><\/p>\n<p><a class=\"button\" href=\"https:\/\/www.masteritaly.com\/catalogo\/fr\/shop\/ween\/\">ALLER AU CATALOGUE<\/a><\/p>\n<p> <\/p>\n<hr \/>\n<h4>WEEN HIDE 110 : le nouveau programme avec charni\u00e8res escamotables et ouverture \u00e0 110 \u00b0<\/h4>\n<p>WEEN HIDE 110 est con\u00e7u pour des charges pouvant aller jusqu\u2019\u00e0 120 kg avec une ouverture \u00e0 110 \u00b0. Il peut atteindre 150 kg avec un support appropri\u00e9. Rapide et facile \u00e0 assembler gr\u00e2ce au syst\u00e8me de montage rapide et \u00e0 la charni\u00e8re multi-link permettant un r\u00e9glage 3D.<\/p>\n<p><a class=\"button\" href=\"https:\/\/www.masteritaly.com\/wp-content\/uploads\/2018\/10\/Ween_Hide_110.pdf\" target=\"_blank\" rel=\"noopener\">T\u00e9l\u00e9charger la Brochure<\/a><\/p>\n<p><a class=\"button\" href=\"https:\/\/www.masteritaly.com\/catalogo\/fr\/shop\/ween-hide-110\/\">ALLER AU CATALOGUE<\/a><\/p>\n<hr \/>\n<h4>WEEN HIDE 180 : le nouveau programme avec charni\u00e8res escamotables et ouverture \u00e0 180 \u00b0<\/h4>\n<p>WEEN HIDE 180 est con\u00e7u pour des charges pouvant aller jusqu\u2019\u00e0 130 kg avec une ouverture \u00e0 180 \u00b0. Il peut atteindre 170 kg avec un angle d\u2019ouverture de 90 \u00b0. Rapide et facile \u00e0 assembler gr\u00e2ce au syst\u00e8me de montage rapide et \u00e0 la charni\u00e8re multi-link permettant un r\u00e9glage 3D.<\/p>\n<p><a class=\"button\" href=\"https:\/\/www.masteritaly.com\/wp-content\/uploads\/2022\/04\/WH180_NEW_WEB.pdf\" target=\"_blank\" rel=\"noopener\">T\u00e9l\u00e9charger la Brochure<\/a><\/p>\n<p><a class=\"button\" href=\"https:\/\/www.masteritaly.com\/catalogo\/fr\/shop\/ween-hide-180\/\">ALLER AU CATALOGUE<\/a><\/p>\n","protected":false},"excerpt":{"rendered":"<p>L\u2019introduction d\u2019une gamme modulaire et compl\u00e8te, l\u2019augmentation de la capacit\u00e9, la simplicit\u00e9 et l\u2019assemblage intuitif, son caract\u00e8re \u00ab\u00a0vert\u00a0\u00bb prononc\u00e9 font de Ween la r\u00e9ponse aux principaux besoins exig\u00e9s aujourd\u2019hui dans le secteur de la menuiserie et de la conception qui est de plus en plus confront\u00e9 \u00e0 la demande de tr\u00e8s grandes surfaces vitr\u00e9es et [\u2026]<\/p>\n","protected":false},"author":1,"featured_media":0,"parent":0,"menu_order":0,"comment_status":"closed","ping_status":"closed","template":"template-landing-page.php","meta":{"_acf_changed":false,"footnotes":""},"class_list":["post-49079","page","type-page","status-publish","hentry"],"acf":[],"aioseo_notices":[],"publishpress_future_action":{"enabled":false,"date":"2026-05-07 23:05:30","action":"change-status","newStatus":"draft","terms":[],"taxonomy":"translation_priority","extraData":[]},"publishpress_future_workflow_manual_trigger":{"enabledWorkflows":[]},"_links":{"self":[{"href":"https:\/\/www.masteritaly.com\/fr\/wp-json\/wp\/v2\/pages\/49079","targetHints":{"allow":["GET"]}}],"collection":[{"href":"https:\/\/www.masteritaly.com\/fr\/wp-json\/wp\/v2\/pages"}],"about":[{"href":"https:\/\/www.masteritaly.com\/fr\/wp-json\/wp\/v2\/types\/page"}],"author":[{"embeddable":true,"href":"https:\/\/www.masteritaly.com\/fr\/wp-json\/wp\/v2\/users\/1"}],"replies":[{"embeddable":true,"href":"https:\/\/www.masteritaly.com\/fr\/wp-json\/wp\/v2\/comments?post=49079"}],"version-history":[{"count":14,"href":"https:\/\/www.masteritaly.com\/fr\/wp-json\/wp\/v2\/pages\/49079\/revisions"}],"predecessor-version":[{"id":51567,"href":"https:\/\/www.masteritaly.com\/fr\/wp-json\/wp\/v2\/pages\/49079\/revisions\/51567"}],"wp:attachment":[{"href":"https:\/\/www.masteritaly.com\/fr\/wp-json\/wp\/v2\/media?parent=49079"}],"curies":[{"name":"wp","href":"https:\/\/api.w.org\/{rel}","templated":true}]}}