{"id":49102,"date":"2018-10-15T17:12:31","date_gmt":"2018-10-15T15:12:31","guid":{"rendered":"https:\/\/www.masteritaly.com\/tuttavista\/"},"modified":"2021-05-12T13:35:16","modified_gmt":"2021-05-12T11:35:16","slug":"tuttavista","status":"publish","type":"page","link":"https:\/\/www.masteritaly.com\/fr\/tuttavista\/","title":{"rendered":"Tuttavista"},"content":{"rendered":"<p>Le nouveau syst\u00e8me coulissant \u00abTUTTAVISTA\u00bb se pr\u00e9sente avec ses caract\u00e9ristiques substantielles de luminosit\u00e9 et visibilit\u00e9.<\/p>\n<p>Le vitrage \u00e9l\u00e9gant et discret est le nouveau protagoniste de l\u2019espace entre int\u00e9rieur et ext\u00e9rieur; hautes prestations sont garanties par l\u2019am\u00e9lioration des capacit\u00e9s hermiques et acoustiques. Le dormant peut \u00eatre compl\u00e8tement cach\u00e9 dans les murs, l\u2019ouvrant se pr\u00e9sente comme une fine encadrement du vitrage, avec une \u00e9paisseur \u00e0 vue de seulement 10 mm.<\/p>\n<p>Chaque vantail peut avoir une port\u00e9e maxime de 500 kg, avec un vitrage d\u2019\u00e9paisseur 42 mm . Le mouvement est tr\u00e8s agile sur les chariot avec roulettes en acier de dimensions r\u00e9duites.<\/p>\n<p>\u00abTUTTAVISTA\u00bboffre une ouverture jusqu\u2019\u00e0 4 m d\u2019hauteur , en plein respect des normes en vigueur et des plus comp\u00e9titifs standards productifs. De plus, il est possible d\u2019appliquer un actionneur qui permet l\u2019ouverture motoris\u00e9e du vantail.<\/p>\n<p>La durabilit\u00e9 de l\u2019aluminium garantit la stabilit\u00e9 dans le temps et r\u00e9duit au minimum la n\u00e9cessit\u00e9 de manutention.<\/p>\n<p> <\/p>\n<h4>TYPOLOGIES D\u2019OUVERTURES<\/h4>\n<p><img loading=\"lazy\" decoding=\"async\" class=\"alignnone wp-image-47483\" src=\"https:\/\/www.masteritaly.com\/wp-content\/uploads\/2018\/12\/aperture-tuttavista_en.jpg\" alt=\"aperture-tuttavista_en\" width=\"937\" height=\"187\" \/><\/p>\n<p> <\/p>\n<p><a class=\"button\" href=\"https:\/\/www.masteritaly.com\/wp-content\/uploads\/2018\/10\/Master-TUTTAVISTA-ITA-ENG_def.pdf\" target=\"_blank\" rel=\"noopener\">T\u00e9l\u00e9charger la brochure<\/a><\/p>\n","protected":false},"excerpt":{"rendered":"<p>Le nouveau syst\u00e8me coulissant \u00abTUTTAVISTA\u00bb se pr\u00e9sente avec ses caract\u00e9ristiques substantielles de luminosit\u00e9 et visibilit\u00e9. Le vitrage \u00e9l\u00e9gant et discret est le nouveau protagoniste de l\u2019espace entre int\u00e9rieur et ext\u00e9rieur; hautes prestations sont garanties par l\u2019am\u00e9lioration des capacit\u00e9s hermiques et acoustiques. Le dormant peut \u00eatre compl\u00e8tement cach\u00e9 dans les murs, l\u2019ouvrant se pr\u00e9sente comme une [\u2026]<\/p>\n","protected":false},"author":1,"featured_media":0,"parent":0,"menu_order":0,"comment_status":"closed","ping_status":"closed","template":"template-landing-page.php","meta":{"_acf_changed":false,"footnotes":""},"class_list":["post-49102","page","type-page","status-publish","hentry"],"acf":[],"aioseo_notices":[],"publishpress_future_action":{"enabled":false,"date":"2026-05-13 06:43:48","action":"change-status","newStatus":"draft","terms":[],"taxonomy":"translation_priority","extraData":[]},"publishpress_future_workflow_manual_trigger":{"enabledWorkflows":[]},"_links":{"self":[{"href":"https:\/\/www.masteritaly.com\/fr\/wp-json\/wp\/v2\/pages\/49102","targetHints":{"allow":["GET"]}}],"collection":[{"href":"https:\/\/www.masteritaly.com\/fr\/wp-json\/wp\/v2\/pages"}],"about":[{"href":"https:\/\/www.masteritaly.com\/fr\/wp-json\/wp\/v2\/types\/page"}],"author":[{"embeddable":true,"href":"https:\/\/www.masteritaly.com\/fr\/wp-json\/wp\/v2\/users\/1"}],"replies":[{"embeddable":true,"href":"https:\/\/www.masteritaly.com\/fr\/wp-json\/wp\/v2\/comments?post=49102"}],"version-history":[{"count":5,"href":"https:\/\/www.masteritaly.com\/fr\/wp-json\/wp\/v2\/pages\/49102\/revisions"}],"predecessor-version":[{"id":77808,"href":"https:\/\/www.masteritaly.com\/fr\/wp-json\/wp\/v2\/pages\/49102\/revisions\/77808"}],"wp:attachment":[{"href":"https:\/\/www.masteritaly.com\/fr\/wp-json\/wp\/v2\/media?parent=49102"}],"curies":[{"name":"wp","href":"https:\/\/api.w.org\/{rel}","templated":true}]}}