{"id":58390,"date":"2019-08-08T16:35:38","date_gmt":"2019-08-08T14:35:38","guid":{"rendered":"https:\/\/www.masteritaly.com\/?page_id=58390"},"modified":"2019-11-11T15:09:24","modified_gmt":"2019-11-11T14:09:24","slug":"poinconneuse-manuelle-pour-couper-les-tiges-en-polyamide","status":"publish","type":"page","link":"https:\/\/www.masteritaly.com\/fr\/poinconneuse-manuelle-pour-couper-les-tiges-en-polyamide\/","title":{"rendered":"Poin\u00e7onneuse manuelle pour couper les tiges en polyamide"},"content":{"rendered":"<p>La nouvelle poin\u00e7onneuse manuelle pour couper les tiges en polyamide permet de r\u00e9aliser de mani\u00e8re simple et intuitive toutes les op\u00e9rations n\u00e9cessaires \u00e0 la pr\u00e9paration des les tiges pour les syst\u00e8mes O\/B Master.<br \/>\nEn fait, la tige m\u00e9trique innovante \u00e0 6 positions permet de couper les tiges O\/B de mani\u00e8re simplifi\u00e9e en ins\u00e9rant uniquement la largeur du vantail \/ hauteur du vantail \/ position du manche.<\/p>\n<p>La machine fonctionne indiff\u00e9remment sur les tiges en polyamide CE ou R40 et est compatible avec tous les syst\u00e8mes\u00a0 O\/B Master gr\u00e2ce aux\u00a0 les tiges m\u00e9triques d\u00e9di\u00e9es des programmes suivants:<\/p>\n<ul>\n<li>Program WEEN CE(Art. 2015.2);<\/li>\n<li>Program WEEN R40 (Art. 2015.3);<\/li>\n<li>2.0 O\/B (Art. 2015.4).<\/li>\n<\/ul>\n<p> <\/p>\n<h4>Caract\u00e9ristiques :<\/h4>\n<ul>\n<li>La tige m\u00e9trique innovante \u00e0 6 positions<\/li>\n<li>Porte-rouleau est compatible les tiges en polyamide Master CE et R40 (2010.1\/2010.2)<\/li>\n<li>Possibilit\u00e9 de couper les tiges en polyamide pour O\/B avec bequille a poignee et O\/B avec poumelle invisible (en utilisant des gabarits sp\u00e9ciaux)<\/li>\n<li>Unit\u00e9 de perforation unique pour toutes les solutions<\/li>\n<li>Les tiges m\u00e9triques d\u00e9di\u00e9es des programmes suivants: Program WEEN CE(Art. 2015.2), Program WEEN R40 (Art. 2015.3), 2.0 O\/B (Art. 2015.4).<\/li>\n<\/ul>\n<p> <\/p>\n<h4>Types de fonctions:<\/h4>\n<ul>\n<li>Trou unique<\/li>\n<li>Coupe et trou unique<\/li>\n<li>Triple trou et coupe<\/li>\n<\/ul>\n<p> <\/p>\n<p><a class=\"button\" href=\"https:\/\/www.masteritaly.com\/wp-content\/uploads\/2019\/08\/punzonatrice_BROCHURE_DEF-1.pdf\" target=\"_blank\" rel=\"noopener\">Decouvrez plus\u00a0<\/a><\/p>\n<p><a class=\"button\" href=\"https:\/\/www.masteritaly.com\/catalogo\/fr\/shop\/?search=punzonatrice\">Aller au catalogue\u00a0<\/a><\/p>\n<p> <\/p>\n<hr \/>\n<p> <\/p>\n","protected":false},"excerpt":{"rendered":"<p>La nouvelle poin\u00e7onneuse manuelle pour couper les tiges en polyamide permet de r\u00e9aliser de mani\u00e8re simple et intuitive toutes les op\u00e9rations n\u00e9cessaires \u00e0 la pr\u00e9paration des les tiges pour les syst\u00e8mes O\/B Master. En fait, la tige m\u00e9trique innovante \u00e0 6 positions permet de couper les tiges O\/B de mani\u00e8re simplifi\u00e9e en ins\u00e9rant uniquement la [\u2026]<\/p>\n","protected":false},"author":4,"featured_media":0,"parent":0,"menu_order":0,"comment_status":"closed","ping_status":"closed","template":"template-landing-page.php","meta":{"_acf_changed":false,"footnotes":""},"class_list":["post-58390","page","type-page","status-publish","hentry"],"acf":[],"aioseo_notices":[],"publishpress_future_action":{"enabled":false,"date":"2026-04-30 01:01:33","action":"change-status","newStatus":"draft","terms":[],"taxonomy":"translation_priority","extraData":[]},"publishpress_future_workflow_manual_trigger":{"enabledWorkflows":[]},"_links":{"self":[{"href":"https:\/\/www.masteritaly.com\/fr\/wp-json\/wp\/v2\/pages\/58390","targetHints":{"allow":["GET"]}}],"collection":[{"href":"https:\/\/www.masteritaly.com\/fr\/wp-json\/wp\/v2\/pages"}],"about":[{"href":"https:\/\/www.masteritaly.com\/fr\/wp-json\/wp\/v2\/types\/page"}],"author":[{"embeddable":true,"href":"https:\/\/www.masteritaly.com\/fr\/wp-json\/wp\/v2\/users\/4"}],"replies":[{"embeddable":true,"href":"https:\/\/www.masteritaly.com\/fr\/wp-json\/wp\/v2\/comments?post=58390"}],"version-history":[{"count":11,"href":"https:\/\/www.masteritaly.com\/fr\/wp-json\/wp\/v2\/pages\/58390\/revisions"}],"predecessor-version":[{"id":61085,"href":"https:\/\/www.masteritaly.com\/fr\/wp-json\/wp\/v2\/pages\/58390\/revisions\/61085"}],"wp:attachment":[{"href":"https:\/\/www.masteritaly.com\/fr\/wp-json\/wp\/v2\/media?parent=58390"}],"curies":[{"name":"wp","href":"https:\/\/api.w.org\/{rel}","templated":true}]}}