{"id":64697,"date":"2020-04-07T17:10:33","date_gmt":"2020-04-07T15:10:33","guid":{"rendered":"https:\/\/www.masteritaly.com\/?page_id=64697"},"modified":"2021-05-12T13:34:57","modified_gmt":"2021-05-12T11:34:57","slug":"a-distance-mais-unis","status":"publish","type":"page","link":"https:\/\/www.masteritaly.com\/fr\/a-distance-mais-unis\/","title":{"rendered":"A distance mais unis"},"content":{"rendered":"<h3>PROTOCOLE EN BREF \u201cSAFE IN MASTER\u201d<\/h3>\n<p> <\/p>\n<p>Nous avons r\u00e9ouvert nos bureaux et usines en plaine respect de toutes les mesures de pr\u00e9vention et s\u00e9curit\u00e9. Pour assurer le respect de toutes <strong>les mesures de pr\u00e9vention et s\u00e9curit\u00e9 des personnes,<\/strong> nous avons \u00e9mis un protocole de s\u00e9curit\u00e9 visant \u00e0 garantir la reprise du travail dans le plus grand respect des personnes \u00e0 l\u2019interne (<strong>employ\u00e9s<\/strong>) et \u00e0 l\u2019externe (<strong>clients, fournisseurs et consultants<\/strong>)\u00a0: un des objectifs primaires de cette entreprise est toujours la protection de la sant\u00e9 et de la s\u00e9curit\u00e9 des personnes.<\/p>\n<p><a class=\"button\" href=\"https:\/\/www.masteritaly.com\/wp-content\/uploads\/2020\/04\/SAFE-IN-MASTER_ENG-1.pdf\">T\u00e9l\u00e9charger le Protocole en bref\u00a0<\/a><\/p>\n<p> <\/p>\n<p><img loading=\"lazy\" decoding=\"async\" class=\"alignnone wp-image-65277 size-large\" src=\"https:\/\/www.masteritaly.com\/wp-content\/uploads\/2020\/04\/SAFE-IN-MASTER3-1024x295.jpg\" alt=\"SAFE-IN-MASTER3-1024x295\" width=\"1024\" height=\"295\" srcset=\"https:\/\/www.masteritaly.com\/wp-content\/uploads\/2020\/04\/SAFE-IN-MASTER3-1024x295.jpg 1024w, https:\/\/www.masteritaly.com\/wp-content\/uploads\/2020\/04\/SAFE-IN-MASTER3-300x87.jpg 300w, https:\/\/www.masteritaly.com\/wp-content\/uploads\/2020\/04\/SAFE-IN-MASTER3-768x222.jpg 768w, https:\/\/www.masteritaly.com\/wp-content\/uploads\/2020\/04\/SAFE-IN-MASTER3.jpg 1920w\" sizes=\"auto, (max-width: 1024px) 100vw, 1024px\" \/><\/p>\n<p> <\/p>\n<p> <\/p>\n<p><strong>#ADISTANCEMAISUNIS <\/strong><\/p>\n<p>Aujourd\u2019hui, nous sommes en train d\u2019apprendre \u00e0 donner un nouveau sens \u00e0 la parole <strong><em>\u201cdistance\u201d<\/em><\/strong>, pas plus r\u00e9f\u00e9r\u00e9e \u00e0 un espace physique mais \u00e0 une condition personnelle: <strong>la distanciation sociale<\/strong>.<\/p>\n<p>Nous essayons quotidiennement <strong>l\u2019impossibilit\u00e9 du contact physique<\/strong> surtout avec les personnes \u00e0 nous plus ch\u00e8res. Sans doute <strong>nous pensons d\u2019avoir annul\u00e9 les distances<\/strong> gr\u00e2ce aux progr\u00e8s du monde digitale, mais nous sommes en train de nous rendre compte de la <strong>valeur d\u2019une embrassade, d\u2019une tape dans le dos ou d\u2019une simple poign\u00e9e de main<\/strong>.<\/p>\n<p>Dans tout \u00e7a il y a cependant un paradoxe : <strong>la pand\u00e9mie nous oblige \u00e0 \u00eatre A DISTANCE, mais nous UNIFIE tous dans le m\u00eame sort. \u00a0<\/strong><\/p>\n<p><strong>N\u2019importe quel r\u00f4le nous avons et o\u00f9 que nous sommes<\/strong>, nous sommes appel\u00e9s \u00e0 d\u00e9montrer nos <strong>sens d\u2019appartenance \u00e0 la<\/strong> <strong>communaut\u00e9 dans laquelle nous op\u00e9rons<\/strong>, parce que chacun avec ses actions se rende responsable du sort des autres.<\/p>\n<p><strong>A distance mais unis<\/strong>, <strong>ensemble nous en sortirons plus forts. <\/strong><\/p>\n","protected":false},"excerpt":{"rendered":"<p>PROTOCOLE EN BREF \u201cSAFE IN MASTER\u201d Nous avons r\u00e9ouvert nos bureaux et usines en plaine respect de toutes les mesures de pr\u00e9vention et s\u00e9curit\u00e9. Pour assurer le respect de toutes les mesures de pr\u00e9vention et s\u00e9curit\u00e9 des personnes, nous avons \u00e9mis un protocole de s\u00e9curit\u00e9 visant \u00e0 garantir la reprise du travail dans le plus [\u2026]<\/p>\n","protected":false},"author":4,"featured_media":0,"parent":0,"menu_order":0,"comment_status":"closed","ping_status":"closed","template":"template-landing-page.php","meta":{"_acf_changed":false,"footnotes":""},"class_list":["post-64697","page","type-page","status-publish","hentry"],"acf":[],"aioseo_notices":[],"publishpress_future_action":{"enabled":false,"date":"2026-04-20 12:01:40","action":"change-status","newStatus":"draft","terms":[],"taxonomy":"translation_priority","extraData":[]},"publishpress_future_workflow_manual_trigger":{"enabledWorkflows":[]},"_links":{"self":[{"href":"https:\/\/www.masteritaly.com\/fr\/wp-json\/wp\/v2\/pages\/64697","targetHints":{"allow":["GET"]}}],"collection":[{"href":"https:\/\/www.masteritaly.com\/fr\/wp-json\/wp\/v2\/pages"}],"about":[{"href":"https:\/\/www.masteritaly.com\/fr\/wp-json\/wp\/v2\/types\/page"}],"author":[{"embeddable":true,"href":"https:\/\/www.masteritaly.com\/fr\/wp-json\/wp\/v2\/users\/4"}],"replies":[{"embeddable":true,"href":"https:\/\/www.masteritaly.com\/fr\/wp-json\/wp\/v2\/comments?post=64697"}],"version-history":[{"count":8,"href":"https:\/\/www.masteritaly.com\/fr\/wp-json\/wp\/v2\/pages\/64697\/revisions"}],"predecessor-version":[{"id":77793,"href":"https:\/\/www.masteritaly.com\/fr\/wp-json\/wp\/v2\/pages\/64697\/revisions\/77793"}],"wp:attachment":[{"href":"https:\/\/www.masteritaly.com\/fr\/wp-json\/wp\/v2\/media?parent=64697"}],"curies":[{"name":"wp","href":"https:\/\/api.w.org\/{rel}","templated":true}]}}