{"id":68010,"date":"2020-07-30T10:13:37","date_gmt":"2020-07-30T08:13:37","guid":{"rendered":"https:\/\/www.masteritaly.com\/?page_id=68010"},"modified":"2021-05-12T13:34:46","modified_gmt":"2021-05-12T11:34:46","slug":"traitement-antibacterien","status":"publish","type":"page","link":"https:\/\/www.masteritaly.com\/fr\/traitement-antibacterien\/","title":{"rendered":"MASTERShield\u00ae: traitement antibact\u00e9rien"},"content":{"rendered":"<h2><img loading=\"lazy\" decoding=\"async\" class=\"alignnone wp-image-68048 \" src=\"https:\/\/www.masteritaly.com\/wp-content\/uploads\/2020\/07\/Annotazione-2020-07-24-104917.jpg\" alt=\"Annotazione-2020-07-24-104917\" width=\"608\" height=\"84\" srcset=\"https:\/\/www.masteritaly.com\/wp-content\/uploads\/2020\/07\/Annotazione-2020-07-24-104917.jpg 760w, https:\/\/www.masteritaly.com\/wp-content\/uploads\/2020\/07\/Annotazione-2020-07-24-104917-300x41.jpg 300w\" sizes=\"auto, (max-width: 608px) 100vw, 608px\" \/><\/h2>\n<h2><strong>L\u2019importance de l\u2019hygi\u00e8ne des mains, lignes directrices de l\u2019ISS<\/strong><\/h2>\n<p>Sur les mains, de tr\u00e8s nombreux germes se d\u00e9posent; une petite partie se compose de microorganismes non<br \/>\npathog\u00e8nes, qui vivent normalement sur la peau sans danger pour l\u2019homme. Mais ceux-ci peuvent s\u2019accompagner<br \/>\nde virus et de bact\u00e9ries qui circulent dans l\u2019air ou avec lesquels nous entrons en contact en touchant les surfaces<br \/>\nles plus diverses.<\/p>\n<h2><\/h2>\n<h2><strong>Une question de responsabilit\u00e9, aujourd\u2019hui plus que jamais<\/strong><\/h2>\n<p> <\/p>\n<div class=\"post-entry\">Le <strong>groupe Master<\/strong> est leader dans la fabrication et la commercialisation d\u2019accessoires pour menuiseries ; sur nos lignes de poign\u00e9es, de b\u00e9quilles et de cr\u00e9mones nous avons donc mis au point une solution qui offre une protection active pr\u00e9cis\u00e9ment aux endroits les plus pertinents, \u00e0 savoir sur les surfaces les plus en contact<br \/>\navec les mains.<br \/>\nLe <strong>traitement MASTERShield\u00ae<\/strong> combat imm\u00e9diatementet de fa\u00e7on durable la prolif\u00e9ration microbienne ; il est\u00a0 particuli\u00e8rement indiqu\u00e9 dans les h\u00f4pitaux, les \u00e9coles, les sites industriels ou structures r\u00e9cr\u00e9atives, \u00e0 savoir sur<br \/>\ntous les lieux \u00e0 forte fr\u00e9quentation. Les microorganismes sont en effet pr\u00e9sents partout, et constituent bien souvent un s\u00e9rieux probl\u00e8me pour la construction et l\u2019entretien de certaines infrastructures, notamment \u00e0 usage public et\/ou sanitaire.<\/div>\n<div class=\"post-entry\">Le <strong>traitement MASTERShield\u00ae<\/strong> contribue activement au maintien des r\u00e8gles d\u2019hygi\u00e8ne gr\u00e2ce \u00e0 son action<br \/>\nantimicrobienne ; de plus, les produits trait\u00e9s avec MASTERShield\u00ae n\u2019exigent pas d\u2019entretien particulier et<br \/>\nsont adapt\u00e9s \u00e0 un usage fr\u00e9quent et prolong\u00e9.<\/div>\n<p><img loading=\"lazy\" decoding=\"async\" class=\"wp-image-68054 alignnone\" src=\"https:\/\/www.masteritaly.com\/wp-content\/uploads\/2020\/07\/maniglie-con-trattamento-antibatterico.jpg\" alt=\"maniglie-con-trattamento-antibatterico\" width=\"704\" height=\"324\" srcset=\"https:\/\/www.masteritaly.com\/wp-content\/uploads\/2020\/07\/maniglie-con-trattamento-antibatterico.jpg 940w, https:\/\/www.masteritaly.com\/wp-content\/uploads\/2020\/07\/maniglie-con-trattamento-antibatterico-300x138.jpg 300w, https:\/\/www.masteritaly.com\/wp-content\/uploads\/2020\/07\/maniglie-con-trattamento-antibatterico-768x354.jpg 768w\" sizes=\"auto, (max-width: 704px) 100vw, 704px\" \/><\/p>\n<p> <\/p>\n<h2><strong>Principe de fonctionnement<\/strong><\/h2>\n<h2><\/h2>\n<p>Une surface jug\u00e9e propre visuellement n\u2019est pas la garantie de qualit\u00e9 tant sur le plan chimique que microbiologique, l\u2019efficacit\u00e9 du nettoyage diminue de plus avec le temps, une meilleure protection est donc n\u00e9cessaire.<br \/>\nLes surfaces en g\u00e9n\u00e9ral sont en effet sujettes \u00e0 la formation du biofilm (structure visqueuse d\u2019origine organique compos\u00e9e d\u2019autres bact\u00e9ries, sels naturels, algues) qui prot\u00e8ge les microorganismes. Les microorganismes, comprenant bact\u00e9ries, champignons, myc\u00e8tes et virus, contribuent \u00e0 la d\u00e9t\u00e9rioration des surfaces.<\/p>\n<p><strong>Le traitement MasterShield\u00ae utilise une technologie particuli\u00e8re pour la production de peinture en poudre, qui apporte aux rev\u00eatements une plus haute r\u00e9sistance \u00e0 la prolif\u00e9ration des microorganismes. <\/strong><\/p>\n<p>Plus pr\u00e9cis\u00e9ment, cette technologie apporte une protection active bas\u00e9e sur l\u2019\u00e9mission d\u2019ions d\u2019argent qui, en raison du processus d\u2019oxydation, garantissent dans le temps un effet antibact\u00e9rien permanent, en emp\u00eachant les microorganismes de se d\u00e9velopper et de se multiplier.<\/p>\n<p>L\u2019utilisation du traitement MasterShield\u00ae permet d\u2019obtenir de nombreux autres b\u00e9n\u00e9fices, en particulier:<\/p>\n<p>\u2022 Une meilleure protection du substrat (aluminium, zamak, acier, etc.)<br \/>\n\u2022 Une am\u00e9lioration de l\u2019impact visuel de la finition (couleur, brillance, structure, etc.)<\/p>\n<p> <\/p>\n<p style=\"text-align: center;\"><a class=\"button\" href=\"https:\/\/www.masteritaly.com\/wp-content\/uploads\/2020\/07\/MASTER-SHIELD_FRA.pdf\">\u00a0D\u00c9COUVREZ PLUS <\/a><\/p>\n<h2><\/h2>\n<p> <\/p>\n<h2><strong>Les essais de laboratoire<\/strong><\/h2>\n<p>Selon les essais r\u00e9alis\u00e9s au Centro Analisi Monza, un an apr\u00e8s son application, le traitement garde ses propri\u00e9t\u00e9s du premier jour, sans que la protection ne soit alt\u00e9r\u00e9e par des nettoyages ou l\u2019utilisation de produits interf\u00e9rents.<\/p>\n<p><strong>Les surfaces trait\u00e9es avec MasterShield\u00ae :<\/strong><\/p>\n<ul>\n<li>Conservent un tr\u00e8s bas niveau de germes pr\u00e9sents sur la surface du film appliqu\u00e9 sur les supports ;<\/li>\n<li>Conservent une hygi\u00e8ne excellente ;<\/li>\n<li>R\u00e9sistent ais\u00e9ment aux proc\u00e9d\u00e9s de\u00a0nettoyage hygi\u00e9nique actuels.<\/li>\n<\/ul>\n<p> <\/p>\n<p><img loading=\"lazy\" decoding=\"async\" class=\"alignnone wp-image-68084 \" src=\"https:\/\/www.masteritaly.com\/wp-content\/uploads\/2020\/07\/MASTERSHIELD-TEST-di-Laboratorio-1.jpg\" alt=\"MASTERSHIELD-TEST-di-Laboratorio-1\" width=\"680\" height=\"497\" srcset=\"https:\/\/www.masteritaly.com\/wp-content\/uploads\/2020\/07\/MASTERSHIELD-TEST-di-Laboratorio-1.jpg 922w, https:\/\/www.masteritaly.com\/wp-content\/uploads\/2020\/07\/MASTERSHIELD-TEST-di-Laboratorio-1-300x219.jpg 300w, https:\/\/www.masteritaly.com\/wp-content\/uploads\/2020\/07\/MASTERSHIELD-TEST-di-Laboratorio-1-768x561.jpg 768w\" sizes=\"auto, (max-width: 680px) 100vw, 680px\" \/><\/p>\n<h2><\/h2>\n<h2><strong>Param\u00e8tres de r\u00e9sistance \u00e0 la corrosion par type de finition<\/strong><\/h2>\n<p> <\/p>\n<p><strong>L\u2019utilisation du traitement MASTERShield\u00ae permet d\u2019obtenir <\/strong>une meilleure protection du substrat avec une <strong>augmentation des param\u00e8tres de r\u00e9sistance \u00e0 la corrosion <\/strong>atteint la <strong>CLASSE 4 <\/strong>sur toutes les finitions.<\/p>\n<p><img loading=\"lazy\" decoding=\"async\" class=\"wp-image-68376 \" src=\"https:\/\/www.masteritaly.com\/wp-content\/uploads\/2020\/07\/Param\u00e8tres-de-r\u00e9sistance-\u00e0-la-corrosion-.jpg\" alt=\"Param\u00e8tres-de-r\u00e9sistance-\u00e0-la-corrosion-\" width=\"749\" height=\"528\" srcset=\"https:\/\/www.masteritaly.com\/wp-content\/uploads\/2020\/07\/Param\u00e8tres-de-r\u00e9sistance-\u00e0-la-corrosion-.jpg 801w, https:\/\/www.masteritaly.com\/wp-content\/uploads\/2020\/07\/Param\u00e8tres-de-r\u00e9sistance-\u00e0-la-corrosion--300x212.jpg 300w, https:\/\/www.masteritaly.com\/wp-content\/uploads\/2020\/07\/Param\u00e8tres-de-r\u00e9sistance-\u00e0-la-corrosion--768x542.jpg 768w\" sizes=\"auto, (max-width: 749px) 100vw, 749px\" \/><\/p>\n<p> <\/p>\n<p> <\/p>\n<p style=\"text-align: center;\"><a class=\"button\" href=\"https:\/\/www.masteritaly.com\/wp-content\/uploads\/2020\/07\/MASTER-SHIELD_FRA.pdf\">T\u00e9l\u00e9charger ici<br \/>\n<\/a><\/p>\n<p> <\/p>\n<p> <\/p>\n<p> <\/p>\n<p> <\/p>\n","protected":false},"excerpt":{"rendered":"<p>L\u2019importance de l\u2019hygi\u00e8ne des mains, lignes directrices de l\u2019ISS Sur les mains, de tr\u00e8s nombreux germes se d\u00e9posent; une petite partie se compose de microorganismes non pathog\u00e8nes, qui vivent normalement sur la peau sans danger pour l\u2019homme. Mais ceux-ci peuvent s\u2019accompagner de virus et de bact\u00e9ries qui circulent dans l\u2019air ou avec lesquels nous entrons [\u2026]<\/p>\n","protected":false},"author":4,"featured_media":0,"parent":0,"menu_order":0,"comment_status":"closed","ping_status":"closed","template":"template-landing-page.php","meta":{"_acf_changed":false,"footnotes":""},"class_list":["post-68010","page","type-page","status-publish","hentry"],"acf":[],"aioseo_notices":[],"publishpress_future_action":{"enabled":false,"date":"2026-04-29 23:16:22","action":"change-status","newStatus":"draft","terms":[],"taxonomy":"translation_priority","extraData":[]},"publishpress_future_workflow_manual_trigger":{"enabledWorkflows":[]},"_links":{"self":[{"href":"https:\/\/www.masteritaly.com\/fr\/wp-json\/wp\/v2\/pages\/68010","targetHints":{"allow":["GET"]}}],"collection":[{"href":"https:\/\/www.masteritaly.com\/fr\/wp-json\/wp\/v2\/pages"}],"about":[{"href":"https:\/\/www.masteritaly.com\/fr\/wp-json\/wp\/v2\/types\/page"}],"author":[{"embeddable":true,"href":"https:\/\/www.masteritaly.com\/fr\/wp-json\/wp\/v2\/users\/4"}],"replies":[{"embeddable":true,"href":"https:\/\/www.masteritaly.com\/fr\/wp-json\/wp\/v2\/comments?post=68010"}],"version-history":[{"count":11,"href":"https:\/\/www.masteritaly.com\/fr\/wp-json\/wp\/v2\/pages\/68010\/revisions"}],"predecessor-version":[{"id":77784,"href":"https:\/\/www.masteritaly.com\/fr\/wp-json\/wp\/v2\/pages\/68010\/revisions\/77784"}],"wp:attachment":[{"href":"https:\/\/www.masteritaly.com\/fr\/wp-json\/wp\/v2\/media?parent=68010"}],"curies":[{"name":"wp","href":"https:\/\/api.w.org\/{rel}","templated":true}]}}