{"id":89322,"date":"2020-07-24T13:05:36","date_gmt":"2020-07-24T11:05:36","guid":{"rendered":"https:\/\/www.masteritaly.com\/verniciatura-antibatterica\/"},"modified":"2022-01-24T16:52:52","modified_gmt":"2022-01-24T15:52:52","slug":"powloka-antybakteryjna","status":"publish","type":"page","link":"https:\/\/www.masteritaly.com\/pl\/powloka-antybakteryjna\/","title":{"rendered":"MASTERShield-pow\u0142oka antybakteryjna"},"content":{"rendered":"<h2><img loading=\"lazy\" decoding=\"async\" class=\"alignnone wp-image-68048 \" src=\"https:\/\/www.masteritaly.com\/wp-content\/uploads\/2020\/07\/Annotazione-2020-07-24-104917.jpg\" alt=\"Annotazione-2020-07-24-104917\" width=\"608\" height=\"84\" srcset=\"https:\/\/www.masteritaly.com\/wp-content\/uploads\/2020\/07\/Annotazione-2020-07-24-104917.jpg 760w, https:\/\/www.masteritaly.com\/wp-content\/uploads\/2020\/07\/Annotazione-2020-07-24-104917-300x41.jpg 300w\" sizes=\"auto, (max-width: 608px) 100vw, 608px\" \/><\/h2>\n<h2><strong>Znaczenie higieny d\u0142oni. Wytyczne WHO<\/strong><\/h2>\n<p>D\u0142onie s\u0105 siedliskiem zarazk\u00f3w. Tylko niewielki ich odsetek stanowi\u0105 niepatogenne mikroorganizmy, kt\u00f3re normalnie bytuj\u0105 na sk\u00f3rze i s\u0105 nieszkodliwe. Opr\u00f3cz nich istniej\u0105 r\u00f3wnie\u017c wirusy i bakterie, kt\u00f3re kr\u0105\u017c\u0105 w powietrzu lub z kt\u00f3rymi stykamy si\u0119 poprzez dotykanie r\u00f3\u017cnych powierzchni.<\/p>\n<h2>Dzi\u015b bardziej ni\u017c kiedykolwiek jest to kwestia odpowiedzialno\u015bci<\/h2>\n<div class=\"post-entry\">\n<p>Firma <strong>Master<\/strong>, lider w bran\u017cy <strong>produkcji i sprzeda\u017cy akcesori\u00f3w do stolarki aluminiowej<\/strong>, stara si\u0119 by\u0107 coraz bli\u017cej potrzeb u\u017cytkownik\u00f3w swoich produkt\u00f3w. Dlatego w naszych liniach <strong>klamek zastosowali\u015bmy rozwi\u0105zanie<\/strong>, kt\u00f3re zapewnia aktywn\u0105 ochron\u0119 tam, gdzie jest ona najbardziej potrzebna \u2013 na powierzchniach maj\u0105cych najwi\u0119kszy kontakt z naszymi d\u0142o\u0144mi.<\/p>\n<p><strong>Pow\u0142oka MASTERShield\u00ae<\/strong> w natychmiastowy i trwa\u0142y spos\u00f3b przeciwdzia\u0142a <strong>rozwojowi mikroorganizm\u00f3w<\/strong> i jest szczeg\u00f3lnie zalecana do stosowania w szpitalach, szko\u0142ach, kompleksach przemys\u0142owych lub obiektach rekreacyjnych, czyli we wszystkich miejscach o du\u017cym nat\u0119\u017ceniu ruchu. <strong>Mikroorganizmy<\/strong> s\u0105 obecne wsz\u0119dzie i cz\u0119sto stanowi\u0105 powa\u017cny problem przy budowie i utrzymaniu niekt\u00f3rych typ\u00f3w infrastruktury, zw\u0142aszcza tych przeznaczonych do u\u017cytku publicznego i\/lub sanitarnego.<\/p>\n<p><strong>Pow\u0142oka MASTERShield\u00ae<\/strong> dzi\u0119ki swojemu <strong>dzia\u0142aniu antybakteryjnemu<\/strong> aktywnie przyczynia si\u0119 do utrzymania <strong>standard\u00f3w higienicznych<\/strong>. Ponadto produkty z pow\u0142ok\u0105 <strong>MASTERShield\u00ae<\/strong> nie wymagaj\u0105 specjalnej konserwacji oraz nadaj\u0105 si\u0119 do cz\u0119stego i d\u0142ugotrwa\u0142ego u\u017cytkowania.<\/p>\n<p> <\/p>\n<\/div>\n<p><img loading=\"lazy\" decoding=\"async\" class=\"wp-image-68054 aligncenter\" src=\"https:\/\/www.masteritaly.com\/wp-content\/uploads\/2020\/07\/maniglie-con-trattamento-antibatterico.jpg\" alt=\"maniglie-con-trattamento-antibatterico\" width=\"704\" height=\"324\" srcset=\"https:\/\/www.masteritaly.com\/wp-content\/uploads\/2020\/07\/maniglie-con-trattamento-antibatterico.jpg 940w, https:\/\/www.masteritaly.com\/wp-content\/uploads\/2020\/07\/maniglie-con-trattamento-antibatterico-300x138.jpg 300w, https:\/\/www.masteritaly.com\/wp-content\/uploads\/2020\/07\/maniglie-con-trattamento-antibatterico-768x354.jpg 768w\" sizes=\"auto, (max-width: 704px) 100vw, 704px\" \/><\/p>\n<p> <\/p>\n<h2>Jak dzia\u0142a pow\u0142oka antybakteryjna?<\/h2>\n<p>Powierzchnia, kt\u00f3ra jest oceniana jako wizualnie czysta, nie daje gwarancji odpowiedniej jako\u015bci czysto\u015bci ani z chemicznego, ani z mikrobiologicznego punktu widzenia. Ponadto z biegiem czasu zmniejsza si\u0119 skuteczno\u015b\u0107 jej czyszczenia, dlatego potrzebna jest lepsza ochrona. Zasadniczo na wszystkich rodzajach powierzchni z biegiem lat tworzy si\u0119 biofilm (<em>lepka struktura pochodzenia organicznego sk\u0142adaj\u0105ca si\u0119 z pewnych rodzaj\u00f3w bakterii, soli naturalnych, alg<\/em>), kt\u00f3ry mo\u017ce sprzyja\u0107 rozwojowi mikroorganizm\u00f3w, w tym bakterii, grzyb\u00f3w, ple\u015bni i wirus\u00f3w, przyczyniaj\u0105cych si\u0119 do niszczenia powierzchni.<\/p>\n<p><strong>Pow\u0142oka MASTERShield\u00ae wykorzystuje specjaln\u0105 technologi\u0119 do produkcji farby proszkowej, kt\u00f3ra nadaje powierzchniom wi\u0119ksz\u0105 odporno\u015b\u0107 na namna\u017canie si\u0119 mikroorganizm\u00f3w.<\/strong><\/p>\n<p>Technologia ta zapewnia aktywn\u0105 ochron\u0119 opart\u0105 na emisji jon\u00f3w srebra, kt\u00f3ra dzi\u0119ki procesowi utleniania gwarantuje trwa\u0142y efekt antybakteryjny.<\/p>\n<p>Zastosowanie<strong> pow\u0142oki MASTERShield\u00ae<\/strong> pozwala uzyska\u0107 wiele innych<strong> korzy\u015bci<\/strong>, s\u0105 to w szczeg\u00f3lno\u015bci:<\/p>\n<ul>\n<li>Lepsze zabezpieczenie materia\u0142u (aluminium, znalu, stali itp.)<\/li>\n<li>Poprawa estetyki wyko\u0144czenia (koloru, po\u0142ysku, struktury itp.)<\/li>\n<\/ul>\n<p> <\/p>\n<p style=\"text-align: center;\"><a class=\"button\" href=\"https:\/\/www.masteritaly.com\/wp-content\/uploads\/2020\/07\/MASTER-SHIELD_ENG-1.pdf\">\u00a0ODKRYJ WI\u0118CEJ!<\/a><\/p>\n<p> <\/p>\n<h2><\/h2>\n<h2><\/h2>\n<h2>Testy laboratoryjne<\/h2>\n<p>Na podstawie bada\u0144 przeprowadzonych w Centro Analisi di Monza stwierdzono, \u017ce po roku u\u017cytkowania pow\u0142oka ma takie same w\u0142a\u015bciwo\u015bci jak na pocz\u0105tku \u2013 poziom ochrony nie obni\u017ca si\u0119 w wyniku czyszczenia powierzchni lub stosowania substancji maj\u0105cych potencjalny wp\u0142yw na dzia\u0142anie pow\u0142oki.<\/p>\n<p>Powierzchnie z <strong>pow\u0142ok\u0105 MASTERShield\u00ae<\/strong>:<\/p>\n<ul>\n<li>Utrzymuj\u0105 bardzo niski poziom zarazk\u00f3w obecnych na powierzchni materia\u0142\u00f3w powlekaj\u0105cych pod\u0142o\u017ce;<\/li>\n<li>Zachowuj\u0105 doskona\u0142\u0105 higien\u0119;<\/li>\n<li>Charakteryzuj\u0105 si\u0119 dobr\u0105 odporno\u015bci\u0105 na aktualnie stosowane zwyk\u0142e procesy czyszczenia higienicznego.<\/li>\n<\/ul>\n<p> <\/p>\n<p><img loading=\"lazy\" decoding=\"async\" class=\"wp-image-68084 aligncenter\" src=\"https:\/\/www.masteritaly.com\/wp-content\/uploads\/2020\/07\/MASTERSHIELD-TEST-di-Laboratorio-1.jpg\" alt=\"MASTERSHIELD-TEST-di-Laboratorio-1\" width=\"680\" height=\"497\" srcset=\"https:\/\/www.masteritaly.com\/wp-content\/uploads\/2020\/07\/MASTERSHIELD-TEST-di-Laboratorio-1.jpg 922w, https:\/\/www.masteritaly.com\/wp-content\/uploads\/2020\/07\/MASTERSHIELD-TEST-di-Laboratorio-1-300x219.jpg 300w, https:\/\/www.masteritaly.com\/wp-content\/uploads\/2020\/07\/MASTERSHIELD-TEST-di-Laboratorio-1-768x561.jpg 768w\" sizes=\"auto, (max-width: 680px) 100vw, 680px\" \/><\/p>\n<h2><\/h2>\n<h2>Parametry odporno\u015bci na korozj\u0119 wed\u0142ug rodzaju wyko\u0144czenia<\/h2>\n<p> <\/p>\n<p><strong>Pow\u0142oka MASTERShield\u00ae<\/strong> zastosowana na r\u00f3\u017cnych wyko\u0144czeniach znacz\u0105co poprawia ich odporno\u015b\u0107 na <strong>korozj\u0119 poprzez zwi\u0119kszenie<\/strong> ochrony pod\u0142o\u017ca, podwy\u017cszaj\u0105c <strong>parametry odporno\u015bciowe do KLASY 4<\/strong> na wszystkich kolorach.<\/p>\n<p><img loading=\"lazy\" decoding=\"async\" class=\"wp-image-68218 aligncenter\" src=\"https:\/\/www.masteritaly.com\/wp-content\/uploads\/2020\/07\/resistenza-alla-corrosione-eng.jpg\" alt=\"resistenza-alla-corrosione-eng\" width=\"727\" height=\"495\" srcset=\"https:\/\/www.masteritaly.com\/wp-content\/uploads\/2020\/07\/resistenza-alla-corrosione-eng.jpg 1022w, https:\/\/www.masteritaly.com\/wp-content\/uploads\/2020\/07\/resistenza-alla-corrosione-eng-300x204.jpg 300w, https:\/\/www.masteritaly.com\/wp-content\/uploads\/2020\/07\/resistenza-alla-corrosione-eng-768x523.jpg 768w\" sizes=\"auto, (max-width: 727px) 100vw, 727px\" \/><\/p>\n<p> <\/p>\n<p style=\"text-align: center;\"><a class=\"button\" href=\"https:\/\/www.masteritaly.com\/wp-content\/uploads\/2020\/07\/MASTER-SHIELD_ENG-1.pdf\"><strong>POBIERZ NASZ\u0104 BROSZUR\u0118<\/strong><\/a><\/p>\n<p> <\/p>\n<p>Postanowili\u015bmy zaoferowa\u0107 bezp\u0142atnie na okres <strong>6 miesi\u0119cy pow\u0142ok\u0119 antybakteryjn\u0105 MASTERShield\u00ae na wszystkie dostawy akcesori\u00f3w dla zam\u00f3wie\u0144 publicznych<\/strong>.<\/p>\n<p>Potrzebujesz wi\u0119cej informacji? Skontaktuj si\u0119 tutaj z naszym lokalnym przedstawicielem<\/p>\n<p> <\/p>\n","protected":false},"excerpt":{"rendered":"<p>Znaczenie higieny d\u0142oni. Wytyczne WHO D\u0142onie s\u0105 siedliskiem zarazk\u00f3w. Tylko niewielki ich odsetek stanowi\u0105 niepatogenne mikroorganizmy, kt\u00f3re normalnie bytuj\u0105 na sk\u00f3rze i s\u0105 nieszkodliwe. Opr\u00f3cz nich istniej\u0105 r\u00f3wnie\u017c wirusy i bakterie, kt\u00f3re kr\u0105\u017c\u0105 w powietrzu lub z kt\u00f3rymi stykamy si\u0119 poprzez dotykanie r\u00f3\u017cnych powierzchni. Dzi\u015b bardziej ni\u017c kiedykolwiek jest to kwestia odpowiedzialno\u015bci Firma Master, lider [\u2026]<\/p>\n","protected":false},"author":4,"featured_media":0,"parent":0,"menu_order":0,"comment_status":"closed","ping_status":"closed","template":"template-landing-page.php","meta":{"_acf_changed":false,"footnotes":""},"class_list":["post-89322","page","type-page","status-publish","hentry"],"acf":[],"aioseo_notices":[],"publishpress_future_action":{"enabled":false,"date":"2026-04-28 18:34:13","action":"change-status","newStatus":"draft","terms":[],"taxonomy":"translation_priority","extraData":[]},"publishpress_future_workflow_manual_trigger":{"enabledWorkflows":[]},"_links":{"self":[{"href":"https:\/\/www.masteritaly.com\/pl\/wp-json\/wp\/v2\/pages\/89322","targetHints":{"allow":["GET"]}}],"collection":[{"href":"https:\/\/www.masteritaly.com\/pl\/wp-json\/wp\/v2\/pages"}],"about":[{"href":"https:\/\/www.masteritaly.com\/pl\/wp-json\/wp\/v2\/types\/page"}],"author":[{"embeddable":true,"href":"https:\/\/www.masteritaly.com\/pl\/wp-json\/wp\/v2\/users\/4"}],"replies":[{"embeddable":true,"href":"https:\/\/www.masteritaly.com\/pl\/wp-json\/wp\/v2\/comments?post=89322"}],"version-history":[{"count":8,"href":"https:\/\/www.masteritaly.com\/pl\/wp-json\/wp\/v2\/pages\/89322\/revisions"}],"predecessor-version":[{"id":89327,"href":"https:\/\/www.masteritaly.com\/pl\/wp-json\/wp\/v2\/pages\/89322\/revisions\/89327"}],"wp:attachment":[{"href":"https:\/\/www.masteritaly.com\/pl\/wp-json\/wp\/v2\/media?parent=89322"}],"curies":[{"name":"wp","href":"https:\/\/api.w.org\/{rel}","templated":true}]}}