{"id":91807,"date":"2018-10-16T11:23:53","date_gmt":"2018-10-16T09:23:53","guid":{"rendered":"https:\/\/www.masteritaly.com\/programma-anta-ribalta\/"},"modified":"2022-04-11T15:12:48","modified_gmt":"2022-04-11T13:12:48","slug":"program-ween","status":"publish","type":"page","link":"https:\/\/www.masteritaly.com\/pl\/program-ween\/","title":{"rendered":"Program WEEN"},"content":{"rendered":"<p>Wprowadzenie <strong>modu\u0142owej i kompletnej gamy produkt\u00f3w, zwi\u0119kszenie no\u015bno\u015bci, \u0142atwo\u015b\u0107 i intuicyjno\u015b\u0107 monta\u017cu oraz wyra\u017any \u201ezielony\u201d<\/strong> charakter sprawiaj\u0105, \u017ce Ween stanowi odpowied\u017a na najwa\u017cniejsze wymagania wsp\u00f3\u0142czesnych rynk\u00f3w stolarki okienno-drzwiowej i wzornictwa, kt\u00f3re coraz cz\u0119\u015bciej musz\u0105 stawia\u0107 czo\u0142a zapotrzebowaniu na bardzo du\u017ce powierzchnie szklane i wysokie parametry energetyczne.<\/p>\n<p><strong>Nazwa Ween to po\u0142\u0105czenie dw\u00f3ch s\u0142\u00f3w \u2013 Windows i Green \u2013 w jedn\u0105 koncepcj\u0119 produktow\u0105<\/strong>, poniewa\u017c firma Master nieustannie rozwija swoje zaanga\u017cowanie ekologiczne, mi\u0119dzy innymi podpisuj\u0105c dobrowoln\u0105 umow\u0119 z <strong>Ministerstwem Przemian Ekologicznych<\/strong>, w kt\u00f3rej jako pierwsza firma z bran\u017cy akcesori\u00f3w do stolarki okienno-drzwiowej zobowi\u0105zuje si\u0119 do okre\u015blenia metodologii obliczania emisji CO2, aby umo\u017cliwi\u0107 opracowanie i przygotowanie dzia\u0142a\u0144 naprawczych oraz ukierunkowanych na redukcj\u0119 emisji w procesie produkcji komponent\u00f3w.<\/p>\n<p><strong>Intuicyjno\u015b\u0107, kompletno\u015b\u0107 gamy<\/strong> i etyka s\u0105 zatem g\u0142\u00f3wnymi sk\u0142adnikami wyr\u00f3\u017cniaj\u0105cymi wspania\u0142y projekt i wielk\u0105 pasj\u0119, w oparciu o kt\u00f3re powsta\u0142 ten produkt.<\/p>\n<p> <\/p>\n<h3>Dlaczego warto wybra\u0107 Ween<\/h3>\n<hr \/>\n<p><strong>Prostota i intuicyjno\u015b\u0107<\/strong><br \/>\n1. Szablony u\u0142atwiaj\u0105ce monta\u017c;<br \/>\n2. Dodatkowy zestaw rygluj\u0105cy montowany w miejscu instalacji bez konieczno\u015bci demonta\u017cu skrzyd\u0142a;<br \/>\n3. Monta\u017c i regulacje przeprowadzane przy u\u017cyciu tylko dw\u00f3ch narz\u0119dzi;<br \/>\n4. Zawias dolny z trzema niezale\u017cnymi regulacjami: wysoko\u015b\u0107 +\/- 2 mm; szczelina +\/-1 mm; docisk \u2013 0,5 mm;<br \/>\n5. Rami\u0119 z regulacj\u0105 docisku (dost\u0119pn\u0105 w po\u0142o\u017ceniu rozwiernym\/uchylnym);<br \/>\n6. Regulacja docisku (+\/- 2,5 mm) za pomoc\u0105 regulowanych zaczep\u00f3w.<\/p>\n<p><strong>Kompaktowo\u015b\u0107 i wytrzyma\u0142o\u015b\u0107<\/strong><br \/>\n1. No\u015bno\u015b\u0107 160 kg po zastosowaniu jednej dodatkowej \u015bruby na g\u00f3rnym zawiasie;<br \/>\n2. No\u015bno\u015b\u0107 100 kg bez dodatkowej \u015bruby;<br \/>\n3. Trzy standardowe punkty ryglowania po stronie klamki;<br \/>\n4. Certyfikacja zgodnie z norm\u0105 UNI EN 13126-8:2006;<br \/>\n5. Wspornik skrzyd\u0142a z mosi\u0119\u017cn\u0105 rolk\u0105 w standardzie.<\/p>\n<p><strong>Kompletna i modu\u0142owa gama produkt\u00f3w<\/strong><br \/>\n1. Mo\u017cliwo\u015b\u0107 stosowania z klamkami typu cremonese i martellina, w wersji z kluczem i bez klucza;<br \/>\n2. Dost\u0119pny w wersji \u201euchy\u0142 przed rozwarciem\u201d (Logica) oraz w wersji tradycyjnej z zabezpieczeniem g\u00f3rnym przed nieprawid\u0142owym otwarciem: na klamce i na mechanizmie jednokierunkowym;<br \/>\n3. Niewielka liczba artyku\u0142\u00f3w umo\u017cliwiaj\u0105ca zaspokojenie szerokiego zakresu potrzeb realizacyjnych;<br \/>\n4. Jeden dodatkowy zestaw rygluj\u0105cy po stronie zawias\u00f3w i poziomej poprzeczki;<br \/>\n5. Mo\u017cliwo\u015b\u0107 zastosowania dodatkowego ramienia dla L>1200 mm;<br \/>\n6. Mo\u017cliwo\u015b\u0107 dostosowania do obni\u017conych prog\u00f3w w celu likwidacji barier architektonicznych;<br \/>\n7. Akcesoria do skrzyd\u0142a side-by-side umo\u017cliwiaj\u0105 tak\u0105 sam\u0105 regulacj\u0119 jak Zestaw R\/U;<br \/>\n8. Zawiasy symetryczne;<br \/>\n9. Mo\u017cliwo\u015b\u0107 dostosowania do wszystkich wersji eurorowk\u00f3w (CE) o\u015bcie\u017cnic nak\u0142adanych dost\u0119pnych na rynku.<\/p>\n<p><strong>Etyka i filozofia green<\/strong><br \/>\n1. Podlega monitorowaniu wp\u0142ywu na \u015brodowisko przez ca\u0142y cykl \u017cycia (LCA);<br \/>\n2. Wchodzi w zakres umowy z Ministerstwem Przemian Ekologicznych, maj\u0105cej na celu ograniczenie \u015bladu<br \/>\n\u015brodowiskowego.<\/p>\n<p> <\/p>\n<p><a class=\"button\" href=\"https:\/\/www.masteritaly.com\/wp-content\/uploads\/2022\/03\/PROGRAMMA-WEEN-2022_rev_25_03.pdf\" target=\"_blank\" rel=\"noopener\">POBIERZ BROSZUR\u0118<\/a><\/p>\n<p><a class=\"button\" href=\"https:\/\/www.masteritaly.com\/catalogo\/pl\/shop\/ween\/\">PRZEJD\u0179 DO KATALOGU<\/a><\/p>\n<p> <\/p>\n<hr \/>\n<h4><strong>WEEN HIDE 110: Nowy program zawias\u00f3w chowanych z k\u0105tem otwarcia 110\u00b0<\/strong><\/h4>\n<p>Zawias WEEN HIDE 110 zosta\u0142 zaprojektowany w taki spos\u00f3b, aby jego no\u015bno\u015b\u0107 przy k\u0105cie otwarcia 110\u00b0 wynosi\u0142a 120 kg, przy czym zastosowanie specjalnego wspornika umo\u017cliwia zwi\u0119kszenie no\u015bno\u015bci do 150 kg. Szybki i prosty monta\u017c dzi\u0119ki systemowi szybkiego monta\u017cu oraz zawiasowi wieloprzegubowemu umo\u017cliwiaj\u0105cemu regulacj\u0119 3D.<\/p>\n<p> <\/p>\n<p><a class=\"button\" href=\"https:\/\/www.masteritaly.com\/wp-content\/uploads\/2018\/10\/Ween_Hide_110.pdf\" target=\"_blank\" rel=\"noopener\">POBIERZ BROSZUR\u0118<\/a><\/p>\n<p><a class=\"button\" href=\"https:\/\/www.masteritaly.com\/catalogo\/shop\/ween-hide-110\/\">PRZEJD\u0179 DO KATALOGU<\/a><\/p>\n<hr \/>\n<h4><strong>WEEN HIDE 180: Nowy program zawias\u00f3w chowanych z k\u0105tem otwarcia 180\u00b0<\/strong><\/h4>\n<p>Zawias WEEN HIDE 180 zosta\u0142 zaprojektowany w taki spos\u00f3b, aby jego no\u015bno\u015b\u0107 przy k\u0105cie otwarcia 180\u00b0 wynosi\u0142a 130 kg, przy czym zastosowanie ogranicznika otwarcia umo\u017cliwia zwi\u0119kszenie no\u015bno\u015bci do 150 kg. Szybki i prosty monta\u017c dzi\u0119ki systemowi szybkiego monta\u017cu, regulacja 3D oraz d\u017awignie ze stali nierdzewnej zapewniaj\u0105ce najwy\u017csz\u0105 trwa\u0142o\u015b\u0107.<\/p>\n<p><a class=\"button\" href=\"https:\/\/www.masteritaly.com\/wp-content\/uploads\/2022\/04\/WH180_NEW_WEB.pdf\" target=\"_blank\" rel=\"noopener\">POBIERZ BROSZUR\u0118<\/a><\/p>\n<p><a class=\"button\" href=\"https:\/\/www.masteritaly.com\/catalogo\/pl\/shop\/ween-hide-180\/\">PRZEJD\u0179 DO KATALOGU<\/a><\/p>\n","protected":false},"excerpt":{"rendered":"<p>Wprowadzenie modu\u0142owej i kompletnej gamy produkt\u00f3w, zwi\u0119kszenie no\u015bno\u015bci, \u0142atwo\u015b\u0107 i intuicyjno\u015b\u0107 monta\u017cu oraz wyra\u017any \u201ezielony\u201d charakter sprawiaj\u0105, \u017ce Ween stanowi odpowied\u017a na najwa\u017cniejsze wymagania wsp\u00f3\u0142czesnych rynk\u00f3w stolarki okienno-drzwiowej i wzornictwa, kt\u00f3re coraz cz\u0119\u015bciej musz\u0105 stawia\u0107 czo\u0142a zapotrzebowaniu na bardzo du\u017ce powierzchnie szklane i wysokie parametry energetyczne. Nazwa Ween to po\u0142\u0105czenie dw\u00f3ch s\u0142\u00f3w \u2013 Windows i [\u2026]<\/p>\n","protected":false},"author":1,"featured_media":0,"parent":0,"menu_order":0,"comment_status":"closed","ping_status":"closed","template":"template-landing-page.php","meta":{"_acf_changed":false,"footnotes":""},"class_list":["post-91807","page","type-page","status-publish","hentry"],"acf":[],"aioseo_notices":[],"publishpress_future_action":{"enabled":false,"date":"2026-04-21 17:07:54","action":"change-status","newStatus":"draft","terms":[],"taxonomy":"translation_priority","extraData":[]},"publishpress_future_workflow_manual_trigger":{"enabledWorkflows":[]},"_links":{"self":[{"href":"https:\/\/www.masteritaly.com\/pl\/wp-json\/wp\/v2\/pages\/91807","targetHints":{"allow":["GET"]}}],"collection":[{"href":"https:\/\/www.masteritaly.com\/pl\/wp-json\/wp\/v2\/pages"}],"about":[{"href":"https:\/\/www.masteritaly.com\/pl\/wp-json\/wp\/v2\/types\/page"}],"author":[{"embeddable":true,"href":"https:\/\/www.masteritaly.com\/pl\/wp-json\/wp\/v2\/users\/1"}],"replies":[{"embeddable":true,"href":"https:\/\/www.masteritaly.com\/pl\/wp-json\/wp\/v2\/comments?post=91807"}],"version-history":[{"count":7,"href":"https:\/\/www.masteritaly.com\/pl\/wp-json\/wp\/v2\/pages\/91807\/revisions"}],"predecessor-version":[{"id":91811,"href":"https:\/\/www.masteritaly.com\/pl\/wp-json\/wp\/v2\/pages\/91807\/revisions\/91811"}],"wp:attachment":[{"href":"https:\/\/www.masteritaly.com\/pl\/wp-json\/wp\/v2\/media?parent=91807"}],"curies":[{"name":"wp","href":"https:\/\/api.w.org\/{rel}","templated":true}]}}