{"id":80741,"date":"2018-09-12T18:29:34","date_gmt":"2018-09-12T16:29:34","guid":{"rendered":"https:\/\/www.masteritaly.com\/certificazioni-accessori-serramenti-alluminio\/"},"modified":"2021-09-02T13:00:46","modified_gmt":"2021-09-02T11:00:46","slug":"urun-sertifikalari","status":"publish","type":"page","link":"https:\/\/www.masteritaly.com\/tr\/urun-sertifikalari\/","title":{"rendered":"\u00dcr\u00fcn sertifikalar\u0131"},"content":{"rendered":"","protected":false},"excerpt":{"rendered":"","protected":false},"author":1,"featured_media":0,"parent":0,"menu_order":0,"comment_status":"closed","ping_status":"closed","template":"page-certificazioni.php","meta":{"_acf_changed":false,"footnotes":""},"class_list":["post-80741","page","type-page","status-publish","hentry"],"acf":[],"aioseo_notices":[],"publishpress_future_action":{"enabled":false,"date":"2026-04-20 19:42:11","action":"change-status","newStatus":"draft","terms":[],"taxonomy":"translation_priority","extraData":[]},"publishpress_future_workflow_manual_trigger":{"enabledWorkflows":[]},"_links":{"self":[{"href":"https:\/\/www.masteritaly.com\/tr\/wp-json\/wp\/v2\/pages\/80741","targetHints":{"allow":["GET"]}}],"collection":[{"href":"https:\/\/www.masteritaly.com\/tr\/wp-json\/wp\/v2\/pages"}],"about":[{"href":"https:\/\/www.masteritaly.com\/tr\/wp-json\/wp\/v2\/types\/page"}],"author":[{"embeddable":true,"href":"https:\/\/www.masteritaly.com\/tr\/wp-json\/wp\/v2\/users\/1"}],"replies":[{"embeddable":true,"href":"https:\/\/www.masteritaly.com\/tr\/wp-json\/wp\/v2\/comments?post=80741"}],"version-history":[{"count":3,"href":"https:\/\/www.masteritaly.com\/tr\/wp-json\/wp\/v2\/pages\/80741\/revisions"}],"predecessor-version":[{"id":82502,"href":"https:\/\/www.masteritaly.com\/tr\/wp-json\/wp\/v2\/pages\/80741\/revisions\/82502"}],"wp:attachment":[{"href":"https:\/\/www.masteritaly.com\/tr\/wp-json\/wp\/v2\/media?parent=80741"}],"curies":[{"name":"wp","href":"https:\/\/api.w.org\/{rel}","templated":true}]}}