{"id":89324,"date":"2020-07-24T13:05:36","date_gmt":"2020-07-24T11:05:36","guid":{"rendered":"https:\/\/www.masteritaly.com\/verniciatura-antibatterica\/"},"modified":"2022-01-24T16:36:21","modified_gmt":"2022-01-24T15:36:21","slug":"antibakteriyel-islem","status":"publish","type":"page","link":"https:\/\/www.masteritaly.com\/tr\/antibakteriyel-islem\/","title":{"rendered":"MASTERShield \u2013 antibakteriyel i\u015flem"},"content":{"rendered":"<h2><img loading=\"lazy\" decoding=\"async\" class=\"alignnone wp-image-68048 \" src=\"https:\/\/www.masteritaly.com\/wp-content\/uploads\/2020\/07\/Annotazione-2020-07-24-104917.jpg\" alt=\"Annotazione-2020-07-24-104917\" width=\"608\" height=\"84\" srcset=\"https:\/\/www.masteritaly.com\/wp-content\/uploads\/2020\/07\/Annotazione-2020-07-24-104917.jpg 760w, https:\/\/www.masteritaly.com\/wp-content\/uploads\/2020\/07\/Annotazione-2020-07-24-104917-300x41.jpg 300w\" sizes=\"auto, (max-width: 608px) 100vw, 608px\" \/><\/h2>\n<h2>Ellerde hijyenin \u00f6nemi. WHO y\u00f6nlendirici ilkeleri.<\/h2>\n<p>Eller tam bir mikrop cennetidir. Normalde deri \u00fczerinde zarar vermeden bar\u0131nan patojen i\u00e7ermeyen mikroorganizmalar bunun k\u00fc\u00e7\u00fck bir y\u00fczdesini olu\u015fturur. Ancak, havada dola\u015fan ve \u00e7e\u015fitli y\u00fczeylere dokundu\u011fumuzda temas etti\u011fimiz vir\u00fcs ve bakteriler bunlara eklenebilir.<\/p>\n<h2>G\u00fcn\u00fcm\u00fczde bu durum hi\u00e7 olmad\u0131\u011f\u0131 kadar bir sorumluluk meselesi<\/h2>\n<div class=\"post-entry\">\n<p><strong>Al\u00fcminyum kap\u0131 ve pencere aksesuarlar\u0131<\/strong> \u00fcretim ve sat\u0131\u015f\u0131nda lider kurulu\u015f olan <strong>Master\u2019da<\/strong> bizler \u00fcr\u00fcnlerimizin kullan\u0131c\u0131lar\u0131n\u0131n ihtiya\u00e7lar\u0131na daima yak\u0131n duruyoruz. <strong>Bundan dolay\u0131, kol, dirsekli kol ve eksenel dilli<\/strong> kol serilerimizde bu uygulaman\u0131n kesinlikle gerekli oldu\u011fu yerlerde, di\u011fer bir deyi\u015fle ellerimizle daha fazla temas eden y\u00fczeylerde koruma sunabilen bir \u00e7\u00f6z\u00fcm\u00fc uygulamaya koyduk.<\/p>\n<p><strong>MASTERShield\u00ae<\/strong> i\u015flemi <strong>mikroplar\u0131n \u00e7o\u011falmas\u0131n\u0131<\/strong> an\u0131nda ve uzun s\u00fcreli engeller ve \u00f6zellikle hastaneler, okullar, sanayi kompleksleri veya e\u011flence yap\u0131lar\u0131 ya da s\u0131k ziyaret edilen her yer i\u00e7in \u00f6zellikle uygundur. <strong>Mikroorganizmalar<\/strong> asl\u0131nda her yerde mevcutturlar ve \u00f6zellikle halk kullan\u0131m\u0131na y\u00f6nelik ve\/veya s\u0131hhi olanlar olmak \u00fczere baz\u0131 altyap\u0131lar\u0131n yap\u0131m\u0131nda ve korunmas\u0131nda s\u0131kl\u0131kla ciddi bir sorun olu\u015ftururlar.<\/p>\n<p><strong>MASTERShield\u00ae i\u015flemi<\/strong>, <strong>antimikrobiyal<\/strong> etkisi sayesinde <strong>hijyen standartlar\u0131n\u0131n<\/strong> korunmas\u0131na etkin bir \u015fekilde katk\u0131da bulunur. Ayr\u0131ca, <strong>MASTERShield\u00ae<\/strong> ile i\u015flem g\u00f6ren \u00fcr\u00fcnler \u00f6zel bak\u0131m gerektirmezler ve s\u0131k, uzun s\u00fcreli kullan\u0131ma uygundurlar.<\/p>\n<p> <\/p>\n<\/div>\n<p><img loading=\"lazy\" decoding=\"async\" class=\"wp-image-68054 aligncenter\" src=\"https:\/\/www.masteritaly.com\/wp-content\/uploads\/2020\/07\/maniglie-con-trattamento-antibatterico.jpg\" alt=\"maniglie-con-trattamento-antibatterico\" width=\"704\" height=\"324\" srcset=\"https:\/\/www.masteritaly.com\/wp-content\/uploads\/2020\/07\/maniglie-con-trattamento-antibatterico.jpg 940w, https:\/\/www.masteritaly.com\/wp-content\/uploads\/2020\/07\/maniglie-con-trattamento-antibatterico-300x138.jpg 300w, https:\/\/www.masteritaly.com\/wp-content\/uploads\/2020\/07\/maniglie-con-trattamento-antibatterico-768x354.jpg 768w\" sizes=\"auto, (max-width: 704px) 100vw, 704px\" \/><\/p>\n<p> <\/p>\n<h2>Antibakteriyel i\u015flem nas\u0131l \u00e7al\u0131\u015f\u0131yor?<\/h2>\n<h2><\/h2>\n<p>G\u00f6r\u00fcnt\u00fcde temiz olan bir y\u00fczey gerek kimyasal, gerekse mikrobiyolojik a\u00e7\u0131dan gereken temizlik kalitesini sunmayabilir. Bunun yan\u0131 s\u0131ra, temizleme verimi zaman i\u00e7inde d\u00fc\u015fer, bundan dolay\u0131 daha fazla koruma gerektirir. Asl\u0131nda genel olarak y\u00fczeyler, bu y\u00fczeylerin bozulmas\u0131na katk\u0131da bulunan bakteriler, mantarlar, k\u00fcfler ve vir\u00fcslerin aralar\u0131nda bulundu\u011fu mikroorganizmalara kar\u015f\u0131 koruma sunabilecek nitelikte bir biyofilm <em>(di\u011fer bakteriler, do\u011fal tuzlar, alglerden olu\u015fan organik k\u00f6kenli viskoz yap\u0131)<\/em> olu\u015fumuna maruz kal\u0131rlar.<\/p>\n<p><strong>MASTERShield\u00ae i\u015flemi, kaplamalara mikroorganizmalar\u0131n \u00e7o\u011falmas\u0131na kar\u015f\u0131 \u00fcst\u00fcn bir dayan\u0131m \u00f6zelli\u011fi kazand\u0131ran, toz boya \u00fcretimine y\u00f6nelik \u00f6zel bir teknolojiden yararlan\u0131r.<\/strong><\/p>\n<p>Daha ayr\u0131nt\u0131l\u0131 olarak bu teknoloji, oksidasyon prosesi sayesinde zaman i\u00e7inde de\u011fi\u015fmeyen antibakteriyel etki kazand\u0131ran g\u00fcm\u00fc\u015f iyonlar\u0131n\u0131n yay\u0131lmas\u0131n\u0131 temel alan etkin bir koruma sunar.<\/p>\n<p><strong>MASTERShield\u00ae i\u015flemi<\/strong> kullan\u0131ld\u0131\u011f\u0131nda ba\u015fka<strong> faydalar<\/strong> da elde edilir, \u00f6zellikle:<\/p>\n<ul>\n<li>S\u00fcbstrat (al\u00fcminyum, zamak, \u00e7elik, vb.) korumas\u0131nda art\u0131\u015f<\/li>\n<li>Perdah\u0131n estetik etkisinde (renk, parlakl\u0131k, yap\u0131, vb.) iyile\u015fme<\/li>\n<\/ul>\n<p> <\/p>\n<p style=\"text-align: center;\"><a class=\"button\">Daha fazla bilgi <\/a><\/p>\n<p> <\/p>\n<h2><\/h2>\n<h2><\/h2>\n<h2>Laboratuvar testleri<\/h2>\n<p>Monza Analiz Merkezi taraf\u0131ndan yap\u0131lan testlere g\u00f6re, uygulanmas\u0131ndan bir yol sonra bu y\u00fczey i\u015flemi, temizlik i\u015flemlerinden veya etki yapan maddelerin kullan\u0131lmas\u0131ndan etkilenmeden ilk g\u00fcnk\u00fc \u00f6zelliklerini korumaktad\u0131r.<\/p>\n<p><strong>MASTERShield\u00ae i\u015flemi<\/strong> uygulanan y\u00fczeylerde:<\/p>\n<ul>\n<li>Desteklerin \u00fczerine uygulanan s\u0131ralar\u0131n y\u00fczeylerinde bulunan mikrop seviyesi \u00e7ok d\u00fc\u015f\u00fck d\u00fczeyde kal\u0131r,<\/li>\n<li>Hijyen en uygun seviyede korunur,<\/li>\n<li>Normal ge\u00e7erli hijyenik temizlik i\u015flemlerine kar\u015f\u0131 kolayl\u0131kla dayan\u0131m elde edilebilir.<\/li>\n<\/ul>\n<p> <\/p>\n<p><img loading=\"lazy\" decoding=\"async\" class=\"wp-image-68084 aligncenter\" src=\"https:\/\/www.masteritaly.com\/wp-content\/uploads\/2020\/07\/MASTERSHIELD-TEST-di-Laboratorio-1.jpg\" alt=\"MASTERSHIELD-TEST-di-Laboratorio-1\" width=\"680\" height=\"497\" srcset=\"https:\/\/www.masteritaly.com\/wp-content\/uploads\/2020\/07\/MASTERSHIELD-TEST-di-Laboratorio-1.jpg 922w, https:\/\/www.masteritaly.com\/wp-content\/uploads\/2020\/07\/MASTERSHIELD-TEST-di-Laboratorio-1-300x219.jpg 300w, https:\/\/www.masteritaly.com\/wp-content\/uploads\/2020\/07\/MASTERSHIELD-TEST-di-Laboratorio-1-768x561.jpg 768w\" sizes=\"auto, (max-width: 680px) 100vw, 680px\" \/><\/p>\n<h2><\/h2>\n<h2>Perdah tipine g\u00f6re korozyona dayan\u0131m parametreleri<\/h2>\n<p> <\/p>\n<p>\u00c7e\u015fitli perdahlara uygulanan <strong>MASTERShield\u00ae i\u015flemi<\/strong>,<strong> s\u00fcbstrat korumas\u0131ndaki art\u0131\u015f sayesinde<\/strong>, t\u00fcm renklerde dayan\u0131m <strong>parametrelerini SINIF 4 d\u00fczeyine \u00e7\u0131kararak<\/strong>, y\u00fczeyin korozyona kar\u015f\u0131 dayan\u0131m\u0131n\u0131 kayda de\u011fer d\u00fczeyde iyile\u015ftirir.<\/p>\n<p><img loading=\"lazy\" decoding=\"async\" class=\"wp-image-68218 aligncenter\" src=\"https:\/\/www.masteritaly.com\/wp-content\/uploads\/2020\/07\/resistenza-alla-corrosione-eng.jpg\" alt=\"resistenza-alla-corrosione-eng\" width=\"727\" height=\"495\" srcset=\"https:\/\/www.masteritaly.com\/wp-content\/uploads\/2020\/07\/resistenza-alla-corrosione-eng.jpg 1022w, https:\/\/www.masteritaly.com\/wp-content\/uploads\/2020\/07\/resistenza-alla-corrosione-eng-300x204.jpg 300w, https:\/\/www.masteritaly.com\/wp-content\/uploads\/2020\/07\/resistenza-alla-corrosione-eng-768x523.jpg 768w\" sizes=\"auto, (max-width: 727px) 100vw, 727px\" \/><\/p>\n<p> <\/p>\n<p> <\/p>\n<p style=\"text-align: center;\"><a class=\"button\" href=\"https:\/\/www.masteritaly.com\/wp-content\/uploads\/2020\/07\/MASTER-SHIELD_ENG-1.pdf\">Bro\u015f\u00fcr\u00fc indirin <\/a><\/p>\n<p> <\/p>\n<p><strong>Halka d\u00f6n\u00fck sipari\u015flerde t\u00fcm aksesuar tedariklerinde antibakteriyel MASTERShield\u00ae i\u015flemini 6 ayl\u0131k<\/strong> bir s\u00fcre i\u00e7in \u00fccretsiz sunmaya karar verdik.<\/p>\n<p>Daha fazla bilgi almak ister misiniz? Bulundu\u011funuz b\u00f6lgeyle buradan ileti\u015fime ge\u00e7in<\/p>\n","protected":false},"excerpt":{"rendered":"<p>Ellerde hijyenin \u00f6nemi. WHO y\u00f6nlendirici ilkeleri. Eller tam bir mikrop cennetidir. Normalde deri \u00fczerinde zarar vermeden bar\u0131nan patojen i\u00e7ermeyen mikroorganizmalar bunun k\u00fc\u00e7\u00fck bir y\u00fczdesini olu\u015fturur. Ancak, havada dola\u015fan ve \u00e7e\u015fitli y\u00fczeylere dokundu\u011fumuzda temas etti\u011fimiz vir\u00fcs ve bakteriler bunlara eklenebilir. G\u00fcn\u00fcm\u00fczde bu durum hi\u00e7 olmad\u0131\u011f\u0131 kadar bir sorumluluk meselesi Al\u00fcminyum kap\u0131 ve pencere aksesuarlar\u0131 \u00fcretim ve [\u2026]<\/p>\n","protected":false},"author":4,"featured_media":0,"parent":0,"menu_order":0,"comment_status":"closed","ping_status":"closed","template":"template-landing-page.php","meta":{"_acf_changed":false,"footnotes":""},"class_list":["post-89324","page","type-page","status-publish","hentry"],"acf":[],"aioseo_notices":[],"publishpress_future_action":{"enabled":false,"date":"2026-04-25 22:55:50","action":"change-status","newStatus":"draft","terms":[],"taxonomy":"translation_priority","extraData":[]},"publishpress_future_workflow_manual_trigger":{"enabledWorkflows":[]},"_links":{"self":[{"href":"https:\/\/www.masteritaly.com\/tr\/wp-json\/wp\/v2\/pages\/89324","targetHints":{"allow":["GET"]}}],"collection":[{"href":"https:\/\/www.masteritaly.com\/tr\/wp-json\/wp\/v2\/pages"}],"about":[{"href":"https:\/\/www.masteritaly.com\/tr\/wp-json\/wp\/v2\/types\/page"}],"author":[{"embeddable":true,"href":"https:\/\/www.masteritaly.com\/tr\/wp-json\/wp\/v2\/users\/4"}],"replies":[{"embeddable":true,"href":"https:\/\/www.masteritaly.com\/tr\/wp-json\/wp\/v2\/comments?post=89324"}],"version-history":[{"count":5,"href":"https:\/\/www.masteritaly.com\/tr\/wp-json\/wp\/v2\/pages\/89324\/revisions"}],"predecessor-version":[{"id":89360,"href":"https:\/\/www.masteritaly.com\/tr\/wp-json\/wp\/v2\/pages\/89324\/revisions\/89360"}],"wp:attachment":[{"href":"https:\/\/www.masteritaly.com\/tr\/wp-json\/wp\/v2\/media?parent=89324"}],"curies":[{"name":"wp","href":"https:\/\/api.w.org\/{rel}","templated":true}]}}