{"id":91809,"date":"2018-10-16T11:23:53","date_gmt":"2018-10-16T09:23:53","guid":{"rendered":"https:\/\/www.masteritaly.com\/programma-anta-ribalta\/"},"modified":"2022-04-11T15:12:52","modified_gmt":"2022-04-11T13:12:52","slug":"ween-programi","status":"publish","type":"page","link":"https:\/\/www.masteritaly.com\/tr\/ween-programi\/","title":{"rendered":"WEEN program\u0131"},"content":{"rendered":"<p>Mod\u00fcler ve eksiksiz bir \u00fcr\u00fcn <strong>gam\u0131n\u0131n piyasaya s\u00fcr\u00fclmesi, kapasite art\u0131\u015f\u0131, montajda basitlik ve kolayl\u0131k, \u201cye\u015fil\u201d olarak<\/strong> adland\u0131r\u0131lan niteli\u011fi, \u00e7ok geni\u015f cam y\u00fczeyler ve y\u00fcksek enerji performanslar\u0131 y\u00f6n\u00fcnde giderek artan talebi kar\u015f\u0131lamak zorunda oldu\u011funda, Ween \u00fcr\u00fcnlerinin kap\u0131 ve pencere piyasalar\u0131n\u0131n ve tasar\u0131m\u0131n g\u00fcn\u00fcm\u00fczdeki temel ihtiya\u00e7lar\u0131na verilen yan\u0131t olmas\u0131n\u0131 sa\u011fl\u0131yor.<\/p>\n<p><strong>Ween ad\u0131 pencere ve ye\u015fil s\u00f6zc\u00fcklerinin \u0130ngilizceleri olan Windows ve Green<\/strong> s\u00f6zc\u00fcklerinin tek bir \u00fcr\u00fcn konseptinde birle\u015fmesinden geliyor \u00e7\u00fcnk\u00fc Master firmas\u0131, kap\u0131 ve pencere aksesuarlar\u0131 sekt\u00f6r\u00fcndeki ilk \u015firket olarak <strong>Ekolojik D\u00f6n\u00fc\u015f\u00fcm Bakanl\u0131\u011f\u0131<\/strong> ile imzalayarak taahh\u00fct etti\u011fi ye\u015file d\u00f6n\u00fck s\u00f6z\u00fcn\u00fc tutmaya devam ederek, bile\u015fenlerinin \u00fcretiminde iyile\u015ftirici ve azalt\u0131c\u0131 eylemleri tasarlayabilmek ve haz\u0131rlayabilmek i\u00e7in CO2 emisyonlar\u0131n\u0131 hesaplamaya y\u00f6nelik bir y\u00f6ntemi tan\u0131ml\u0131yor.<\/p>\n<p> <\/p>\n<p>Kolayl\u0131k, \u00fcr\u00fcn gam\u0131n\u0131n eksiksizli\u011fi ve<strong> etik art\u0131k bu \u00fcr\u00fcn\u00fcn ard\u0131ndaki muazzam tasar\u0131m<\/strong> ve tutkuyu vurgulayan temel katk\u0131 maddeleri.<\/p>\n<p> <\/p>\n<h3>Neden Ween \u00fcr\u00fcn\u00fcn\u00fc tercih etmelisiniz?<\/h3>\n<hr \/>\n<p><strong>Basitlik ve kolayl\u0131k<\/strong><br \/>\n1. Referans \u015fablonlarla yard\u0131ml\u0131 montaj.<br \/>\n2. Kanad\u0131 s\u00f6kmeye gerek kalmadan \u015fantiyede uygulanabilen ilave kapatma kiti.<br \/>\n3. Yaln\u0131zca iki tak\u0131mla ger\u00e7ekle\u015ftirilebilen montaj ve ayarlar.<br \/>\n4. +\/- 2mm y\u00fckseklik; +\/-1mm a\u00e7\u0131kl\u0131k, \u2013 0,5mm bask\u0131 olmak \u00fczere \u00fc\u00e7 ba\u011f\u0131ms\u0131z ayara sahip alt mente\u015fe.<br \/>\n5. Bask\u0131 ayarl\u0131 kol (kanatl\u0131\/\u00e7ift a\u00e7\u0131l\u0131ml\u0131 konumda kilitle ula\u015f\u0131labilir).<br \/>\n6. Ayarlanabilen kar\u015f\u0131 par\u00e7alarla bask\u0131 ayar\u0131 (+\/- 2,5 mm).<\/p>\n<p><strong>Kompakt ve dayan\u0131kl\u0131\u00a0<\/strong><br \/>\n1. \u00dcst mente\u015feye yaln\u0131zca bir ilave vida uygulayarak 160 Kg kapasite.<br \/>\n2. \u0130lave vida uygulamadan 100 Kg kapasite.<br \/>\n3. Eksenel dilli kol taraf\u0131nda standart \u00fc\u00e7 adet kapatma noktas\u0131.<br \/>\n4. UNI EN 13126-8:2006 standard\u0131na uygunluk sertifikas\u0131.<br \/>\n5. Standart pirin\u00e7 makaralarla \u00e7ubuk deste\u011fi.<\/p>\n<p><strong>Eksiksiz ve mod\u00fcler \u00fcr\u00fcn gam\u0131<\/strong><br \/>\n1. Anahtarl\u0131 veya anahtars\u0131z versiyonlarda eksenel dilli kollar ve di\u011fer kollarla kullanabilme.<br \/>\n2. Mant\u0131ksal ve geleneksel manevra versiyonlar\u0131nda, \u00fcstte yanl\u0131\u015f manevra \u00f6nleme \u00f6zelli\u011fiyle: eksenel dilli kollarda ve tek y\u00f6nl\u00fc cihazlarda.<br \/>\n3. \u00c7ok \u00e7e\u015fitli ihtiya\u00e7lar\u0131 kar\u015f\u0131lamak i\u00e7in az say\u0131da par\u00e7a.<br \/>\n4. Mente\u015fe taraf\u0131nda tek ilave kapatma kiti ve yatay travers.<br \/>\n5. L>1200 mm i\u00e7in ilave kol uygulama olana\u011f\u0131.<br \/>\n6. Mimari bariyerleri azaltmak i\u00e7in indirilmi\u015f e\u015fiklere uyum sa\u011flama \u00f6zelli\u011fi.<br \/>\n7. Yan yana kanatlarda A\/R Kit ayarlar\u0131na olanak tan\u0131yan aksesuarlar.<br \/>\n8. Simetrik mente\u015feler.<br \/>\n9. Piyasada bulunan t\u00fcm bindirmeli Avrupa odac\u0131k s\u00fcr\u00fcmlerine uyum sa\u011flama.<\/p>\n<p><strong>Etik ve ye\u015fil<\/strong><br \/>\n1. T\u00fcm \u00f6m\u00fcr d\u00f6ng\u00fcs\u00fc boyunca \u00e7evre \u00fczerinde etki izlemesine tabi (LCA).<br \/>\n2. \u00c7evre \u00fczerindeki izi azaltmaya y\u00f6nelik Ekolojik D\u00f6n\u00fc\u015f\u00fcm Bakanl\u0131\u011f\u0131yla anla\u015fmaya kat\u0131l\u0131m.<\/p>\n<p> <\/p>\n<p><a class=\"button\" href=\"https:\/\/www.masteritaly.com\/wp-content\/uploads\/2022\/03\/PROGRAMMA-WEEN-2022_rev_25_03.pdf\" target=\"_blank\" rel=\"noopener\">BRO\u015e\u00dcR\u00dcN \u0130ND\u0130R\u0130N<\/a><\/p>\n<p><a class=\"button\" href=\"https:\/\/www.masteritaly.com\/catalogo\/tr\/shop\/ween\/\">\u00c7evrimi\u00e7i katalo\u011fa<\/a><\/p>\n<p> <\/p>\n<hr \/>\n<h4>WEEN HIDE 110: Gizli ve 110\u00b0 a\u00e7\u0131lan mente\u015felere sahip yeni program<\/h4>\n<p>WEEN HIDE 110, 110\u00b0 a\u00e7\u0131lma durumunda 120 kg\u2019a kadar kapasiteye sahip olacak \u015fekilde tasarlanm\u0131\u015ft\u0131r ve \u00f6zel destekle 150 kg\u2019a kadar ula\u015fabilir. 3 boyutlu ayar yapmaya olanak tan\u0131yan birden \u00e7ok ba\u011flant\u0131l\u0131 mente\u015fe ve h\u0131zl\u0131 montaj sistemi sayesinde kolay ve h\u0131zl\u0131 bir \u015fekilde tak\u0131l\u0131r.<\/p>\n<p><a class=\"button\" href=\"https:\/\/www.masteritaly.com\/wp-content\/uploads\/2018\/10\/Ween_Hide_110.pdf\" target=\"_blank\" rel=\"noopener\">BRO\u015e\u00dcR\u00dcN \u0130ND\u0130R\u0130N<\/a><\/p>\n<p><a class=\"button\" href=\"https:\/\/www.masteritaly.com\/catalogo\/tr\/shop\/ween-hide-110\/?\">Katalo\u011fa gidin<\/a><\/p>\n<hr \/>\n<h4>WEEN HIDE 180: Gizli ve 180\u00b0 a\u00e7\u0131lan mente\u015felere sahip yeni program<\/h4>\n<p>WEEN HIDE 180, 180\u00b0 a\u00e7\u0131lma durumunda 130 kg\u2019a kadar kapasiteye sahip olacak \u015fekilde tasarlanm\u0131\u015ft\u0131r ve a\u00e7\u0131lma s\u0131n\u0131rlay\u0131c\u0131yla 150 kg\u2019a kadar ula\u015fabilir. H\u0131zl\u0131 montaj sistemi, 3 boyutlu ayar olana\u011f\u0131 ve azami dayan\u0131kl\u0131l\u0131k elde etmek i\u00e7in paslanmaz \u00e7elik kollar\u0131 sayesinde kolay ve h\u0131zl\u0131 bir \u015fekilde tak\u0131l\u0131r.<\/p>\n<p><a class=\"button\" href=\"https:\/\/www.masteritaly.com\/wp-content\/uploads\/2022\/04\/WH180_NEW_WEB.pdf\" target=\"_blank\" rel=\"noopener\">BRO\u015e\u00dcR\u00dcN \u0130ND\u0130R\u0130N<\/a><\/p>\n<p><a class=\"button\" href=\"https:\/\/www.masteritaly.com\/catalogo\/tr\/shop\/ween-hide-180\/\">Katalo\u011fa gidin<\/a><\/p>\n","protected":false},"excerpt":{"rendered":"<p>Mod\u00fcler ve eksiksiz bir \u00fcr\u00fcn gam\u0131n\u0131n piyasaya s\u00fcr\u00fclmesi, kapasite art\u0131\u015f\u0131, montajda basitlik ve kolayl\u0131k, \u201cye\u015fil\u201d olarak adland\u0131r\u0131lan niteli\u011fi, \u00e7ok geni\u015f cam y\u00fczeyler ve y\u00fcksek enerji performanslar\u0131 y\u00f6n\u00fcnde giderek artan talebi kar\u015f\u0131lamak zorunda oldu\u011funda, Ween \u00fcr\u00fcnlerinin kap\u0131 ve pencere piyasalar\u0131n\u0131n ve tasar\u0131m\u0131n g\u00fcn\u00fcm\u00fczdeki temel ihtiya\u00e7lar\u0131na verilen yan\u0131t olmas\u0131n\u0131 sa\u011fl\u0131yor. Ween ad\u0131 pencere ve ye\u015fil s\u00f6zc\u00fcklerinin \u0130ngilizceleri [\u2026]<\/p>\n","protected":false},"author":1,"featured_media":0,"parent":0,"menu_order":0,"comment_status":"closed","ping_status":"closed","template":"template-landing-page.php","meta":{"_acf_changed":false,"footnotes":""},"class_list":["post-91809","page","type-page","status-publish","hentry"],"acf":[],"aioseo_notices":[],"publishpress_future_action":{"enabled":false,"date":"2026-04-26 04:07:52","action":"change-status","newStatus":"draft","terms":[],"taxonomy":"translation_priority","extraData":[]},"publishpress_future_workflow_manual_trigger":{"enabledWorkflows":[]},"_links":{"self":[{"href":"https:\/\/www.masteritaly.com\/tr\/wp-json\/wp\/v2\/pages\/91809","targetHints":{"allow":["GET"]}}],"collection":[{"href":"https:\/\/www.masteritaly.com\/tr\/wp-json\/wp\/v2\/pages"}],"about":[{"href":"https:\/\/www.masteritaly.com\/tr\/wp-json\/wp\/v2\/types\/page"}],"author":[{"embeddable":true,"href":"https:\/\/www.masteritaly.com\/tr\/wp-json\/wp\/v2\/users\/1"}],"replies":[{"embeddable":true,"href":"https:\/\/www.masteritaly.com\/tr\/wp-json\/wp\/v2\/comments?post=91809"}],"version-history":[{"count":7,"href":"https:\/\/www.masteritaly.com\/tr\/wp-json\/wp\/v2\/pages\/91809\/revisions"}],"predecessor-version":[{"id":104569,"href":"https:\/\/www.masteritaly.com\/tr\/wp-json\/wp\/v2\/pages\/91809\/revisions\/104569"}],"wp:attachment":[{"href":"https:\/\/www.masteritaly.com\/tr\/wp-json\/wp\/v2\/media?parent=91809"}],"curies":[{"name":"wp","href":"https:\/\/api.w.org\/{rel}","templated":true}]}}